{"id":700369,"date":"2025-08-27T14:58:17","date_gmt":"2025-08-27T11:58:17","guid":{"rendered":"https:\/\/roveyayinevi.com.tr\/index.php\/urun\/cocugunuza-kulak-verin\/"},"modified":"2026-04-16T02:09:38","modified_gmt":"2026-04-15T23:09:38","slug":"cocugunuza-kulak-verin","status":"publish","type":"product","link":"https:\/\/roveyayinevi.com.tr\/index.php\/urun\/cocugunuza-kulak-verin\/","title":{"rendered":"\u00c7ocu\u011funuza Kulak Verin"},"content":{"rendered":"<p>\u00b7         \u00c7ocuklar\u0131n geli\u015fimine \u00f6d\u00fcls\u00fcz ve cezas\u0131z nas\u0131l destek olunur? \u00b7         \u00d6fke n\u00f6betlerine nas\u0131l tepki vermek gerekir? \u00b7         \u00c7ocu\u011funuz a\u011flad\u0131\u011f\u0131nda ne yapmal\u0131s\u0131n\u0131z? \u00b7         Oyuncak se\u00e7iminde nelere dikkat etmek gerekir? \u00c7ocu\u011funuza Kulak Verin, \u00e7ocuklar\u0131n 2 ila 8 ya\u015f aras\u0131 d\u00f6nemdeki geli\u015fimlerini, duygusal ihtiya\u00e7lar\u0131n\u0131 ve ebeveyn olman\u0131n zorluklar\u0131n\u0131 inceliyor. \u00c7ocuklar\u0131n\u0131z\u0131 daha iyi anlaman\u0131n, ki\u015fisel becerilerini dikkate alarak y\u00f6nlendirmenin ve onlarla sevgi dolu bir ba\u011f kurman\u0131n yollar\u0131n\u0131 g\u00f6steriyor. \u00d6d\u00fcl ve ceza olmadan, ba\u011f kurmaya odakl\u0131 ebeveynlik yakla\u015f\u0131m\u0131 i\u00e7in e\u015fsiz bir kaynak olan \u00c7ocu\u011funuza Kulak Verin, ara\u015ft\u0131rmalarla desteklenerek g\u00fcncellenen yeni bask\u0131s\u0131yla t\u00fcm anne babalara \u201c\u00c7ocuklar\u0131n\u0131z\u0131 mutlu b\u00fcy\u00fctmek i\u00e7in, kendi kurallar\u0131n\u0131za de\u011fil, \u00f6nce onlara kulak verin\u201d diyor. Mutlu bir hayat i\u00e7in siz de Aletha J. Solter\u2019a kulak verin! Aletha J. Solter Bilin\u00e7li Ebeveynlik konusunda d\u00fcnya \u00e7ap\u0131nda tan\u0131nm\u0131\u015f bir uzmand\u0131r. \u0130svi\u00e7re Cenevre \u00dcniversitesi\u2019nde insan biyolojisi mast\u0131r\u0131, California \u00dcniversitesi\u2019nde (Santa Barbara) psikoloji doktoras\u0131 yapan Solter, Aware Parenting Institute\u2019un (Bilin\u00e7li Ebeveynlik Enstit\u00fcs\u00fc) kurucusudur. \u0130ki \u00e7ocuk annesi olan Solter, d\u00fcnyan\u0131n pek \u00e7ok \u00fclkesindeki anne babalar ve profesyoneller i\u00e7in Bilin\u00e7li Ebeveynlik workshop\u2019lar\u0131 d\u00fczenlemektedir. Solter\u2019\u0131n Bilin\u00e7li Bebek, Oyun Oynama Sanat\u0131, A\u011flamalar ve \u00d6fke N\u00f6betleri ile Travma Ya\u015fayan \u00c7ocu\u011funuzu \u0130yile\u015ftirmek adl\u0131 kitaplar\u0131 da Do\u011fan Kitap taraf\u0131ndan yay\u0131mlanm\u0131\u015ft\u0131r.  <\/p>\n","protected":false},"excerpt":{"rendered":"<p>\u00b7 \u00c7ocuklar\u0131n geli\u015fimine \u00f6d\u00fcls\u00fcz ve cezas\u0131z nas\u0131l destek olunur? \u00b7 \u00d6fke n\u00f6betlerine nas\u0131l tepki vermek gerekir? \u00b7 \u00c7ocu\u011funuz a\u011flad\u0131\u011f\u0131nda ne yapmal\u0131s\u0131n\u0131z? \u00b7 Oyuncak se\u00e7iminde nelere dikkat<span class=\"excerpt-hellip\"> [\u2026]<\/span><\/p>\n","protected":false},"featured_media":0,"template":"","meta":{"_monsterinsights_skip_tracking":false,"_monsterinsights_sitenote_active":false,"_monsterinsights_sitenote_note":"","_monsterinsights_sitenote_category":0},"product_brand":[],"product_cat":[17996,12364],"product_tag":[],"class_list":{"0":"post-700369","1":"product","2":"type-product","3":"status-publish","5":"product_cat-ebeveyn-kitaplari","6":"product_cat-genel-konular","7":"pa_cilt-ciltsiz","8":"pa_tur-kitap","9":"pa_yayinevi-dogan-kitap","10":"pa_yazar-aletha-j-solter","12":"first","13":"instock","14":"sale","15":"shipping-taxable","16":"purchasable","17":"product-type-simple"},"_links":{"self":[{"href":"https:\/\/roveyayinevi.com.tr\/index.php\/wp-json\/wp\/v2\/product\/700369","targetHints":{"allow":["GET"]}}],"collection":[{"href":"https:\/\/roveyayinevi.com.tr\/index.php\/wp-json\/wp\/v2\/product"}],"about":[{"href":"https:\/\/roveyayinevi.com.tr\/index.php\/wp-json\/wp\/v2\/types\/product"}],"wp:attachment":[{"href":"https:\/\/roveyayinevi.com.tr\/index.php\/wp-json\/wp\/v2\/media?parent=700369"}],"wp:term":[{"taxonomy":"product_brand","embeddable":true,"href":"https:\/\/roveyayinevi.com.tr\/index.php\/wp-json\/wp\/v2\/product_brand?post=700369"},{"taxonomy":"product_cat","embeddable":true,"href":"https:\/\/roveyayinevi.com.tr\/index.php\/wp-json\/wp\/v2\/product_cat?post=700369"},{"taxonomy":"product_tag","embeddable":true,"href":"https:\/\/roveyayinevi.com.tr\/index.php\/wp-json\/wp\/v2\/product_tag?post=700369"}],"curies":[{"name":"wp","href":"https:\/\/api.w.org\/{rel}","templated":true}]}}