{"id":700367,"date":"2025-08-27T14:58:16","date_gmt":"2025-08-27T11:58:16","guid":{"rendered":"https:\/\/roveyayinevi.com.tr\/index.php\/urun\/rolativitenin-abcsi\/"},"modified":"2026-04-16T02:09:38","modified_gmt":"2026-04-15T23:09:38","slug":"rolativitenin-abcsi","status":"publish","type":"product","link":"https:\/\/roveyayinevi.com.tr\/index.php\/urun\/rolativitenin-abcsi\/","title":{"rendered":"R\u00f6lativitenin ABC&#8217;si"},"content":{"rendered":"<p>Yirminci y\u00fczy\u0131l\u0131n sava\u015f kar\u015f\u0131t\u0131 ve eylemci filozofu Russell\u2019\u0131n \u00f6nemli bir fizik kuram\u0131na matematiksel olmayan bir a\u00e7\u0131klama getirmi\u015f olmas\u0131, ku\u015fkusuz \u00e7ok b\u00fcy\u00fck bir sayg\u0131y\u0131 hak ediyor. O kurama kusursuz bir k\u0131lavuz olma \u00f6zelli\u011fini hala koruyan, ola\u011fan\u00fcst\u00fc bir yorum ve yaz\u0131n g\u00fcc\u00fcyle kaleme al\u0131nm\u0131\u015f bu eser, sunumu ve bi\u00e7emiyle, bug\u00fcn bilimin halk y\u0131\u011f\u0131nlar\u0131nca anla\u015f\u0131lmas\u0131n\u0131 olanakl\u0131 k\u0131lmak ad\u0131na heyecan verici anlat\u0131mlarla s\u00fcslenen kitaplardan, \u00f6l\u00e7\u00fcl\u00fc ve yal\u0131n fikirleriyle net bir bi\u00e7imde ayr\u0131lmaktad\u0131r. Russell\u2019\u0131n kitab\u0131n\u0131 okuyan herkes, esprili, duru ve zekice yaz\u0131lm\u0131\u015f metinden keyif alacak, r\u00f6lativite kuram\u0131n\u0131n \u00f6z\u00fcne n\u00fcfuz edecek ve temel fizik ilkelerini anlayabilecektir. Matematiksel bir anlat\u0131m i\u00e7ermeyen bu kitap, 1925 y\u0131l\u0131nda ilk kez bas\u0131ld\u0131\u011f\u0131nda ne denli de\u011ferli ise, \u015fimdi de o kadar de\u011ferlidir. <\/p>\n","protected":false},"excerpt":{"rendered":"<p>Yirminci y\u00fczy\u0131l\u0131n sava\u015f kar\u015f\u0131t\u0131 ve eylemci filozofu Russell\u2019\u0131n \u00f6nemli bir fizik kuram\u0131na matematiksel olmayan bir a\u00e7\u0131klama getirmi\u015f olmas\u0131, ku\u015fkusuz \u00e7ok b\u00fcy\u00fck bir sayg\u0131y\u0131 hak ediyor. O<span class=\"excerpt-hellip\"> [\u2026]<\/span><\/p>\n","protected":false},"featured_media":0,"template":"","meta":{"_monsterinsights_skip_tracking":false,"_monsterinsights_sitenote_active":false,"_monsterinsights_sitenote_note":"","_monsterinsights_sitenote_category":0},"product_brand":[],"product_cat":[12364],"product_tag":[],"class_list":{"0":"post-700367","1":"product","2":"type-product","3":"status-publish","5":"product_cat-genel-konular","6":"pa_cilt-ciltsiz","7":"pa_tur-kitap","8":"pa_yayinevi-say-yayinlari","9":"pa_yazar-bertrand-russell","11":"first","12":"instock","13":"sale","14":"shipping-taxable","15":"purchasable","16":"product-type-simple"},"_links":{"self":[{"href":"https:\/\/roveyayinevi.com.tr\/index.php\/wp-json\/wp\/v2\/product\/700367","targetHints":{"allow":["GET"]}}],"collection":[{"href":"https:\/\/roveyayinevi.com.tr\/index.php\/wp-json\/wp\/v2\/product"}],"about":[{"href":"https:\/\/roveyayinevi.com.tr\/index.php\/wp-json\/wp\/v2\/types\/product"}],"wp:attachment":[{"href":"https:\/\/roveyayinevi.com.tr\/index.php\/wp-json\/wp\/v2\/media?parent=700367"}],"wp:term":[{"taxonomy":"product_brand","embeddable":true,"href":"https:\/\/roveyayinevi.com.tr\/index.php\/wp-json\/wp\/v2\/product_brand?post=700367"},{"taxonomy":"product_cat","embeddable":true,"href":"https:\/\/roveyayinevi.com.tr\/index.php\/wp-json\/wp\/v2\/product_cat?post=700367"},{"taxonomy":"product_tag","embeddable":true,"href":"https:\/\/roveyayinevi.com.tr\/index.php\/wp-json\/wp\/v2\/product_tag?post=700367"}],"curies":[{"name":"wp","href":"https:\/\/api.w.org\/{rel}","templated":true}]}}