{"id":700366,"date":"2025-08-27T14:58:16","date_gmt":"2025-08-27T11:58:16","guid":{"rendered":"https:\/\/roveyayinevi.com.tr\/index.php\/urun\/cam-irmagi-tas-gemi\/"},"modified":"2026-04-16T02:09:37","modified_gmt":"2026-04-15T23:09:37","slug":"cam-irmagi-tas-gemi","status":"publish","type":"product","link":"https:\/\/roveyayinevi.com.tr\/index.php\/urun\/cam-irmagi-tas-gemi\/","title":{"rendered":"Cam Irma\u011f\u0131 Ta\u015f Gemi"},"content":{"rendered":"<p>Ta\u015f\u0131n boyanmas\u0131yd\u0131 \u00e2det olan, s\u0131ra boyamalara geldi. Yontucunun, kulland\u0131\u011f\u0131 boyalara g\u00fcveni sonsuzdu. As\u0131rlarca dayanacaklar\u0131n\u0131, solmayacaklar\u0131n\u0131, bamba\u015fka renklere d\u00f6n\u00fc\u015fmeyeceklerini biliyordu. Kimi bir deniz kabu\u011funun, kimi bir \u00e7\u00f6mlek par\u00e7as\u0131n\u0131n i\u00e7inde kar\u0131\u015ft\u0131rd\u0131 renkleri. \u0130stese, sonsuz say\u0131da renk elde edebilirdi. \u0130stemedi. Kimi i\u00e7 a\u00e7\u0131c\u0131, kimi kasvet verici, ama hepsi de canl\u0131 ve kal\u0131c\u0131 renklerle yetindi. G\u00f6zlerini karla hi\u00e7 ovmam\u0131\u015f kad\u0131nlar\u0131n \u00fclkesinde buz mavisi, ya\u011fmur grisi gibi, kar beyaz\u0131n\u0131n da olmazd\u0131 elbet ama renklerin en zor olan\u0131, kendisinden ba\u015fka b\u00fct\u00fcn renkleri yutan\u0131, renksizlik k\u0131lan\u0131, g\u00f6z yak\u0131c\u0131 \u00e7i\u011f beyaz bile onun duvar resimlerinde yumu\u015fad\u0131, uysalla\u015ft\u0131. Hacmini buldu, boyun e\u011fdi, renklerden bir renk oldu. En \u00e7ok da bir y\u0131ld\u0131z \u0131rma\u011f\u0131n\u0131n \u00fczerinde akan l\u00e2civert g\u00f6ky\u00fcz\u00fcn\u00fcn alt\u0131nda g\u00fczel durdu. \u00c7\u00fcnk\u00fc krali\u00e7e her defas\u0131nda y\u0131ld\u0131zl\u0131 g\u00f6k alt\u0131nda beyaz bir elbise giyiyor oluyordu.Yontucu her \u015feyi \u00fcst\u00fcn bir ger\u00e7ek\u00e7ilik duygusuyla tamamlad\u0131. Tasvirleri aras\u0131nda bu ger\u00e7ek\u00e7ilikle ba\u011fda\u015fmayan tek sahne, l\u00e2civert \u0131rma\u011f\u0131n burga\u00e7l\u0131 dalgalar\u0131 aras\u0131na sald\u0131\u011f\u0131, bataca\u011f\u0131 ya da yol alaca\u011f\u0131 zaman\u0131n tek anl\u0131k aynas\u0131ndan belli olmayan ta\u015f geminin \u00fczerine kald\u0131. Onun da tek yolcusu vard\u0131.<\/p>\n","protected":false},"excerpt":{"rendered":"<p>Ta\u015f\u0131n boyanmas\u0131yd\u0131 \u00e2det olan, s\u0131ra boyamalara geldi. Yontucunun, kulland\u0131\u011f\u0131 boyalara g\u00fcveni sonsuzdu. As\u0131rlarca dayanacaklar\u0131n\u0131, solmayacaklar\u0131n\u0131, bamba\u015fka renklere d\u00f6n\u00fc\u015fmeyeceklerini biliyordu. Kimi bir deniz kabu\u011funun, kimi bir \u00e7\u00f6mlek<span class=\"excerpt-hellip\"> [\u2026]<\/span><\/p>\n","protected":false},"featured_media":0,"template":"","meta":{"_monsterinsights_skip_tracking":false,"_monsterinsights_sitenote_active":false,"_monsterinsights_sitenote_note":"","_monsterinsights_sitenote_category":0},"product_brand":[],"product_cat":[12291,12292],"product_tag":[],"class_list":{"0":"post-700366","1":"product","2":"type-product","3":"status-publish","5":"product_cat-edebiyat","6":"product_cat-turk-edebiyati","7":"pa_cilt-ciltsiz","8":"pa_tur-kitap","9":"pa_yayinevi-timas-yayinlari","10":"pa_yazar-nazan-bekiroglu","12":"first","13":"instock","14":"sale","15":"shipping-taxable","16":"purchasable","17":"product-type-simple"},"_links":{"self":[{"href":"https:\/\/roveyayinevi.com.tr\/index.php\/wp-json\/wp\/v2\/product\/700366","targetHints":{"allow":["GET"]}}],"collection":[{"href":"https:\/\/roveyayinevi.com.tr\/index.php\/wp-json\/wp\/v2\/product"}],"about":[{"href":"https:\/\/roveyayinevi.com.tr\/index.php\/wp-json\/wp\/v2\/types\/product"}],"wp:attachment":[{"href":"https:\/\/roveyayinevi.com.tr\/index.php\/wp-json\/wp\/v2\/media?parent=700366"}],"wp:term":[{"taxonomy":"product_brand","embeddable":true,"href":"https:\/\/roveyayinevi.com.tr\/index.php\/wp-json\/wp\/v2\/product_brand?post=700366"},{"taxonomy":"product_cat","embeddable":true,"href":"https:\/\/roveyayinevi.com.tr\/index.php\/wp-json\/wp\/v2\/product_cat?post=700366"},{"taxonomy":"product_tag","embeddable":true,"href":"https:\/\/roveyayinevi.com.tr\/index.php\/wp-json\/wp\/v2\/product_tag?post=700366"}],"curies":[{"name":"wp","href":"https:\/\/api.w.org\/{rel}","templated":true}]}}