{"id":700361,"date":"2025-08-27T14:58:14","date_gmt":"2025-08-27T11:58:14","guid":{"rendered":"https:\/\/roveyayinevi.com.tr\/index.php\/urun\/neo-noir-filmler\/"},"modified":"2026-04-16T02:09:37","modified_gmt":"2026-04-15T23:09:37","slug":"neo-noir-filmler","status":"publish","type":"product","link":"https:\/\/roveyayinevi.com.tr\/index.php\/urun\/neo-noir-filmler\/","title":{"rendered":"Neo-Noir Filmler"},"content":{"rendered":"<p>Ben k\u00f6t\u00fc bir k\u0131z\u0131m  der Femme Fatale (\u00d6ld\u00fcren Kad\u0131n) filmindeki,  hakiki k\u00f6t\u00fc &#8211; y\u00fcre\u011fine kadar \u00e7\u00fcr\u00fcm\u00fc\u015f  Laure (Rebecca Romijn). Laure \u2018\u00f6ld\u00fcren kad\u0131n\u2019 oldu\u011funu bilir. Asl\u0131nda, televizyondaki Double Indemnity (\u00c7ifte Tazminat) filmini hen\u00fcz izlemi\u015ftir ve filmdeki g\u00fczel fakat \u00f6l\u00fcmc\u00fcl Barbara Stanwyck\u2019in hareketlerini taklit etmektedir. Temel \u0130\u00e7g\u00fcd\u00fc filminde, yazar Catherine Tramell (Sharon Stone) dedektif Nick Curran\u2019a (Michael Douglas) kitab\u0131n\u0131n konusunun \u2018bir dedektif hakk\u0131nda oldu\u011fundan bahseder. Dedektif yanl\u0131\u015f kad\u0131na \u00e2\u015f\u0131k olmu\u015ftur. Kad\u0131n onu \u00f6ld\u00fcr\u00fcr.\u2019 \u0130kisi de bu konunun bir\u00e7ok klasik film-noir\u2019\u0131n ortak konusu oldu\u011funu bilmektedir; ve biz de onlar\u0131n bunu bildi\u011fini biliriz ama yine de hik\u00e2yenin ayn\u0131 \u015fekilde sonlan\u0131p sonlanmayaca\u011f\u0131n\u0131 merak ederiz. Se7en filminde Somerset (Morgan Freeman), Mills\u2019e (Brad Pitt)  Mutlu sonla bitmeyecek  der, \u00e7\u00fcnk\u00fc Somerset, bu noir tarz\u0131 hik\u00e2yede oynad\u0131klar\u0131 rol\u00fcn hemen hemen her zaman karanl\u0131k bir sonu oldu\u011funun bilincindedir. (\u2018Film noir\u2019 Frans\u0131zca\u2019da \u2018kara film\u2019 demektir &#8211; burada \u2018tekin olmayan\u2019, \u2018t\u00fcyler \u00fcrpertici\u2019 anlam\u0131na gelen \u2018kara\u2019, ayn\u0131 zamanda Raymond Chandler\u2019\u0131n harika dizelerindeki gibidir: \u2018Sokaklar geceden de \u00f6te bir \u015feyle kararm\u0131\u015ft\u0131.\u2019) \u00c7a\u011fda\u015f film noir ya da neo-noir, ge\u00e7mi\u015fteki film noir\u2019lar\u0131n olay \u00f6rg\u00fcs\u00fc kurallar\u0131na, karakter \u00e7e\u015fitlerine ve genel tekniklerine kat\u0131 bir \u015fekilde ba\u011fl\u0131, olduk\u00e7a i\u00e7ine kapan\u0131k bir t\u00fcrd\u00fcr. <\/p>\n","protected":false},"excerpt":{"rendered":"<p>Ben k\u00f6t\u00fc bir k\u0131z\u0131m der Femme Fatale (\u00d6ld\u00fcren Kad\u0131n) filmindeki, hakiki k\u00f6t\u00fc &#8211; y\u00fcre\u011fine kadar \u00e7\u00fcr\u00fcm\u00fc\u015f Laure (Rebecca Romijn). Laure \u2018\u00f6ld\u00fcren kad\u0131n\u2019 oldu\u011funu bilir. Asl\u0131nda, televizyondaki<span class=\"excerpt-hellip\"> [\u2026]<\/span><\/p>\n","protected":false},"featured_media":0,"template":"","meta":{"_monsterinsights_skip_tracking":false,"_monsterinsights_sitenote_active":false,"_monsterinsights_sitenote_note":"","_monsterinsights_sitenote_category":0},"product_brand":[],"product_cat":[12409,12408],"product_tag":[],"class_list":{"0":"post-700361","1":"product","2":"type-product","3":"status-publish","5":"product_cat-fotograf-sinema-tiyatro","6":"product_cat-sanat","7":"pa_tur-kitap","8":"pa_yayinevi-kalkedon-yayincilik","9":"pa_yazar-douglas-keesey","11":"first","12":"instock","13":"sale","14":"shipping-taxable","15":"purchasable","16":"product-type-simple"},"_links":{"self":[{"href":"https:\/\/roveyayinevi.com.tr\/index.php\/wp-json\/wp\/v2\/product\/700361","targetHints":{"allow":["GET"]}}],"collection":[{"href":"https:\/\/roveyayinevi.com.tr\/index.php\/wp-json\/wp\/v2\/product"}],"about":[{"href":"https:\/\/roveyayinevi.com.tr\/index.php\/wp-json\/wp\/v2\/types\/product"}],"wp:attachment":[{"href":"https:\/\/roveyayinevi.com.tr\/index.php\/wp-json\/wp\/v2\/media?parent=700361"}],"wp:term":[{"taxonomy":"product_brand","embeddable":true,"href":"https:\/\/roveyayinevi.com.tr\/index.php\/wp-json\/wp\/v2\/product_brand?post=700361"},{"taxonomy":"product_cat","embeddable":true,"href":"https:\/\/roveyayinevi.com.tr\/index.php\/wp-json\/wp\/v2\/product_cat?post=700361"},{"taxonomy":"product_tag","embeddable":true,"href":"https:\/\/roveyayinevi.com.tr\/index.php\/wp-json\/wp\/v2\/product_tag?post=700361"}],"curies":[{"name":"wp","href":"https:\/\/api.w.org\/{rel}","templated":true}]}}