{"id":700359,"date":"2025-08-27T14:58:14","date_gmt":"2025-08-27T11:58:14","guid":{"rendered":"https:\/\/roveyayinevi.com.tr\/index.php\/urun\/psikoterapi-ve-din\/"},"modified":"2026-04-16T02:09:37","modified_gmt":"2026-04-15T23:09:37","slug":"psikoterapi-ve-din","status":"publish","type":"product","link":"https:\/\/roveyayinevi.com.tr\/index.php\/urun\/psikoterapi-ve-din\/","title":{"rendered":"Psikoterapi ve Din"},"content":{"rendered":"<p>Viktor E. Frankl, temel eserlerinden biri olan Psikoterapi ve Din\u2019de, dini S\u00fcperego\u2019nun bir kurmacas\u0131 olarak de\u011ferlendiren Freud\u2019dan ve dindarl\u0131\u011f\u0131 tamamen i\u00e7g\u00fcd\u00fcsel motiflerle a\u00e7\u0131klamaya \u00e7al\u0131\u015fan Jung\u2019dan farkl\u0131 olarak, tinin bilin\u00e7d\u0131\u015f\u0131 karakterini reddetmeyip dinsel inanc\u0131n bilin\u00e7d\u0131\u015f\u0131yla ba\u011flant\u0131l\u0131 fakat tamamen bilin\u00e7d\u0131\u015f\u0131yla a\u00e7\u0131klanamayacak bir olgu oldu\u011funu \u00f6ne s\u00fcrer. Bir yarat\u0131c\u0131n\u0131n varl\u0131\u011f\u0131na inanmak bir karard\u0131r, yani daha \u00e7ok bilin\u00e7 seviyesiyle ilgilidir. Psikoterapi, ruhsal sorunlar\u0131n tan\u0131mlanmas\u0131nda ve \u00e7\u00f6z\u00fcmlenmesinde bu \u00f6nemli noktay\u0131 g\u00f6z \u00f6n\u00fcnde bulundurmal\u0131d\u0131r.\ufffcTan\u0131t\u0131m Metni<\/p>\n","protected":false},"excerpt":{"rendered":"<p>Viktor E. Frankl, temel eserlerinden biri olan Psikoterapi ve Din\u2019de, dini S\u00fcperego\u2019nun bir kurmacas\u0131 olarak de\u011ferlendiren Freud\u2019dan ve dindarl\u0131\u011f\u0131 tamamen i\u00e7g\u00fcd\u00fcsel motiflerle a\u00e7\u0131klamaya \u00e7al\u0131\u015fan Jung\u2019dan farkl\u0131<span class=\"excerpt-hellip\"> [\u2026]<\/span><\/p>\n","protected":false},"featured_media":0,"template":"","meta":{"_monsterinsights_skip_tracking":false,"_monsterinsights_sitenote_active":false,"_monsterinsights_sitenote_note":"","_monsterinsights_sitenote_category":0},"product_brand":[],"product_cat":[12358,12357],"product_tag":[],"class_list":{"0":"post-700359","1":"product","2":"type-product","3":"status-publish","5":"product_cat-genel-psikoloji","6":"product_cat-psikoloji","7":"pa_cilt-ciltsiz","8":"pa_tur-kitap","9":"pa_yayinevi-say-yayinlari","10":"pa_yazar-viktor-e-frankl","12":"first","13":"instock","14":"sale","15":"shipping-taxable","16":"purchasable","17":"product-type-simple"},"_links":{"self":[{"href":"https:\/\/roveyayinevi.com.tr\/index.php\/wp-json\/wp\/v2\/product\/700359","targetHints":{"allow":["GET"]}}],"collection":[{"href":"https:\/\/roveyayinevi.com.tr\/index.php\/wp-json\/wp\/v2\/product"}],"about":[{"href":"https:\/\/roveyayinevi.com.tr\/index.php\/wp-json\/wp\/v2\/types\/product"}],"wp:attachment":[{"href":"https:\/\/roveyayinevi.com.tr\/index.php\/wp-json\/wp\/v2\/media?parent=700359"}],"wp:term":[{"taxonomy":"product_brand","embeddable":true,"href":"https:\/\/roveyayinevi.com.tr\/index.php\/wp-json\/wp\/v2\/product_brand?post=700359"},{"taxonomy":"product_cat","embeddable":true,"href":"https:\/\/roveyayinevi.com.tr\/index.php\/wp-json\/wp\/v2\/product_cat?post=700359"},{"taxonomy":"product_tag","embeddable":true,"href":"https:\/\/roveyayinevi.com.tr\/index.php\/wp-json\/wp\/v2\/product_tag?post=700359"}],"curies":[{"name":"wp","href":"https:\/\/api.w.org\/{rel}","templated":true}]}}