{"id":700356,"date":"2025-08-27T14:58:13","date_gmt":"2025-08-27T11:58:13","guid":{"rendered":"https:\/\/roveyayinevi.com.tr\/index.php\/urun\/yoldasini-oldurmek\/"},"modified":"2025-12-30T09:51:06","modified_gmt":"2025-12-30T06:51:06","slug":"yoldasini-oldurmek","status":"publish","type":"product","link":"https:\/\/roveyayinevi.com.tr\/index.php\/urun\/yoldasini-oldurmek\/","title":{"rendered":"Yolda\u015f\u0131n\u0131 \u00d6ld\u00fcrmek"},"content":{"rendered":"<p>Parti disiplinini \u00e7i\u011fnedi\u011fi, ajan oldu\u011fu, \u00f6rg\u00fcte ihanet etti\u011fi gerek\u00e7esiyle pek \u00e7ok insan kendi yolda\u015flar\u0131 taraf\u0131ndan katledildi; bir\u00e7o\u011funun su\u00e7suz oldu\u011fu daha sonra anla\u015f\u0131ld\u0131 ve itibarlar\u0131 iade edildi. Hem d\u00fcnya hem de T\u00fcrkiye sol tarihinde bunun bir\u00e7ok \u00f6rne\u011fi var. Aytekin Y\u0131lmaz Yolda\u015f\u0131n\u0131 \u00d6ld\u00fcrmek\u2019te d\u00fcnyadaki \u00f6rnekleri bilinen, T\u00fcrkiye\u2019deki \u00f6rnekleri ise suskunlu\u011fa mahk\u00fbm edilmi\u015f yolda\u015f infazlar\u0131n\u0131 ele al\u0131yor; 1991-2000 s\u00fcrecinde hapishanelerde ya\u015fanm\u0131\u015f \u00f6rnekleri, ki\u015fisel tan\u0131kl\u0131klarla g\u00f6zlerimizin \u00f6n\u00fcne seriyor. Okudu\u011funuz kitap, onlar\u0131n d\u00f6k\u00fclm\u00fc\u015f kan\u0131na, g\u00f6zya\u015f\u0131na ve \u00e7ektikleri \u00e7ileye kar\u015f\u0131 hepimizin \u00fczerine d\u00fc\u015fen borcu unutmamam\u0131z\u0131 istiyor bizden. Ama ge\u00e7mi\u015fimize kar\u015f\u0131 bu sorumlulu\u011fumuzun yan\u0131 s\u0131ra gelece\u011fe kar\u015f\u0131 y\u00fck\u00fcml\u00fcl\u00fcklerimiz de var. Yanl\u0131\u015f zeminlerde, u\u011fruna b\u00fcy\u00fck umutlarla m\u00fccadele edilmi\u015f \u201cdevrim\u201dlerin ilk kurban\u0131 olmu\u015f evlatlar\u0131n, ayn\u0131 kaderi hapishane i\u00e7indeki hapishanelerde payla\u015fm\u0131\u015f \u201cromantik\u201d devrimcilerin u\u011frad\u0131\u011f\u0131 derin hayal k\u0131r\u0131kl\u0131klar\u0131ndan, \u00e7ekti\u011fi ac\u0131lardan dam\u0131tt\u0131\u011f\u0131m\u0131z \u201cders\u201dleri, insanl\u0131\u011f\u0131n en eski, en k\u00f6kl\u00fc aray\u0131\u015f\u0131 ve umudunu, \u201cdevrim\u201di sahiplenecek ku\u015faklara aktarmak. B\u00f6ylece h\u00e2l\u00e2 kapanmam\u0131\u015f yaralar\u0131m\u0131za ra\u011fmen en az\u0131ndan onlar\u0131n ayn\u0131 \u00e7ileyi \u00e7ekmeyece\u011fi fikriyle teselli bulabiliriz. <\/p>\n","protected":false},"excerpt":{"rendered":"<p>Parti disiplinini \u00e7i\u011fnedi\u011fi, ajan oldu\u011fu, \u00f6rg\u00fcte ihanet etti\u011fi gerek\u00e7esiyle pek \u00e7ok insan kendi yolda\u015flar\u0131 taraf\u0131ndan katledildi; bir\u00e7o\u011funun su\u00e7suz oldu\u011fu daha sonra anla\u015f\u0131ld\u0131 ve itibarlar\u0131 iade edildi.<span class=\"excerpt-hellip\"> [\u2026]<\/span><\/p>\n","protected":false},"featured_media":0,"template":"","meta":{"_monsterinsights_skip_tracking":false,"_monsterinsights_sitenote_active":false,"_monsterinsights_sitenote_note":"","_monsterinsights_sitenote_category":0},"product_brand":[],"product_cat":[12312,12304],"product_tag":[],"class_list":{"0":"post-700356","1":"product","2":"type-product","3":"status-publish","5":"product_cat-diger","6":"product_cat-tarih","7":"pa_cilt-ciltsiz","8":"pa_tur-kitap","9":"pa_yayinevi-iletisim-yayinlari","10":"pa_yazar-aytekin-yilmaz","12":"first","13":"instock","14":"sale","15":"shipping-taxable","16":"purchasable","17":"product-type-simple"},"_links":{"self":[{"href":"https:\/\/roveyayinevi.com.tr\/index.php\/wp-json\/wp\/v2\/product\/700356","targetHints":{"allow":["GET"]}}],"collection":[{"href":"https:\/\/roveyayinevi.com.tr\/index.php\/wp-json\/wp\/v2\/product"}],"about":[{"href":"https:\/\/roveyayinevi.com.tr\/index.php\/wp-json\/wp\/v2\/types\/product"}],"wp:attachment":[{"href":"https:\/\/roveyayinevi.com.tr\/index.php\/wp-json\/wp\/v2\/media?parent=700356"}],"wp:term":[{"taxonomy":"product_brand","embeddable":true,"href":"https:\/\/roveyayinevi.com.tr\/index.php\/wp-json\/wp\/v2\/product_brand?post=700356"},{"taxonomy":"product_cat","embeddable":true,"href":"https:\/\/roveyayinevi.com.tr\/index.php\/wp-json\/wp\/v2\/product_cat?post=700356"},{"taxonomy":"product_tag","embeddable":true,"href":"https:\/\/roveyayinevi.com.tr\/index.php\/wp-json\/wp\/v2\/product_tag?post=700356"}],"curies":[{"name":"wp","href":"https:\/\/api.w.org\/{rel}","templated":true}]}}