{"id":700354,"date":"2025-08-27T14:58:12","date_gmt":"2025-08-27T11:58:12","guid":{"rendered":"https:\/\/roveyayinevi.com.tr\/index.php\/urun\/iktidar\/"},"modified":"2026-04-08T02:12:28","modified_gmt":"2026-04-07T23:12:28","slug":"iktidar","status":"publish","type":"product","link":"https:\/\/roveyayinevi.com.tr\/index.php\/urun\/iktidar\/","title":{"rendered":"\u0130ktidar"},"content":{"rendered":"<p>G\u00fcc\u00fc elde etmek isteyenlere, g\u00fcc\u00fcn esiri olanlara ya da g\u00fcce kar\u015f\u0131 direnenlere&#8230; G\u00fc\u00e7 Sahibi Olman\u0131n 48 Yasas\u0131 Kimi g\u00fcc\u00fcn\u00fcn zirvesindeyken \u00f6l\u00fcmc\u00fcl bir hatayla elindekini yitirir. Kimi \u00e7ok ileri gider veya yeterince ilerleyemez. Fakat kimileri de do\u011fru ad\u0131m\u0131 atarak insan\u00fcst\u00fc bir gayretle g\u00fcc\u00fc kendilerine \u00e7eker. Tarih boyunca yazarlar ve filozoflar kendilerine \u015fu soruyu sormu\u015flard\u0131r; bizden \u00f6ncekilerin ba\u015far\u0131lar\u0131ndan ya da hatalar\u0131ndan ne gibi dersler alabiliriz? \u00dc\u00e7 bin y\u0131ll\u0131k s\u00fcre i\u00e7inde g\u00fc\u00e7 hakk\u0131ndaki \u00e7e\u015fitli yaz\u0131lar\u0131 hep ayn\u0131 konular\u0131 i\u015flemi\u015f, g\u00fcc\u00fcn \u00f6z\u00fcn\u00fc tan\u0131mlayarak nas\u0131l artt\u0131r\u0131laca\u011f\u0131n\u0131 ve y\u00f6netilece\u011fini veya nas\u0131l yok edilece\u011fini tarif etmi\u015ftir. G\u00fcc\u00fcn 48 Yasas\u0131 zihinlerden sonsuza dek silinmeyecektir. \ufffc<\/p>\n","protected":false},"excerpt":{"rendered":"<p>G\u00fcc\u00fc elde etmek isteyenlere, g\u00fcc\u00fcn esiri olanlara ya da g\u00fcce kar\u015f\u0131 direnenlere&#8230; G\u00fc\u00e7 Sahibi Olman\u0131n 48 Yasas\u0131 Kimi g\u00fcc\u00fcn\u00fcn zirvesindeyken \u00f6l\u00fcmc\u00fcl bir hatayla elindekini yitirir. Kimi<span class=\"excerpt-hellip\"> [\u2026]<\/span><\/p>\n","protected":false},"featured_media":0,"template":"","meta":{"_monsterinsights_skip_tracking":false,"_monsterinsights_sitenote_active":false,"_monsterinsights_sitenote_note":"","_monsterinsights_sitenote_category":0},"product_brand":[],"product_cat":[12364,12376],"product_tag":[],"class_list":{"0":"post-700354","1":"product","2":"type-product","3":"status-publish","5":"product_cat-genel-konular","6":"product_cat-kisisel-gelisim","7":"pa_cilt-ciltsiz","8":"pa_tur-kitap","9":"pa_yayinevi-altin-kitaplar","10":"pa_yazar-robert-greene","12":"first","13":"instock","14":"sale","15":"shipping-taxable","16":"purchasable","17":"product-type-simple"},"_links":{"self":[{"href":"https:\/\/roveyayinevi.com.tr\/index.php\/wp-json\/wp\/v2\/product\/700354","targetHints":{"allow":["GET"]}}],"collection":[{"href":"https:\/\/roveyayinevi.com.tr\/index.php\/wp-json\/wp\/v2\/product"}],"about":[{"href":"https:\/\/roveyayinevi.com.tr\/index.php\/wp-json\/wp\/v2\/types\/product"}],"wp:attachment":[{"href":"https:\/\/roveyayinevi.com.tr\/index.php\/wp-json\/wp\/v2\/media?parent=700354"}],"wp:term":[{"taxonomy":"product_brand","embeddable":true,"href":"https:\/\/roveyayinevi.com.tr\/index.php\/wp-json\/wp\/v2\/product_brand?post=700354"},{"taxonomy":"product_cat","embeddable":true,"href":"https:\/\/roveyayinevi.com.tr\/index.php\/wp-json\/wp\/v2\/product_cat?post=700354"},{"taxonomy":"product_tag","embeddable":true,"href":"https:\/\/roveyayinevi.com.tr\/index.php\/wp-json\/wp\/v2\/product_tag?post=700354"}],"curies":[{"name":"wp","href":"https:\/\/api.w.org\/{rel}","templated":true}]}}