{"id":700352,"date":"2025-08-27T14:58:12","date_gmt":"2025-08-27T11:58:12","guid":{"rendered":"https:\/\/roveyayinevi.com.tr\/index.php\/urun\/egitimde-program-gelistirme-kavramlar-yaklasimlar\/"},"modified":"2026-04-16T02:09:37","modified_gmt":"2026-04-15T23:09:37","slug":"egitimde-program-gelistirme-kavramlar-yaklasimlar","status":"publish","type":"product","link":"https:\/\/roveyayinevi.com.tr\/index.php\/urun\/egitimde-program-gelistirme-kavramlar-yaklasimlar\/","title":{"rendered":"E\u011fitimde Program Geli\u015ftirme Kavramlar Yakla\u015f\u0131mlar"},"content":{"rendered":"<p>E\u011fitimde Program Geli\u015ftirme Kavramlar Yakla\u015f\u0131mlar kitab\u0131, e\u011fitim programlar\u0131 ve \u00f6\u011fretim alan\u0131 ile ilgili temel bilgi ve yakla\u015f\u0131mlar\u0131 bulabilece\u011finiz bir kitap durumundad\u0131r. Kitab\u0131n haz\u0131rlanmas\u0131nda hem T\u00fcrkiye\u2019deki hem de yurtd\u0131\u015f\u0131ndaki \u00e7al\u0131\u015fmalar b\u00f6l\u00fcm yazarlar\u0131 taraf\u0131ndan irdelenmi\u015ftir. Okuyucular\u0131n b\u00f6l\u00fcmlerde hangi kazan\u0131mlara sahip olabilecekleri, b\u00f6l\u00fcm ba\u015flar\u0131ndaki kazan\u0131mlar k\u0131sm\u0131nda k\u0131saca a\u00e7\u0131klanm\u0131\u015ft\u0131r. Ayr\u0131ca b\u00f6l\u00fcm sonlar\u0131na eklenen tart\u0131\u015fma sorular\u0131 ile b\u00f6l\u00fcm\u00fcn daha iyi kavranmas\u0131na \u0131\u015f\u0131k tutabilecektir. Kitab\u0131n sonuna eklenen kavramlar k\u0131sm\u0131 b\u00f6l\u00fcmlerde ge\u00e7en baz\u0131 kavramlardan olu\u015fmaktad\u0131r. Kavramlar dizini, program geli\u015ftirme ile ilgili kavram yan\u0131lg\u0131lar\u0131n\u0131 azaltmaya y\u00f6nelik olarak d\u00fc\u015f\u00fcn\u00fclebilir.<\/p>\n","protected":false},"excerpt":{"rendered":"<p>E\u011fitimde Program Geli\u015ftirme Kavramlar Yakla\u015f\u0131mlar kitab\u0131, e\u011fitim programlar\u0131 ve \u00f6\u011fretim alan\u0131 ile ilgili temel bilgi ve yakla\u015f\u0131mlar\u0131 bulabilece\u011finiz bir kitap durumundad\u0131r. Kitab\u0131n haz\u0131rlanmas\u0131nda hem T\u00fcrkiye\u2019deki hem<span class=\"excerpt-hellip\"> [\u2026]<\/span><\/p>\n","protected":false},"featured_media":0,"template":"","meta":{"_monsterinsights_skip_tracking":false,"_monsterinsights_sitenote_active":false,"_monsterinsights_sitenote_note":"","_monsterinsights_sitenote_category":0},"product_brand":[],"product_cat":[12573,12566],"product_tag":[],"class_list":{"0":"post-700352","1":"product","2":"type-product","3":"status-publish","5":"product_cat-akademik-kitaplar","6":"product_cat-egitim","7":"pa_cilt-ciltsiz","8":"pa_tur-kitap","9":"pa_yayinevi-ani-yayincilik","10":"pa_yazar-kolektif","12":"first","13":"instock","14":"sale","15":"shipping-taxable","16":"purchasable","17":"product-type-simple"},"_links":{"self":[{"href":"https:\/\/roveyayinevi.com.tr\/index.php\/wp-json\/wp\/v2\/product\/700352","targetHints":{"allow":["GET"]}}],"collection":[{"href":"https:\/\/roveyayinevi.com.tr\/index.php\/wp-json\/wp\/v2\/product"}],"about":[{"href":"https:\/\/roveyayinevi.com.tr\/index.php\/wp-json\/wp\/v2\/types\/product"}],"wp:attachment":[{"href":"https:\/\/roveyayinevi.com.tr\/index.php\/wp-json\/wp\/v2\/media?parent=700352"}],"wp:term":[{"taxonomy":"product_brand","embeddable":true,"href":"https:\/\/roveyayinevi.com.tr\/index.php\/wp-json\/wp\/v2\/product_brand?post=700352"},{"taxonomy":"product_cat","embeddable":true,"href":"https:\/\/roveyayinevi.com.tr\/index.php\/wp-json\/wp\/v2\/product_cat?post=700352"},{"taxonomy":"product_tag","embeddable":true,"href":"https:\/\/roveyayinevi.com.tr\/index.php\/wp-json\/wp\/v2\/product_tag?post=700352"}],"curies":[{"name":"wp","href":"https:\/\/api.w.org\/{rel}","templated":true}]}}