{"id":700347,"date":"2025-08-27T14:58:10","date_gmt":"2025-08-27T11:58:10","guid":{"rendered":"https:\/\/roveyayinevi.com.tr\/index.php\/urun\/horasandan-anadoluya-turkiye-tarihi\/"},"modified":"2026-04-16T02:09:37","modified_gmt":"2026-04-15T23:09:37","slug":"horasandan-anadoluya-turkiye-tarihi","status":"publish","type":"product","link":"https:\/\/roveyayinevi.com.tr\/index.php\/urun\/horasandan-anadoluya-turkiye-tarihi\/","title":{"rendered":"Horasan&#8217;dan Anadolu&#8217;ya T\u00fcrkiye Tarihi"},"content":{"rendered":"<p>O\u011fuz \u00dcnal \u00e7arp\u0131c\u0131 bir \u00fcsl\u00fbpla, ilk olarak \u0130slam Devleti hizmetinde ve Hilafet sanca\u011f\u0131 alt\u0131nda \u201cBilad\u00fc\u2019r-Rum\u201da (Roma \u00fclkesine yani Anadolu\u2019ya) cihada gelen T\u00fcrklerin, ard\u0131ndan 11. y\u00fczy\u0131ldan itibaren, co\u015fkun bir fetih ruhu ve gaza ideolojisiyle, bu topraklarda yurt tutma, yeni bir vatan ve devlet kurma heyecan\u0131 ta\u015f\u0131yan, \u201cya devlet ba\u015fa ya kuzgun le\u015fe\u201d diyerek \u201cG\u00fcne\u015f \u00dclkesi\u201d Horasan\u2019dan \u201cG\u00fcne\u015fin Do\u011fdu\u011fu Yer\u201d Anadolu\u2019ya dalgalar halinde akan O\u011fuz (T\u00fcrkmen) boylar\u0131n\u0131n, Sel\u00e7uklu Sultanlar\u0131n\u0131n sevk ve idaresinde ve Sel\u00e7uklu ordular\u0131n\u0131n \u00f6nc\u00fcl\u00fc\u011f\u00fcnde, bug\u00fcn \u00fczerinde ya\u015fad\u0131\u011f\u0131m\u0131z topraklar\u0131 kanlar\u0131 ile yo\u011furu\u015fu ve bu topraklar \u00fczerinde d\u00fcnya durduk\u00e7a ya\u015fayacak olan yeni bir T\u00fcrk Devleti\u2019nin, Orhun Kitabeleri\u2019ndeki s\u00f6yleni\u015fi ile \u201cBeng\u00fc Devlet\u201din, Osmanl\u0131 atalar\u0131m\u0131z\u0131n deyi\u015fiyle \u201cDevlet-i Ebed M\u00fcddet\u201din kurulu\u015funu belgelere dayanarak anlat\u0131yor.<\/p>\n","protected":false},"excerpt":{"rendered":"<p>O\u011fuz \u00dcnal \u00e7arp\u0131c\u0131 bir \u00fcsl\u00fbpla, ilk olarak \u0130slam Devleti hizmetinde ve Hilafet sanca\u011f\u0131 alt\u0131nda \u201cBilad\u00fc\u2019r-Rum\u201da (Roma \u00fclkesine yani Anadolu\u2019ya) cihada gelen T\u00fcrklerin, ard\u0131ndan 11. y\u00fczy\u0131ldan itibaren,<span class=\"excerpt-hellip\"> [\u2026]<\/span><\/p>\n","protected":false},"featured_media":0,"template":"","meta":{"_monsterinsights_skip_tracking":false,"_monsterinsights_sitenote_active":false,"_monsterinsights_sitenote_note":"","_monsterinsights_sitenote_category":0},"product_brand":[],"product_cat":[12370,12304],"product_tag":[],"class_list":{"0":"post-700347","1":"product","2":"type-product","3":"status-publish","5":"product_cat-arastirma-inceleme","6":"product_cat-tarih","7":"pa_cilt-ciltsiz","8":"pa_tur-kitap","9":"pa_yayinevi-otuken-nesriyat","10":"pa_yazar-oguz-unal","12":"first","13":"instock","14":"sale","15":"shipping-taxable","16":"purchasable","17":"product-type-simple"},"_links":{"self":[{"href":"https:\/\/roveyayinevi.com.tr\/index.php\/wp-json\/wp\/v2\/product\/700347","targetHints":{"allow":["GET"]}}],"collection":[{"href":"https:\/\/roveyayinevi.com.tr\/index.php\/wp-json\/wp\/v2\/product"}],"about":[{"href":"https:\/\/roveyayinevi.com.tr\/index.php\/wp-json\/wp\/v2\/types\/product"}],"wp:attachment":[{"href":"https:\/\/roveyayinevi.com.tr\/index.php\/wp-json\/wp\/v2\/media?parent=700347"}],"wp:term":[{"taxonomy":"product_brand","embeddable":true,"href":"https:\/\/roveyayinevi.com.tr\/index.php\/wp-json\/wp\/v2\/product_brand?post=700347"},{"taxonomy":"product_cat","embeddable":true,"href":"https:\/\/roveyayinevi.com.tr\/index.php\/wp-json\/wp\/v2\/product_cat?post=700347"},{"taxonomy":"product_tag","embeddable":true,"href":"https:\/\/roveyayinevi.com.tr\/index.php\/wp-json\/wp\/v2\/product_tag?post=700347"}],"curies":[{"name":"wp","href":"https:\/\/api.w.org\/{rel}","templated":true}]}}