{"id":700345,"date":"2025-08-27T14:58:10","date_gmt":"2025-08-27T11:58:10","guid":{"rendered":"https:\/\/roveyayinevi.com.tr\/index.php\/urun\/ilk-ortaokullarda-beden-egitimi-dersinde-olcme-ve-degerlendirme\/"},"modified":"2026-04-16T02:09:37","modified_gmt":"2026-04-15T23:09:37","slug":"ilk-ortaokullarda-beden-egitimi-dersinde-olcme-ve-degerlendirme","status":"publish","type":"product","link":"https:\/\/roveyayinevi.com.tr\/index.php\/urun\/ilk-ortaokullarda-beden-egitimi-dersinde-olcme-ve-degerlendirme\/","title":{"rendered":"\u0130lk &#8211; Ortaokullarda Beden E\u011fitimi Dersinde \u00d6l\u00e7me ve De\u011ferlendirme"},"content":{"rendered":"<p>Elinizdeki kitap 1-8. s\u0131n\u0131flar d\u00fczeyinde Beden E\u011fitimi dersine y\u00f6nelik s\u00fcre\u00e7 de\u011ferlendirme ara\u00e7lar\u0131n\u0131 i\u00e7ermektedir. Genel olarak haz\u0131rlanan ara\u00e7lar yerine, sizlere \u00f6\u011fretim program\u0131n\u0131n t\u00fcm kazan\u0131mlar\u0131n\u0131 \u00f6rneklendirdik. Ku\u015fkusuz bu ara\u00e7lar mutlak ara\u00e7lar olarak d\u00fc\u015f\u00fcn\u00fclmemeli, uygulay\u0131c\u0131 olan sizler diledi\u011finiz d\u00fczenlemeleri formlar \u00fczerinde ger\u00e7ekle\u015ftirebilirsiniz. \ufffcTan\u0131t\u0131m Metni<\/p>\n","protected":false},"excerpt":{"rendered":"<p>Elinizdeki kitap 1-8. s\u0131n\u0131flar d\u00fczeyinde Beden E\u011fitimi dersine y\u00f6nelik s\u00fcre\u00e7 de\u011ferlendirme ara\u00e7lar\u0131n\u0131 i\u00e7ermektedir. Genel olarak haz\u0131rlanan ara\u00e7lar yerine, sizlere \u00f6\u011fretim program\u0131n\u0131n t\u00fcm kazan\u0131mlar\u0131n\u0131 \u00f6rneklendirdik. Ku\u015fkusuz bu<span class=\"excerpt-hellip\"> [\u2026]<\/span><\/p>\n","protected":false},"featured_media":0,"template":"","meta":{"_monsterinsights_skip_tracking":false,"_monsterinsights_sitenote_active":false,"_monsterinsights_sitenote_note":"","_monsterinsights_sitenote_category":0},"product_brand":[],"product_cat":[12573,12566],"product_tag":[],"class_list":{"0":"post-700345","1":"product","2":"type-product","3":"status-publish","5":"product_cat-akademik-kitaplar","6":"product_cat-egitim","7":"pa_cilt-ciltsiz","8":"pa_tur-kitap","9":"pa_yayinevi-ani-yayincilik","10":"pa_yazar-fatma-celik-kayapinar","12":"first","13":"instock","14":"sale","15":"shipping-taxable","16":"purchasable","17":"product-type-simple"},"_links":{"self":[{"href":"https:\/\/roveyayinevi.com.tr\/index.php\/wp-json\/wp\/v2\/product\/700345","targetHints":{"allow":["GET"]}}],"collection":[{"href":"https:\/\/roveyayinevi.com.tr\/index.php\/wp-json\/wp\/v2\/product"}],"about":[{"href":"https:\/\/roveyayinevi.com.tr\/index.php\/wp-json\/wp\/v2\/types\/product"}],"wp:attachment":[{"href":"https:\/\/roveyayinevi.com.tr\/index.php\/wp-json\/wp\/v2\/media?parent=700345"}],"wp:term":[{"taxonomy":"product_brand","embeddable":true,"href":"https:\/\/roveyayinevi.com.tr\/index.php\/wp-json\/wp\/v2\/product_brand?post=700345"},{"taxonomy":"product_cat","embeddable":true,"href":"https:\/\/roveyayinevi.com.tr\/index.php\/wp-json\/wp\/v2\/product_cat?post=700345"},{"taxonomy":"product_tag","embeddable":true,"href":"https:\/\/roveyayinevi.com.tr\/index.php\/wp-json\/wp\/v2\/product_tag?post=700345"}],"curies":[{"name":"wp","href":"https:\/\/api.w.org\/{rel}","templated":true}]}}