{"id":700344,"date":"2025-08-27T14:58:09","date_gmt":"2025-08-27T11:58:09","guid":{"rendered":"https:\/\/roveyayinevi.com.tr\/index.php\/urun\/agackakanlar\/"},"modified":"2026-04-16T02:09:37","modified_gmt":"2026-04-15T23:09:37","slug":"agackakanlar","status":"publish","type":"product","link":"https:\/\/roveyayinevi.com.tr\/index.php\/urun\/agackakanlar\/","title":{"rendered":"A\u011fa\u00e7kakanlar"},"content":{"rendered":"<p>Anne ve baba a\u011fa\u00e7kakanlar y\u0131llar sonra d\u00fcnyaya gelen yavrular\u0131 Upuy\u2019u korumak i\u00e7in u\u011fra\u015f\u0131rken garip olaylar\u0131 ya\u015famak zorunda kald\u0131lar. Upuy afacan bir \u00e7ocuk gibi akl\u0131na ne geldiyse yapt\u0131. Bir t\u00fcrl\u00fc s\u00f6z dinlemedi. Cahit Zarifo\u011flu bu kitapla kendi \u00e7ocuklu\u011funun ac\u0131 tatl\u0131 g\u00fcnlerini anlatm\u0131\u015f oluyor dolayl\u0131 olarak. Her \u00e7ocu\u011fun ya\u015fayabilece\u011fi bir \u00e7ocuklu\u011fu usta anlat\u0131m\u0131yla \u00f6n\u00fcm\u00fcze seriyor. \u00c7ocuklu\u011funuzun filmini seyreder gibi &#8220;A\u011fa\u00e7kakanlar&#8221;\u0131 okuman\u0131z\u0131 tavsiye ederiz.<\/p>\n","protected":false},"excerpt":{"rendered":"<p>Anne ve baba a\u011fa\u00e7kakanlar y\u0131llar sonra d\u00fcnyaya gelen yavrular\u0131 Upuy\u2019u korumak i\u00e7in u\u011fra\u015f\u0131rken garip olaylar\u0131 ya\u015famak zorunda kald\u0131lar. Upuy afacan bir \u00e7ocuk gibi akl\u0131na ne geldiyse<span class=\"excerpt-hellip\"> [\u2026]<\/span><\/p>\n","protected":false},"featured_media":0,"template":"","meta":{"_monsterinsights_skip_tracking":false,"_monsterinsights_sitenote_active":false,"_monsterinsights_sitenote_note":"","_monsterinsights_sitenote_category":0},"product_brand":[],"product_cat":[12274,18802],"product_tag":[],"class_list":{"0":"post-700344","1":"product","2":"type-product","3":"status-publish","5":"product_cat-cocuk-ve-genclik-kitaplari","6":"product_cat-din-egitimi","7":"pa_cilt-ciltsiz","8":"pa_tur-kitap","9":"pa_yayinevi-beyan-yayinlari","10":"pa_yazar-cahit-zarifoglu","12":"first","13":"instock","14":"sale","15":"shipping-taxable","16":"purchasable","17":"product-type-simple"},"_links":{"self":[{"href":"https:\/\/roveyayinevi.com.tr\/index.php\/wp-json\/wp\/v2\/product\/700344","targetHints":{"allow":["GET"]}}],"collection":[{"href":"https:\/\/roveyayinevi.com.tr\/index.php\/wp-json\/wp\/v2\/product"}],"about":[{"href":"https:\/\/roveyayinevi.com.tr\/index.php\/wp-json\/wp\/v2\/types\/product"}],"wp:attachment":[{"href":"https:\/\/roveyayinevi.com.tr\/index.php\/wp-json\/wp\/v2\/media?parent=700344"}],"wp:term":[{"taxonomy":"product_brand","embeddable":true,"href":"https:\/\/roveyayinevi.com.tr\/index.php\/wp-json\/wp\/v2\/product_brand?post=700344"},{"taxonomy":"product_cat","embeddable":true,"href":"https:\/\/roveyayinevi.com.tr\/index.php\/wp-json\/wp\/v2\/product_cat?post=700344"},{"taxonomy":"product_tag","embeddable":true,"href":"https:\/\/roveyayinevi.com.tr\/index.php\/wp-json\/wp\/v2\/product_tag?post=700344"}],"curies":[{"name":"wp","href":"https:\/\/api.w.org\/{rel}","templated":true}]}}