{"id":700342,"date":"2025-08-27T14:58:09","date_gmt":"2025-08-27T11:58:09","guid":{"rendered":"https:\/\/roveyayinevi.com.tr\/index.php\/urun\/kara-defter-ataturkun-silah-arkadasi-ihsan-eryavuz-anlatiyor\/"},"modified":"2026-04-16T02:09:37","modified_gmt":"2026-04-15T23:09:37","slug":"kara-defter-ataturkun-silah-arkadasi-ihsan-eryavuz-anlatiyor","status":"publish","type":"product","link":"https:\/\/roveyayinevi.com.tr\/index.php\/urun\/kara-defter-ataturkun-silah-arkadasi-ihsan-eryavuz-anlatiyor\/","title":{"rendered":"Kara Defter &#8211; Atat\u00fcrk&#8217;\u00fcn Silah Arkada\u015f\u0131 \u0130hsan Eryavuz Anlat\u0131yor"},"content":{"rendered":"<p>Erzurum Kongresi\u2019ne zorla Kaz\u0131m Karabekir Pa\u015fa\u2019n\u0131n \u0131srar\u0131yla kabul edilen Mustafa Kemal Pa\u015fa \u201cHeyet-i Temsiliye Riyaseti\u201d mevkii icab\u0131 m\u00fccadele esnas\u0131nda her hadisenin ba\u015f\u0131nda g\u00f6z\u00fckm\u00fc\u015f, sava\u015fa ait b\u00fct\u00fcn ba\u015far\u0131lar\u0131, hatta tek ba\u015f\u0131na mill\u00ee kalk\u0131nma hadisesini bile kendi eseri gibi g\u00f6stererek \u015fahsa m\u00e2l etmek e\u011filimine d\u00fc\u015fm\u00fc\u015f\u2026 Baz\u0131 yak\u0131nlar\u0131 da onun s\u00fcrekli artan n\u00fcfuz ve b\u00fcy\u00fckl\u00fc\u011f\u00fcn\u00fc kendi menfaatlerine uygun bularak s\u00fcrekli beslemi\u015f ve b\u00fcy\u00fctm\u00fc\u015f, onun zek\u00e2s\u0131 deh\u00e2 derecelerine \u00e7\u0131kar\u0131lm\u0131\u015f, mevcudiyetine \u00e2deta insan \u00fcst\u00fc bir mahiyet verilmek istenilmi\u015f. Her \u015feyi o yapm\u0131\u015f olmu\u015f. Kendisine d\u00e2hi, T\u00fcrkl\u00fck mill\u00ee peygamberi vd. daha bilmem neler denilmi\u015f. Millet ile hakikat aras\u0131na, hakikatin g\u00f6sterilmesine mani bir perde gerilmi\u015f. <\/p>\n","protected":false},"excerpt":{"rendered":"<p>Erzurum Kongresi\u2019ne zorla Kaz\u0131m Karabekir Pa\u015fa\u2019n\u0131n \u0131srar\u0131yla kabul edilen Mustafa Kemal Pa\u015fa \u201cHeyet-i Temsiliye Riyaseti\u201d mevkii icab\u0131 m\u00fccadele esnas\u0131nda her hadisenin ba\u015f\u0131nda g\u00f6z\u00fckm\u00fc\u015f, sava\u015fa ait b\u00fct\u00fcn<span class=\"excerpt-hellip\"> [\u2026]<\/span><\/p>\n","protected":false},"featured_media":0,"template":"","meta":{"_monsterinsights_skip_tracking":false,"_monsterinsights_sitenote_active":false,"_monsterinsights_sitenote_note":"","_monsterinsights_sitenote_category":0},"product_brand":[],"product_cat":[13517,12304],"product_tag":[],"class_list":{"0":"post-700342","1":"product","2":"type-product","3":"status-publish","5":"product_cat-osmanli-tarihi","6":"product_cat-tarih","7":"pa_tur-kitap","8":"pa_yayinevi-timas-yayinlari","9":"pa_yazar-ihsan-eryavuz","11":"first","12":"instock","13":"sale","14":"shipping-taxable","15":"purchasable","16":"product-type-simple"},"_links":{"self":[{"href":"https:\/\/roveyayinevi.com.tr\/index.php\/wp-json\/wp\/v2\/product\/700342","targetHints":{"allow":["GET"]}}],"collection":[{"href":"https:\/\/roveyayinevi.com.tr\/index.php\/wp-json\/wp\/v2\/product"}],"about":[{"href":"https:\/\/roveyayinevi.com.tr\/index.php\/wp-json\/wp\/v2\/types\/product"}],"wp:attachment":[{"href":"https:\/\/roveyayinevi.com.tr\/index.php\/wp-json\/wp\/v2\/media?parent=700342"}],"wp:term":[{"taxonomy":"product_brand","embeddable":true,"href":"https:\/\/roveyayinevi.com.tr\/index.php\/wp-json\/wp\/v2\/product_brand?post=700342"},{"taxonomy":"product_cat","embeddable":true,"href":"https:\/\/roveyayinevi.com.tr\/index.php\/wp-json\/wp\/v2\/product_cat?post=700342"},{"taxonomy":"product_tag","embeddable":true,"href":"https:\/\/roveyayinevi.com.tr\/index.php\/wp-json\/wp\/v2\/product_tag?post=700342"}],"curies":[{"name":"wp","href":"https:\/\/api.w.org\/{rel}","templated":true}]}}