{"id":700337,"date":"2025-08-27T14:58:07","date_gmt":"2025-08-27T11:58:07","guid":{"rendered":"https:\/\/roveyayinevi.com.tr\/index.php\/urun\/en-eski-turkcenin-izlerinde\/"},"modified":"2026-04-16T02:09:37","modified_gmt":"2026-04-15T23:09:37","slug":"en-eski-turkcenin-izlerinde","status":"publish","type":"product","link":"https:\/\/roveyayinevi.com.tr\/index.php\/urun\/en-eski-turkcenin-izlerinde\/","title":{"rendered":"En Eski T\u00fcrk\u00e7enin \u0130zlerinde"},"content":{"rendered":"<p>Orhun ve Yenisey Yaz\u0131tlar\u0131 \u00dczerine S\u00f6zc\u00fckbilim, Anlambilim ve Bi\u00e7embilim \u0130ncelemelerinin Ayd\u0131nlatt\u0131\u011f\u0131 Ger\u00e7ekler(The facts exposed by the studies of lexicology, semantics on Orkhun and Yenisei inscriptions) <\/p>\n","protected":false},"excerpt":{"rendered":"<p>Orhun ve Yenisey Yaz\u0131tlar\u0131 \u00dczerine S\u00f6zc\u00fckbilim, Anlambilim ve Bi\u00e7embilim \u0130ncelemelerinin Ayd\u0131nlatt\u0131\u011f\u0131 Ger\u00e7ekler(The facts exposed by the studies of lexicology, semantics on Orkhun and Yenisei inscriptions)<\/p>\n","protected":false},"featured_media":0,"template":"","meta":{"_monsterinsights_skip_tracking":false,"_monsterinsights_sitenote_active":false,"_monsterinsights_sitenote_note":"","_monsterinsights_sitenote_category":0},"product_brand":[],"product_cat":[13072,12291],"product_tag":[],"class_list":{"0":"post-700337","1":"product","2":"type-product","3":"status-publish","5":"product_cat-arastirma-inceleme-referans","6":"product_cat-edebiyat","7":"pa_tur-kitap","8":"pa_yayinevi-bilgi-yayinevi","9":"pa_yazar-dogan-aksan","11":"first","12":"instock","13":"sale","14":"shipping-taxable","15":"purchasable","16":"product-type-simple"},"_links":{"self":[{"href":"https:\/\/roveyayinevi.com.tr\/index.php\/wp-json\/wp\/v2\/product\/700337","targetHints":{"allow":["GET"]}}],"collection":[{"href":"https:\/\/roveyayinevi.com.tr\/index.php\/wp-json\/wp\/v2\/product"}],"about":[{"href":"https:\/\/roveyayinevi.com.tr\/index.php\/wp-json\/wp\/v2\/types\/product"}],"wp:attachment":[{"href":"https:\/\/roveyayinevi.com.tr\/index.php\/wp-json\/wp\/v2\/media?parent=700337"}],"wp:term":[{"taxonomy":"product_brand","embeddable":true,"href":"https:\/\/roveyayinevi.com.tr\/index.php\/wp-json\/wp\/v2\/product_brand?post=700337"},{"taxonomy":"product_cat","embeddable":true,"href":"https:\/\/roveyayinevi.com.tr\/index.php\/wp-json\/wp\/v2\/product_cat?post=700337"},{"taxonomy":"product_tag","embeddable":true,"href":"https:\/\/roveyayinevi.com.tr\/index.php\/wp-json\/wp\/v2\/product_tag?post=700337"}],"curies":[{"name":"wp","href":"https:\/\/api.w.org\/{rel}","templated":true}]}}