{"id":700332,"date":"2025-08-27T14:58:06","date_gmt":"2025-08-27T11:58:06","guid":{"rendered":"https:\/\/roveyayinevi.com.tr\/index.php\/urun\/dogu-asya-sinemasi\/"},"modified":"2026-04-16T02:09:37","modified_gmt":"2026-04-15T23:09:37","slug":"dogu-asya-sinemasi","status":"publish","type":"product","link":"https:\/\/roveyayinevi.com.tr\/index.php\/urun\/dogu-asya-sinemasi\/","title":{"rendered":"Do\u011fu Asya Sinemas\u0131"},"content":{"rendered":"<p>B\u00f6lgedeki b\u00fct\u00fcn \u00fclkelerden pek \u00e7ok film, kendi ortak Budist ve Konf\u00fc\u00e7yanist miraslar\u0131n\u0131n izlerini yans\u0131t\u0131r. \u00c7in topraklar\u0131 ve Kuzey Kore filmleri de Kom\u00fcnist ideoloji ile \u015fekillenmi\u015ftir. Baz\u0131 b\u00fcy\u00fck y\u00f6netmenlerin yap\u0131tlar\u0131nda Do\u011fu Asya\u2019ya \u00f6zg\u00fc g\u00f6rsel sanatlardaki geleneksel \u00e7izgilerin etkisini izlemek de m\u00fcmk\u00fcnd\u00fcr: imgelem, \u00e7er\u00e7eve i\u00e7indeki kompozisyon, bo\u015fluk alg\u0131s\u0131 gibi. D\u00f6v\u00fc\u015f sanatlar\u0131n\u0131n bi\u00e7imleri de, en pop\u00fcler e\u011flence \u00fcr\u00fcnlerinden en ba\u015far\u0131l\u0131 sanatsal kazan\u0131mlara, filmlerin ba\u015far\u0131s\u0131na b\u00fcy\u00fck oranda katk\u0131da bulunmu\u015ftur. Her \u00fclke filmleri arac\u0131l\u0131\u011f\u0131yla kendi \u00f6zg\u00fcn d\u00f6v\u00fc\u015f sanatlar\u0131 formunu pop\u00fclerle\u015ftirebilmi\u015ftir. \u00c7ince konu\u015fan b\u00f6lgelerde Kung-Fu ve Tai-chi, Japonya\u2019da Kendo ve Karate, Kore\u2019de (\u00f6zellikle G\u00fcney Kore\u2019de) Tekvando ve Taekgyeon \u00f6ne \u00e7\u0131km\u0131\u015ft\u0131r. G\u00fcney ve Kuzey Kore sinemalar\u0131n\u0131n ortak ba\u015flang\u0131\u00e7lar\u0131 oldu\u011fu ve \u0130kinci D\u00fcnya Sava\u015f\u0131\u2019n\u0131n sonras\u0131na kadar ortak bir tarihi payla\u015ft\u0131klar\u0131 i\u00e7in bu kitaptaki tarihsel d\u00f6k\u00fcmde bunlar s\u00fcre\u011fen bir anlat\u0131n\u0131n par\u00e7as\u0131 olarak Japon hakimiyeti alt\u0131ndaki d\u00f6nem, G\u00fcney Kore ve Kuzey Kore ba\u015fl\u0131klar\u0131nda \u00fc\u00e7 par\u00e7aya b\u00f6l\u00fcnerek sunulmu\u015flard\u0131r. Tayvan \u00f6rne\u011finde Anakara \u00c7in\u2019den m\u00fclteciler taraf\u0131ndan kurulan yeni bir \u00fclke oldu\u011fu ve Japon hakimiyeti boyunca \u00e7ok az say\u0131da film \u00fcretildi\u011fi i\u00e7in bu \u00fclkenin sinema tarihini \u00c7in sinemas\u0131ndan ba\u011f\u0131ms\u0131z olarak sunmak m\u00fcmk\u00fcn olmu\u015ftur. Bu kitap, Do\u011fu Asya sinemas\u0131nda ba\u015flang\u0131c\u0131ndan g\u00fcn\u00fcm\u00fcze kadar olan geli\u015fmelere geni\u015f bir bak\u0131\u015f getirmeye \u00e7al\u0131\u015f\u0131yor. Se\u00e7ilen y\u00f6netmenlere ve onlar\u0131n filmlerine sa\u011flanan \u00f6zet bilgilerin bu y\u00f6netmenlerin filmlerinin b\u00fct\u00fcn\u00fcn\u00fc daha derinlikli incelemeleri i\u00e7in okuyucular\u0131 te\u015fvik edece\u011fi d\u00fc\u015f\u00fcn\u00fcld\u00fc. Yazar\u0131n se\u00e7kisinde tarihsel \u00f6nem, sanatsal ba\u015far\u0131, yenilik\u00e7ilik, janr\u0131n\u0131n \u00f6nemli \u00f6rne\u011fi olma, bir a\u00e7\u0131dan \u00f6zg\u00fcnl\u00fck, bir ak\u0131m\u0131 temsil etme, kendi \u00fclkelerindeki sosyal ya da k\u00fclt\u00fcrel bir temay\u0131 yans\u0131tmak ya da bir y\u00f6netmenin kariyerindeki d\u00f6n\u00fcm noktalar\u0131n\u0131 yans\u0131tmak gibi kriterlerin bir ya da daha fazlas\u0131n\u0131 sa\u011flayan filmlere yer vermi\u015ftir. <\/p>\n","protected":false},"excerpt":{"rendered":"<p>B\u00f6lgedeki b\u00fct\u00fcn \u00fclkelerden pek \u00e7ok film, kendi ortak Budist ve Konf\u00fc\u00e7yanist miraslar\u0131n\u0131n izlerini yans\u0131t\u0131r. \u00c7in topraklar\u0131 ve Kuzey Kore filmleri de Kom\u00fcnist ideoloji ile \u015fekillenmi\u015ftir. Baz\u0131<span class=\"excerpt-hellip\"> [\u2026]<\/span><\/p>\n","protected":false},"featured_media":0,"template":"","meta":{"_monsterinsights_skip_tracking":false,"_monsterinsights_sitenote_active":false,"_monsterinsights_sitenote_note":"","_monsterinsights_sitenote_category":0},"product_brand":[],"product_cat":[12409,12408],"product_tag":[],"class_list":{"0":"post-700332","1":"product","2":"type-product","3":"status-publish","5":"product_cat-fotograf-sinema-tiyatro","6":"product_cat-sanat","7":"pa_tur-kitap","8":"pa_yayinevi-kalkedon-yayincilik","9":"pa_yazar-david-carter","11":"first","12":"instock","13":"sale","14":"shipping-taxable","15":"purchasable","16":"product-type-simple"},"_links":{"self":[{"href":"https:\/\/roveyayinevi.com.tr\/index.php\/wp-json\/wp\/v2\/product\/700332","targetHints":{"allow":["GET"]}}],"collection":[{"href":"https:\/\/roveyayinevi.com.tr\/index.php\/wp-json\/wp\/v2\/product"}],"about":[{"href":"https:\/\/roveyayinevi.com.tr\/index.php\/wp-json\/wp\/v2\/types\/product"}],"wp:attachment":[{"href":"https:\/\/roveyayinevi.com.tr\/index.php\/wp-json\/wp\/v2\/media?parent=700332"}],"wp:term":[{"taxonomy":"product_brand","embeddable":true,"href":"https:\/\/roveyayinevi.com.tr\/index.php\/wp-json\/wp\/v2\/product_brand?post=700332"},{"taxonomy":"product_cat","embeddable":true,"href":"https:\/\/roveyayinevi.com.tr\/index.php\/wp-json\/wp\/v2\/product_cat?post=700332"},{"taxonomy":"product_tag","embeddable":true,"href":"https:\/\/roveyayinevi.com.tr\/index.php\/wp-json\/wp\/v2\/product_tag?post=700332"}],"curies":[{"name":"wp","href":"https:\/\/api.w.org\/{rel}","templated":true}]}}