{"id":700331,"date":"2025-08-27T14:58:06","date_gmt":"2025-08-27T11:58:06","guid":{"rendered":"https:\/\/roveyayinevi.com.tr\/index.php\/urun\/asya-korku-sinemasi\/"},"modified":"2026-04-16T02:09:37","modified_gmt":"2026-04-15T23:09:37","slug":"asya-korku-sinemasi","status":"publish","type":"product","link":"https:\/\/roveyayinevi.com.tr\/index.php\/urun\/asya-korku-sinemasi\/","title":{"rendered":"Asya Korku Sinemas\u0131"},"content":{"rendered":"<p>Kitap, buna ek olarak, Do\u011fu ve Bat\u0131 Korku Sinemas\u0131 aras\u0131ndaki ili\u015fkinin karma\u015f\u0131kl\u0131\u011f\u0131n\u0131n a\u00e7\u0131kl\u0131\u011fa kavu\u015fmas\u0131na biraz da olsa katk\u0131da bulunmay\u0131 arzulamaktad\u0131r. Yeni Dalga Asya Korku, Ring filmiyle ilk kez patlad\u0131\u011f\u0131nda, bu filmlerin yerli \u00f6zetleri, Hollywood yap\u0131m\u0131 filmlerin kalitesizli\u011fini ortaya koyan merkez sinemalarda g\u00f6sterimdeydi. Nakata\u2019n\u0131n m\u00fckemmel Dark Water (Karanl\u0131k Sular, 2002) filmiyle Chan-Wood Park\u2019\u0131n \u00fcrpertici Sympathy for Mr Vengeance (2002) filmi, Freddy vs Jason\u2019\u0131n ruhsuz maskaral\u0131\u011f\u0131n\u0131n yan\u0131nda (bu filmi ironik bir \u015fekilde Asyal\u0131 g\u00f6\u00e7men Ronny Yu \u00e7ekmi\u015ftir) kal\u0131c\u0131 etki yaratm\u0131\u015ft\u0131. R\u00fczg\u00e2r\u0131n do\u011fru y\u00f6nde esti\u011fi \u00e7ok netti. Hollywood, yeni t\u00fcr korku arayan modern seyirci \u00fczerindeki etkisini kan\u0131tlam\u0131\u015f Asya Korku\u2019lar\u0131n\u0131n telif haklar\u0131n\u0131 almak i\u00e7in h\u0131zl\u0131 hareket etti. Gore Verbinski\u2019nin 2002\u2019deki karl\u0131 Ring (Halka) \u00e7ekiminden itibaren, Asya orijinallerinin kaliteli uyarlamalar\u0131, d\u00fcnya \u00e7ap\u0131ndaki seyirci \u00fczerinde etkisini artt\u0131rmaya ba\u015flad\u0131. Filmlerin \u00f6nemli bir k\u0131sm\u0131 ger\u00e7ekten korkutucuydu; ancak kaynaklar dikkate al\u0131nd\u0131\u011f\u0131nda filmler vasat\u0131n \u00fcst\u00fcne \u00e7\u0131kamad\u0131. Bu s\u00fcrece paralel olarak, J-Korku (ve di\u011fer Asyal\u0131 \u00e7e\u015fitlerinin), fear dot com (Korku Nokta Com, 2002), The Amityville Horror (Deh\u015fet Soka\u011f\u0131, 2005) ve The Exorcism of Emily Rose (\u015eeytan \u00c7arpmas\u0131, 2005) gibi, \u00fcslup olarak farkl\u0131 pek \u00e7ok Hollywood uyarlamas\u0131 yap\u0131l\u0131yordu. <\/p>\n","protected":false},"excerpt":{"rendered":"<p>Kitap, buna ek olarak, Do\u011fu ve Bat\u0131 Korku Sinemas\u0131 aras\u0131ndaki ili\u015fkinin karma\u015f\u0131kl\u0131\u011f\u0131n\u0131n a\u00e7\u0131kl\u0131\u011fa kavu\u015fmas\u0131na biraz da olsa katk\u0131da bulunmay\u0131 arzulamaktad\u0131r. Yeni Dalga Asya Korku, Ring filmiyle<span class=\"excerpt-hellip\"> [\u2026]<\/span><\/p>\n","protected":false},"featured_media":0,"template":"","meta":{"_monsterinsights_skip_tracking":false,"_monsterinsights_sitenote_active":false,"_monsterinsights_sitenote_note":"","_monsterinsights_sitenote_category":0},"product_brand":[],"product_cat":[12409,12408],"product_tag":[],"class_list":{"0":"post-700331","1":"product","2":"type-product","3":"status-publish","5":"product_cat-fotograf-sinema-tiyatro","6":"product_cat-sanat","7":"pa_tur-kitap","8":"pa_yayinevi-kalkedon-yayincilik","9":"pa_yazar-andy-richards","11":"first","12":"instock","13":"sale","14":"shipping-taxable","15":"purchasable","16":"product-type-simple"},"_links":{"self":[{"href":"https:\/\/roveyayinevi.com.tr\/index.php\/wp-json\/wp\/v2\/product\/700331","targetHints":{"allow":["GET"]}}],"collection":[{"href":"https:\/\/roveyayinevi.com.tr\/index.php\/wp-json\/wp\/v2\/product"}],"about":[{"href":"https:\/\/roveyayinevi.com.tr\/index.php\/wp-json\/wp\/v2\/types\/product"}],"wp:attachment":[{"href":"https:\/\/roveyayinevi.com.tr\/index.php\/wp-json\/wp\/v2\/media?parent=700331"}],"wp:term":[{"taxonomy":"product_brand","embeddable":true,"href":"https:\/\/roveyayinevi.com.tr\/index.php\/wp-json\/wp\/v2\/product_brand?post=700331"},{"taxonomy":"product_cat","embeddable":true,"href":"https:\/\/roveyayinevi.com.tr\/index.php\/wp-json\/wp\/v2\/product_cat?post=700331"},{"taxonomy":"product_tag","embeddable":true,"href":"https:\/\/roveyayinevi.com.tr\/index.php\/wp-json\/wp\/v2\/product_tag?post=700331"}],"curies":[{"name":"wp","href":"https:\/\/api.w.org\/{rel}","templated":true}]}}