{"id":700330,"date":"2025-08-27T14:58:05","date_gmt":"2025-08-27T11:58:05","guid":{"rendered":"https:\/\/roveyayinevi.com.tr\/index.php\/urun\/agac-okul\/"},"modified":"2026-04-16T02:09:37","modified_gmt":"2026-04-15T23:09:37","slug":"agac-okul","status":"publish","type":"product","link":"https:\/\/roveyayinevi.com.tr\/index.php\/urun\/agac-okul\/","title":{"rendered":"A\u011fa\u00e7 Okul"},"content":{"rendered":"<p>Afganistan olay\u0131 sessiz kal\u0131nacak bir olay de\u011fil. Fakat bu biraz da miza\u00e7 i\u015fidir diyebilirim. Bir heyecan i\u015fi. Bir \u015fairin binlerce kilometre uzaktan bir heyecan\u0131 duymas\u0131 ise olduk\u00e7a kolay. Ben ilgilendim, onda enteresan dinamikler yakalad\u0131m, zaman zaman \u015fiirle\u015ftirdim bunu. \ufffcTan\u0131t\u0131m Metni<\/p>\n","protected":false},"excerpt":{"rendered":"<p>Afganistan olay\u0131 sessiz kal\u0131nacak bir olay de\u011fil. Fakat bu biraz da miza\u00e7 i\u015fidir diyebilirim. Bir heyecan i\u015fi. Bir \u015fairin binlerce kilometre uzaktan bir heyecan\u0131 duymas\u0131 ise<span class=\"excerpt-hellip\"> [\u2026]<\/span><\/p>\n","protected":false},"featured_media":0,"template":"","meta":{"_monsterinsights_skip_tracking":false,"_monsterinsights_sitenote_active":false,"_monsterinsights_sitenote_note":"","_monsterinsights_sitenote_category":0},"product_brand":[],"product_cat":[12274],"product_tag":[],"class_list":{"0":"post-700330","1":"product","2":"type-product","3":"status-publish","5":"product_cat-cocuk-ve-genclik-kitaplari","6":"pa_cilt-ciltsiz","7":"pa_tur-kitap","8":"pa_yayinevi-beyan-yayinlari","9":"pa_yazar-cahit-zarifoglu","11":"first","12":"instock","13":"sale","14":"shipping-taxable","15":"purchasable","16":"product-type-simple"},"_links":{"self":[{"href":"https:\/\/roveyayinevi.com.tr\/index.php\/wp-json\/wp\/v2\/product\/700330","targetHints":{"allow":["GET"]}}],"collection":[{"href":"https:\/\/roveyayinevi.com.tr\/index.php\/wp-json\/wp\/v2\/product"}],"about":[{"href":"https:\/\/roveyayinevi.com.tr\/index.php\/wp-json\/wp\/v2\/types\/product"}],"wp:attachment":[{"href":"https:\/\/roveyayinevi.com.tr\/index.php\/wp-json\/wp\/v2\/media?parent=700330"}],"wp:term":[{"taxonomy":"product_brand","embeddable":true,"href":"https:\/\/roveyayinevi.com.tr\/index.php\/wp-json\/wp\/v2\/product_brand?post=700330"},{"taxonomy":"product_cat","embeddable":true,"href":"https:\/\/roveyayinevi.com.tr\/index.php\/wp-json\/wp\/v2\/product_cat?post=700330"},{"taxonomy":"product_tag","embeddable":true,"href":"https:\/\/roveyayinevi.com.tr\/index.php\/wp-json\/wp\/v2\/product_tag?post=700330"}],"curies":[{"name":"wp","href":"https:\/\/api.w.org\/{rel}","templated":true}]}}