{"id":700329,"date":"2025-08-27T14:58:05","date_gmt":"2025-08-27T11:58:05","guid":{"rendered":"https:\/\/roveyayinevi.com.tr\/index.php\/urun\/egitsel-siirler\/"},"modified":"2026-04-16T02:09:37","modified_gmt":"2026-04-15T23:09:37","slug":"egitsel-siirler","status":"publish","type":"product","link":"https:\/\/roveyayinevi.com.tr\/index.php\/urun\/egitsel-siirler\/","title":{"rendered":"E\u011fitsel \u015eiirler"},"content":{"rendered":"<p>\u015eiir ve \u015fark\u0131, olgu ve ilkeleri \u00f6\u011frencilere \u00f6\u011fretmekte \u00f6nemli ve etkili olmaktad\u0131r. \u015eiirler yedili ve sekizli hece \u00f6l\u00e7\u00fcs\u00fcne g\u00f6re olgu ve ilkeleri temel alacak \u015fekilde yaz\u0131ld\u0131\u011f\u0131 zaman, \u00e7ocuk \u015fark\u0131lar\u0131na ve halk ezgilerine hemen uyarlan\u0131yor. Her \u00fcnite i\u00e7in bu tarz \u015fiirler kullan\u0131ld\u0131\u011f\u0131nda \u00f6\u011frenciler taraf\u0131ndan olgu ve ilkeler \u00e7abuk \u00f6\u011freniliyor ve \u00f6\u011frenme peki\u015fiyor. Bu kitapta yer alan \u015fiirler, hayat ve sosyal bilgiler derslerindeki her tema dikkate al\u0131narak yaz\u0131lm\u0131\u015ft\u0131r. \ufffcTan\u0131t\u0131m Metni<\/p>\n","protected":false},"excerpt":{"rendered":"<p>\u015eiir ve \u015fark\u0131, olgu ve ilkeleri \u00f6\u011frencilere \u00f6\u011fretmekte \u00f6nemli ve etkili olmaktad\u0131r. \u015eiirler yedili ve sekizli hece \u00f6l\u00e7\u00fcs\u00fcne g\u00f6re olgu ve ilkeleri temel alacak \u015fekilde yaz\u0131ld\u0131\u011f\u0131<span class=\"excerpt-hellip\"> [\u2026]<\/span><\/p>\n","protected":false},"featured_media":0,"template":"","meta":{"_monsterinsights_skip_tracking":false,"_monsterinsights_sitenote_active":false,"_monsterinsights_sitenote_note":"","_monsterinsights_sitenote_category":0},"product_brand":[],"product_cat":[12275,12274],"product_tag":[],"class_list":{"0":"post-700329","1":"product","2":"type-product","3":"status-publish","5":"product_cat-6-12-yas-kitaplari","6":"product_cat-cocuk-ve-genclik-kitaplari","7":"pa_cilt-ciltsiz","8":"pa_tur-kitap","9":"pa_yayinevi-ani-yayincilik","10":"pa_yazar-veysel-sonmez","12":"first","13":"instock","14":"sale","15":"shipping-taxable","16":"purchasable","17":"product-type-simple"},"_links":{"self":[{"href":"https:\/\/roveyayinevi.com.tr\/index.php\/wp-json\/wp\/v2\/product\/700329","targetHints":{"allow":["GET"]}}],"collection":[{"href":"https:\/\/roveyayinevi.com.tr\/index.php\/wp-json\/wp\/v2\/product"}],"about":[{"href":"https:\/\/roveyayinevi.com.tr\/index.php\/wp-json\/wp\/v2\/types\/product"}],"wp:attachment":[{"href":"https:\/\/roveyayinevi.com.tr\/index.php\/wp-json\/wp\/v2\/media?parent=700329"}],"wp:term":[{"taxonomy":"product_brand","embeddable":true,"href":"https:\/\/roveyayinevi.com.tr\/index.php\/wp-json\/wp\/v2\/product_brand?post=700329"},{"taxonomy":"product_cat","embeddable":true,"href":"https:\/\/roveyayinevi.com.tr\/index.php\/wp-json\/wp\/v2\/product_cat?post=700329"},{"taxonomy":"product_tag","embeddable":true,"href":"https:\/\/roveyayinevi.com.tr\/index.php\/wp-json\/wp\/v2\/product_tag?post=700329"}],"curies":[{"name":"wp","href":"https:\/\/api.w.org\/{rel}","templated":true}]}}