{"id":700325,"date":"2025-08-27T14:58:04","date_gmt":"2025-08-27T11:58:04","guid":{"rendered":"https:\/\/roveyayinevi.com.tr\/index.php\/urun\/dijital-yayincilik\/"},"modified":"2026-02-23T10:52:32","modified_gmt":"2026-02-23T07:52:32","slug":"dijital-yayincilik","status":"publish","type":"product","link":"https:\/\/roveyayinevi.com.tr\/index.php\/urun\/dijital-yayincilik\/","title":{"rendered":"Dijital Yay\u0131nc\u0131l\u0131k"},"content":{"rendered":"<p>Dijital Kitap ve Dergi Sekt\u00f6r\u00fc \u0130\u00e7in Bir Ba\u015flang\u0131\u00e7 <\/p>\n","protected":false},"excerpt":{"rendered":"<p>Dijital Kitap ve Dergi Sekt\u00f6r\u00fc \u0130\u00e7in Bir Ba\u015flang\u0131\u00e7<\/p>\n","protected":false},"featured_media":0,"template":"","meta":{"_monsterinsights_skip_tracking":false,"_monsterinsights_sitenote_active":false,"_monsterinsights_sitenote_note":"","_monsterinsights_sitenote_category":0},"product_brand":[],"product_cat":[17969,13043],"product_tag":[],"class_list":{"0":"post-700325","1":"product","2":"type-product","3":"status-publish","5":"product_cat-e-ticaret","6":"product_cat-ekonomi","7":"pa_tur-kitap","8":"pa_yayinevi-profil-kitap","9":"pa_yazar-frania-hall","11":"first","12":"instock","13":"sale","14":"shipping-taxable","15":"purchasable","16":"product-type-simple"},"_links":{"self":[{"href":"https:\/\/roveyayinevi.com.tr\/index.php\/wp-json\/wp\/v2\/product\/700325","targetHints":{"allow":["GET"]}}],"collection":[{"href":"https:\/\/roveyayinevi.com.tr\/index.php\/wp-json\/wp\/v2\/product"}],"about":[{"href":"https:\/\/roveyayinevi.com.tr\/index.php\/wp-json\/wp\/v2\/types\/product"}],"wp:attachment":[{"href":"https:\/\/roveyayinevi.com.tr\/index.php\/wp-json\/wp\/v2\/media?parent=700325"}],"wp:term":[{"taxonomy":"product_brand","embeddable":true,"href":"https:\/\/roveyayinevi.com.tr\/index.php\/wp-json\/wp\/v2\/product_brand?post=700325"},{"taxonomy":"product_cat","embeddable":true,"href":"https:\/\/roveyayinevi.com.tr\/index.php\/wp-json\/wp\/v2\/product_cat?post=700325"},{"taxonomy":"product_tag","embeddable":true,"href":"https:\/\/roveyayinevi.com.tr\/index.php\/wp-json\/wp\/v2\/product_tag?post=700325"}],"curies":[{"name":"wp","href":"https:\/\/api.w.org\/{rel}","templated":true}]}}