{"id":700324,"date":"2025-08-27T14:58:04","date_gmt":"2025-08-27T11:58:04","guid":{"rendered":"https:\/\/roveyayinevi.com.tr\/index.php\/urun\/egitim-yonetimi\/"},"modified":"2026-04-16T02:09:37","modified_gmt":"2026-04-15T23:09:37","slug":"egitim-yonetimi","status":"publish","type":"product","link":"https:\/\/roveyayinevi.com.tr\/index.php\/urun\/egitim-yonetimi\/","title":{"rendered":"E\u011fitim Y\u00f6netimi"},"content":{"rendered":"<p>B\u00d6L\u00dcM 1 \u00d6RG\u00dcT VE B\u0130REY 1.\u00d6RG\u00dcT VE B\u0130REY   B\u00d6L\u00dcM 2 \u00d6RG\u00dcT VE Y\u00d6NET\u0130M KURAMLARI 2. \u00d6RG\u00dcT VE Y\u00d6NET\u0130M KURAMLARI   B\u00d6L\u00dcM 3 Y\u00d6NET\u0130M S\u00dcRE\u00c7LER\u0130 3. Y\u00d6NET\u0130M S\u00dcRE\u00c7LER   B\u00d6L\u00dcM 4 E\u011e\u0130T\u0130M Y\u00d6NET\u0130M\u0130N\u0130N KEND\u0130NE \u00d6ZG\u00dc Y\u00d6NLER\u0130 4. E\u011e\u0130T\u0130M Y\u00d6NET\u0130M\u0130N\u0130N KEND\u0130NE \u00d6ZG\u00dc Y\u00d6NLER\u0130   B\u00d6L\u00dcM 5 SOSYAL B\u0130R S\u0130STEM OLARAK OKUL 5. SOSYAL B\u0130R S\u0130STEM OLARAK OKUL   B\u00d6L\u00dcM 6 \u00d6RG\u00dcTSEL DE\u011e\u0130\u015eMEN\u0130N DO\u011eASI 6. \u00d6RG\u00dcTSEL DE\u011e\u0130\u015eMEN\u0130N DO\u011eASI B\u00d6L\u00dcM 7 L\u0130DERL\u0130K, YAKLA\u015eIMLAR, KURAMLAR 7. L\u0130DERL\u0130K, YAKLA\u015eIMLAR, KURAMLAR   B\u00d6L\u00dcM 8 Y\u00d6NET\u0130C\u0130-Y\u00d6NET\u0130LEN \u0130L\u0130\u015eK\u0130LER\u0130 8. Y\u00d6NET\u0130C\u0130-Y\u00d6NET\u0130LEN \u0130L\u0130\u015eK\u0130LER\u0130   B\u00d6L\u00dcM 9 \u00d6RG\u00dcTLERDE \u00c7ATI\u015eMA 9. \u00d6RG\u00dcTLERDE \u00c7ATI\u015eMA <\/p>\n","protected":false},"excerpt":{"rendered":"<p>B\u00d6L\u00dcM 1 \u00d6RG\u00dcT VE B\u0130REY 1.\u00d6RG\u00dcT VE B\u0130REY B\u00d6L\u00dcM 2 \u00d6RG\u00dcT VE Y\u00d6NET\u0130M KURAMLARI 2. \u00d6RG\u00dcT VE Y\u00d6NET\u0130M KURAMLARI B\u00d6L\u00dcM 3 Y\u00d6NET\u0130M S\u00dcRE\u00c7LER\u0130 3. Y\u00d6NET\u0130M S\u00dcRE\u00c7LER<span class=\"excerpt-hellip\"> [\u2026]<\/span><\/p>\n","protected":false},"featured_media":0,"template":"","meta":{"_monsterinsights_skip_tracking":false,"_monsterinsights_sitenote_active":false,"_monsterinsights_sitenote_note":"","_monsterinsights_sitenote_category":0},"product_brand":[],"product_cat":[12573,12566],"product_tag":[],"class_list":{"0":"post-700324","1":"product","2":"type-product","3":"status-publish","5":"product_cat-akademik-kitaplar","6":"product_cat-egitim","7":"pa_cilt-ciltsiz","8":"pa_tur-kitap","9":"pa_yayinevi-gazi-kitabevi","10":"pa_yazar-mustafa-aydin","12":"first","13":"instock","14":"sale","15":"shipping-taxable","16":"purchasable","17":"product-type-simple"},"_links":{"self":[{"href":"https:\/\/roveyayinevi.com.tr\/index.php\/wp-json\/wp\/v2\/product\/700324","targetHints":{"allow":["GET"]}}],"collection":[{"href":"https:\/\/roveyayinevi.com.tr\/index.php\/wp-json\/wp\/v2\/product"}],"about":[{"href":"https:\/\/roveyayinevi.com.tr\/index.php\/wp-json\/wp\/v2\/types\/product"}],"wp:attachment":[{"href":"https:\/\/roveyayinevi.com.tr\/index.php\/wp-json\/wp\/v2\/media?parent=700324"}],"wp:term":[{"taxonomy":"product_brand","embeddable":true,"href":"https:\/\/roveyayinevi.com.tr\/index.php\/wp-json\/wp\/v2\/product_brand?post=700324"},{"taxonomy":"product_cat","embeddable":true,"href":"https:\/\/roveyayinevi.com.tr\/index.php\/wp-json\/wp\/v2\/product_cat?post=700324"},{"taxonomy":"product_tag","embeddable":true,"href":"https:\/\/roveyayinevi.com.tr\/index.php\/wp-json\/wp\/v2\/product_tag?post=700324"}],"curies":[{"name":"wp","href":"https:\/\/api.w.org\/{rel}","templated":true}]}}