{"id":700319,"date":"2025-08-27T14:58:02","date_gmt":"2025-08-27T11:58:02","guid":{"rendered":"https:\/\/roveyayinevi.com.tr\/index.php\/urun\/sosyolojiye-giris-2\/"},"modified":"2026-04-16T02:09:36","modified_gmt":"2026-04-15T23:09:36","slug":"sosyolojiye-giris-2","status":"publish","type":"product","link":"https:\/\/roveyayinevi.com.tr\/index.php\/urun\/sosyolojiye-giris-2\/","title":{"rendered":"Sosyolojiye Giri\u015f"},"content":{"rendered":"<p>Her ge\u00e7en g\u00fcn daha fazla ile karakterize edilen bir d\u00fcnyada, sapla saman\u0131 birbirinden ay\u0131rabilen, fikirlerle bulgular aras\u0131ndaki fark\u0131 g\u00f6sterebilen ve belki de en \u00f6nemlisi, politikac\u0131lar\u0131n ve uygulay\u0131c\u0131lar\u0131n hakk\u0131yla kulland\u0131klar\u0131nda, yurtta\u015flar\u0131n ya\u015famlar\u0131n\u0131 iyile\u015ftirebilecek ara\u015ft\u0131rmalar\u0131n temellerini ortaya koyabilecek bir rehbere olan ihtiyac\u0131m\u0131z art\u0131yor. \ufffc<\/p>\n","protected":false},"excerpt":{"rendered":"<p>Her ge\u00e7en g\u00fcn daha fazla ile karakterize edilen bir d\u00fcnyada, sapla saman\u0131 birbirinden ay\u0131rabilen, fikirlerle bulgular aras\u0131ndaki fark\u0131 g\u00f6sterebilen ve belki de en \u00f6nemlisi, politikac\u0131lar\u0131n ve<span class=\"excerpt-hellip\"> [\u2026]<\/span><\/p>\n","protected":false},"featured_media":0,"template":"","meta":{"_monsterinsights_skip_tracking":false,"_monsterinsights_sitenote_active":false,"_monsterinsights_sitenote_note":"","_monsterinsights_sitenote_category":0},"product_brand":[],"product_cat":[12324,27533],"product_tag":[],"class_list":{"0":"post-700319","1":"product","2":"type-product","3":"status-publish","5":"product_cat-sosyoloji","6":"product_cat-sosyolojiye-giris","7":"pa_cilt-ciltsiz","8":"pa_tur-kitap","9":"pa_yayinevi-say-yayinlari","10":"pa_yazar-ken-browne","12":"first","13":"instock","14":"sale","15":"shipping-taxable","16":"purchasable","17":"product-type-simple"},"_links":{"self":[{"href":"https:\/\/roveyayinevi.com.tr\/index.php\/wp-json\/wp\/v2\/product\/700319","targetHints":{"allow":["GET"]}}],"collection":[{"href":"https:\/\/roveyayinevi.com.tr\/index.php\/wp-json\/wp\/v2\/product"}],"about":[{"href":"https:\/\/roveyayinevi.com.tr\/index.php\/wp-json\/wp\/v2\/types\/product"}],"wp:attachment":[{"href":"https:\/\/roveyayinevi.com.tr\/index.php\/wp-json\/wp\/v2\/media?parent=700319"}],"wp:term":[{"taxonomy":"product_brand","embeddable":true,"href":"https:\/\/roveyayinevi.com.tr\/index.php\/wp-json\/wp\/v2\/product_brand?post=700319"},{"taxonomy":"product_cat","embeddable":true,"href":"https:\/\/roveyayinevi.com.tr\/index.php\/wp-json\/wp\/v2\/product_cat?post=700319"},{"taxonomy":"product_tag","embeddable":true,"href":"https:\/\/roveyayinevi.com.tr\/index.php\/wp-json\/wp\/v2\/product_tag?post=700319"}],"curies":[{"name":"wp","href":"https:\/\/api.w.org\/{rel}","templated":true}]}}