{"id":700318,"date":"2025-08-27T14:58:02","date_gmt":"2025-08-27T11:58:02","guid":{"rendered":"https:\/\/roveyayinevi.com.tr\/index.php\/urun\/roger-ackroyd-cinayeti\/"},"modified":"2026-04-16T02:09:36","modified_gmt":"2026-04-15T23:09:36","slug":"roger-ackroyd-cinayeti","status":"publish","type":"product","link":"https:\/\/roveyayinevi.com.tr\/index.php\/urun\/roger-ackroyd-cinayeti\/","title":{"rendered":"Roger Ackroyd Cinayeti"},"content":{"rendered":"<p>King\u2019s Abbot k\u00f6y\u00fcndeki sakin ya\u015fam bir anda alt\u00fcst olur. Dul bir kad\u0131n\u0131n \u015f\u00fcpheli intihar\u0131 as\u0131ls\u0131z dedikodulara yol a\u00e7ar. K\u00f6y, ilk kocas\u0131n\u0131 \u00f6ld\u00fcrd\u00fc\u011f\u00fcn\u00fc bilen biri taraf\u0131ndan kad\u0131na \u015fantaj yap\u0131ld\u0131\u011f\u0131 ve Roger Ackroyd\u2019un onun gizli a\u015f\u0131\u011f\u0131 oldu\u011fu s\u00f6ylentileriyle \u00e7alkalanmaktad\u0131r. Fakat Ackroyd cinayete kurban gidince, t\u00fcm \u015f\u00fcpheler ev halk\u0131n\u0131n \u00fcst\u00fcne odaklan\u0131r. Kendini emekliye ay\u0131ran ve sebze yeti\u015ftirmek i\u00e7in King\u2019s Abbot k\u00f6y\u00fcne yerle\u015fen, Hercule Poirot, istemeden cinayete el koyar ve \u015feytani bir zekaya sahip katili yakalamaya \u00e7al\u0131\u015f\u0131r. \ufffc<\/p>\n","protected":false},"excerpt":{"rendered":"<p>King\u2019s Abbot k\u00f6y\u00fcndeki sakin ya\u015fam bir anda alt\u00fcst olur. Dul bir kad\u0131n\u0131n \u015f\u00fcpheli intihar\u0131 as\u0131ls\u0131z dedikodulara yol a\u00e7ar. K\u00f6y, ilk kocas\u0131n\u0131 \u00f6ld\u00fcrd\u00fc\u011f\u00fcn\u00fc bilen biri taraf\u0131ndan kad\u0131na<span class=\"excerpt-hellip\"> [\u2026]<\/span><\/p>\n","protected":false},"featured_media":0,"template":"","meta":{"_monsterinsights_skip_tracking":false,"_monsterinsights_sitenote_active":false,"_monsterinsights_sitenote_note":"","_monsterinsights_sitenote_category":0},"product_brand":[],"product_cat":[12291,12866],"product_tag":[],"class_list":{"0":"post-700318","1":"product","2":"type-product","3":"status-publish","5":"product_cat-edebiyat","6":"product_cat-ingiliz-edebiyati","7":"pa_cilt-ciltsiz","8":"pa_tur-kitap","9":"pa_yayinevi-altin-kitaplar","10":"pa_yazar-agatha-christie","12":"first","13":"instock","14":"sale","15":"shipping-taxable","16":"purchasable","17":"product-type-simple"},"_links":{"self":[{"href":"https:\/\/roveyayinevi.com.tr\/index.php\/wp-json\/wp\/v2\/product\/700318","targetHints":{"allow":["GET"]}}],"collection":[{"href":"https:\/\/roveyayinevi.com.tr\/index.php\/wp-json\/wp\/v2\/product"}],"about":[{"href":"https:\/\/roveyayinevi.com.tr\/index.php\/wp-json\/wp\/v2\/types\/product"}],"wp:attachment":[{"href":"https:\/\/roveyayinevi.com.tr\/index.php\/wp-json\/wp\/v2\/media?parent=700318"}],"wp:term":[{"taxonomy":"product_brand","embeddable":true,"href":"https:\/\/roveyayinevi.com.tr\/index.php\/wp-json\/wp\/v2\/product_brand?post=700318"},{"taxonomy":"product_cat","embeddable":true,"href":"https:\/\/roveyayinevi.com.tr\/index.php\/wp-json\/wp\/v2\/product_cat?post=700318"},{"taxonomy":"product_tag","embeddable":true,"href":"https:\/\/roveyayinevi.com.tr\/index.php\/wp-json\/wp\/v2\/product_tag?post=700318"}],"curies":[{"name":"wp","href":"https:\/\/api.w.org\/{rel}","templated":true}]}}