{"id":700311,"date":"2025-08-27T14:58:00","date_gmt":"2025-08-27T11:58:00","guid":{"rendered":"https:\/\/roveyayinevi.com.tr\/index.php\/urun\/resimlerle-hasdalda-3-yil\/"},"modified":"2026-04-16T02:09:36","modified_gmt":"2026-04-15T23:09:36","slug":"resimlerle-hasdalda-3-yil","status":"publish","type":"product","link":"https:\/\/roveyayinevi.com.tr\/index.php\/urun\/resimlerle-hasdalda-3-yil\/","title":{"rendered":"Resimlerle Hasdal\u2019da 3 Y\u0131l"},"content":{"rendered":"<p>\u201c Er Kemalettin Yakar\u201d 3 seneyi a\u015fk\u0131n bir s\u00fcredir TSK ve ulusalc\u0131 g\u00fc\u00e7lere kurulan \u201ckumpas\u201d nedeniyle Hasdal cezaevi\u2019nde. Bu s\u00fcre boyunca 200\u2019\u00fc a\u015fk\u0131n resim yapm\u0131\u015f. Bu kitapta bu resimlerden bir se\u00e7ki yer al\u0131yor. Neler yok ki bu resimlerde: \u201cBaba yeter art\u0131k gel ne olur\u201d diye hayk\u0131ran \u00e7ocuklar, \u015fehit o\u011flunun tabutuna bakan baban\u0131n ac\u0131s\u0131, galaksinin en g\u00fczel k\u0131z\u0131, Haziran Direni\u015fi, h\u00fcsran, \u00f6zg\u00fcrl\u00fck ve adaletin d\u00fc\u015ft\u00fc\u011f\u00fc durum\u2026 <\/p>\n","protected":false},"excerpt":{"rendered":"<p>\u201c Er Kemalettin Yakar\u201d 3 seneyi a\u015fk\u0131n bir s\u00fcredir TSK ve ulusalc\u0131 g\u00fc\u00e7lere kurulan \u201ckumpas\u201d nedeniyle Hasdal cezaevi\u2019nde. Bu s\u00fcre boyunca 200\u2019\u00fc a\u015fk\u0131n resim yapm\u0131\u015f. Bu<span class=\"excerpt-hellip\"> [\u2026]<\/span><\/p>\n","protected":false},"featured_media":0,"template":"","meta":{"_monsterinsights_skip_tracking":false,"_monsterinsights_sitenote_active":false,"_monsterinsights_sitenote_note":"","_monsterinsights_sitenote_category":0},"product_brand":[],"product_cat":[15733,12408],"product_tag":[],"class_list":{"0":"post-700311","1":"product","2":"type-product","3":"status-publish","5":"product_cat-resim","6":"product_cat-sanat","7":"pa_tur-kitap","8":"pa_yayinevi-kaynak-yayinlari","9":"pa_yazar-kemalettin-yakar","11":"first","12":"instock","13":"sale","14":"shipping-taxable","15":"purchasable","16":"product-type-simple"},"_links":{"self":[{"href":"https:\/\/roveyayinevi.com.tr\/index.php\/wp-json\/wp\/v2\/product\/700311","targetHints":{"allow":["GET"]}}],"collection":[{"href":"https:\/\/roveyayinevi.com.tr\/index.php\/wp-json\/wp\/v2\/product"}],"about":[{"href":"https:\/\/roveyayinevi.com.tr\/index.php\/wp-json\/wp\/v2\/types\/product"}],"wp:attachment":[{"href":"https:\/\/roveyayinevi.com.tr\/index.php\/wp-json\/wp\/v2\/media?parent=700311"}],"wp:term":[{"taxonomy":"product_brand","embeddable":true,"href":"https:\/\/roveyayinevi.com.tr\/index.php\/wp-json\/wp\/v2\/product_brand?post=700311"},{"taxonomy":"product_cat","embeddable":true,"href":"https:\/\/roveyayinevi.com.tr\/index.php\/wp-json\/wp\/v2\/product_cat?post=700311"},{"taxonomy":"product_tag","embeddable":true,"href":"https:\/\/roveyayinevi.com.tr\/index.php\/wp-json\/wp\/v2\/product_tag?post=700311"}],"curies":[{"name":"wp","href":"https:\/\/api.w.org\/{rel}","templated":true}]}}