{"id":700310,"date":"2025-08-27T14:58:00","date_gmt":"2025-08-27T11:58:00","guid":{"rendered":"https:\/\/roveyayinevi.com.tr\/index.php\/urun\/yahudi-devleti\/"},"modified":"2026-04-12T02:11:22","modified_gmt":"2026-04-11T23:11:22","slug":"yahudi-devleti","status":"publish","type":"product","link":"https:\/\/roveyayinevi.com.tr\/index.php\/urun\/yahudi-devleti\/","title":{"rendered":"Yahudi Devleti"},"content":{"rendered":"<p>\u0130srail Yahudi Devleti, bu kitab\u0131n yaz\u0131l\u0131\u015f\u0131ndan yakla\u015f\u0131k elli y\u0131l sonra, tasarland\u0131\u011f\u0131 gibi kuruldu; bu kitapta da ayn\u0131 m\u00fchlet verilmi\u015fti Yahudilere ve Yahudi olmayanlara. Elinizdeki eser bir el kitab\u0131, \u00f6zel oldu\u011fu d\u00fc\u015f\u00fcn\u00fclen bir ulusun nas\u0131l bir devlet kurmas\u0131 konusunda ger\u00e7ekle\u015ftirdi\u011fi yakla\u015f\u0131mlarla bir prospekt\u00fcs, bir re\u00e7ete, c\u00fcreti ve aksan\u0131 ile bir aforizmalar toplulu\u011fu ve manifesto. \ufffcTan\u0131t\u0131m Metni<\/p>\n","protected":false},"excerpt":{"rendered":"<p>\u0130srail Yahudi Devleti, bu kitab\u0131n yaz\u0131l\u0131\u015f\u0131ndan yakla\u015f\u0131k elli y\u0131l sonra, tasarland\u0131\u011f\u0131 gibi kuruldu; bu kitapta da ayn\u0131 m\u00fchlet verilmi\u015fti Yahudilere ve Yahudi olmayanlara. Elinizdeki eser bir<span class=\"excerpt-hellip\"> [\u2026]<\/span><\/p>\n","protected":false},"featured_media":0,"template":"","meta":{"_monsterinsights_skip_tracking":false,"_monsterinsights_sitenote_active":false,"_monsterinsights_sitenote_note":"","_monsterinsights_sitenote_category":0},"product_brand":[],"product_cat":[16058,12337],"product_tag":[],"class_list":{"0":"post-700310","1":"product","2":"type-product","3":"status-publish","5":"product_cat-kurumlar-orgutler","6":"product_cat-politika-siyaset","7":"pa_cilt-ciltsiz","8":"pa_tur-kitap","9":"pa_yayinevi-atac-yayinlari","10":"pa_yazar-theodor-herzl","12":"first","13":"instock","14":"sale","15":"shipping-taxable","16":"purchasable","17":"product-type-simple"},"_links":{"self":[{"href":"https:\/\/roveyayinevi.com.tr\/index.php\/wp-json\/wp\/v2\/product\/700310","targetHints":{"allow":["GET"]}}],"collection":[{"href":"https:\/\/roveyayinevi.com.tr\/index.php\/wp-json\/wp\/v2\/product"}],"about":[{"href":"https:\/\/roveyayinevi.com.tr\/index.php\/wp-json\/wp\/v2\/types\/product"}],"wp:attachment":[{"href":"https:\/\/roveyayinevi.com.tr\/index.php\/wp-json\/wp\/v2\/media?parent=700310"}],"wp:term":[{"taxonomy":"product_brand","embeddable":true,"href":"https:\/\/roveyayinevi.com.tr\/index.php\/wp-json\/wp\/v2\/product_brand?post=700310"},{"taxonomy":"product_cat","embeddable":true,"href":"https:\/\/roveyayinevi.com.tr\/index.php\/wp-json\/wp\/v2\/product_cat?post=700310"},{"taxonomy":"product_tag","embeddable":true,"href":"https:\/\/roveyayinevi.com.tr\/index.php\/wp-json\/wp\/v2\/product_tag?post=700310"}],"curies":[{"name":"wp","href":"https:\/\/api.w.org\/{rel}","templated":true}]}}