{"id":700309,"date":"2025-08-27T14:58:00","date_gmt":"2025-08-27T11:58:00","guid":{"rendered":"https:\/\/roveyayinevi.com.tr\/index.php\/urun\/gramsciyi-anlamak\/"},"modified":"2026-01-29T02:18:05","modified_gmt":"2026-01-28T23:18:05","slug":"gramsciyi-anlamak","status":"publish","type":"product","link":"https:\/\/roveyayinevi.com.tr\/index.php\/urun\/gramsciyi-anlamak\/","title":{"rendered":"Gramsci\u2019yi Anlamak"},"content":{"rendered":"<p>Yirminci y\u00fczy\u0131l\u0131n en de\u011ferli ayd\u0131nlar\u0131 aras\u0131nda, \u00e7al\u0131\u015fmas\u0131n\u0131 \u00f6l\u00fcm\u00fcnden sonra, Antonio Gramsci\u2019ye nazaran daha zor eri\u015filebilir vaziyette b\u0131rakan herhalde kimse yoktur. Ancak bu, onun y\u00fczy\u0131l\u0131n belki de en iyi tan\u0131nan ve en b\u00fcy\u00fck etki yaratan \u0130talyan d\u00fc\u015f\u00fcn\u00fcr\u00fc olmas\u0131n\u0131 engellememi\u015ftir. Bunu, b\u00fcy\u00fck \u00f6l\u00e7\u00fcde, ya\u015famlar\u0131n\u0131n \u00f6nemlice bir b\u00f6l\u00fcm\u00fcn\u00fc Gramsci\u2019nin \u00e7al\u0131\u015fmalar\u0131n\u0131 metodolojik olarak organize etmeye ve \u00e7\u00f6z\u00fcmlemeye adam\u0131\u015f iki bilim adam\u0131na bor\u00e7luyuz: Valentino Gerratana ve Antonio A. Santucci. Art\u0131k onlar\u0131n ikisi de aram\u0131zda de\u011fil; Gerratana\u2019n\u0131n \u00f6l\u00fcm\u00fcn\u00fcn arkas\u0131ndan, ba\u015fta gelen Gramsci \u00e7al\u0131\u015fmalar\u0131 uzman\u0131 olarak meslekta\u015f\u0131 ve ger\u00e7ekte takip\u00e7isi olan Santucci\u2019yi de hi\u00e7 beklenmedik bir zamanda kaybettik. Santucci yaln\u0131zca elli d\u00f6rt ya\u015f\u0131ndayd\u0131; \u00f6l\u00fcm\u00fc, trajik oldu\u011fu kadar bizler i\u00e7in pi\u015fmanl\u0131\u011fa da neden olan bir olay oldu. Siyasal kuram tarihindeki pek \u00e7ok alandaki derin bilgilerini ironik ve uzla\u015fmaz bir zekayla ve biraz melankoliye de \u00e7alan esprili bir miza\u00e7la birle\u015ftirmi\u015f olan bu b\u00fcy\u00fck yetenekten neden daha fazlas\u0131n\u0131 beklememi\u015ftik? Santucci, Gramsci metinlerinin filolojik \u00e7\u00f6z\u00fcmlenmesinde en \u00f6nde gelen bilim adam\u0131 olmas\u0131n\u0131n yan\u0131nda, Gramsci ve Hapishane Defterleri \u00fczerinden, onun bir par\u00e7as\u0131 oldu\u011fu tarihsel d\u00f6nem hakk\u0131ndaki ele\u015ftirel \u00e7\u00f6z\u00fcmlemeleriyle de \u00fcn salm\u0131\u015ft\u0131. Bu nedenle Santucci, hem filolojik bilgeli\u011fiyle, hem de pek \u00e7ok denemede ifadesini bulan kendi \u00e7al\u0131\u015fmas\u0131yla, bilhassa da  kom\u00fcnizmsiz  bir d\u00fcnyada Gramsci\u2019nin devam eden \u00f6nemine ili\u015fkin d\u00fc\u015f\u00fcnceleriyle hat\u0131rlanmal\u0131d\u0131r. -Eric J. Hobsbawm- <\/p>\n","protected":false},"excerpt":{"rendered":"<p>Yirminci y\u00fczy\u0131l\u0131n en de\u011ferli ayd\u0131nlar\u0131 aras\u0131nda, \u00e7al\u0131\u015fmas\u0131n\u0131 \u00f6l\u00fcm\u00fcnden sonra, Antonio Gramsci\u2019ye nazaran daha zor eri\u015filebilir vaziyette b\u0131rakan herhalde kimse yoktur. Ancak bu, onun y\u00fczy\u0131l\u0131n belki de<span class=\"excerpt-hellip\"> [\u2026]<\/span><\/p>\n","protected":false},"featured_media":0,"template":"","meta":{"_monsterinsights_skip_tracking":false,"_monsterinsights_sitenote_active":false,"_monsterinsights_sitenote_note":"","_monsterinsights_sitenote_category":0},"product_brand":[],"product_cat":[13059,12337],"product_tag":[],"class_list":{"0":"post-700309","1":"product","2":"type-product","3":"status-publish","5":"product_cat-diger-politika-siyaset","6":"product_cat-politika-siyaset","7":"pa_tur-kitap","8":"pa_yayinevi-kalkedon-yayincilik","9":"pa_yazar-antonio-a-santucci","11":"first","12":"instock","13":"sale","14":"shipping-taxable","15":"purchasable","16":"product-type-simple"},"_links":{"self":[{"href":"https:\/\/roveyayinevi.com.tr\/index.php\/wp-json\/wp\/v2\/product\/700309","targetHints":{"allow":["GET"]}}],"collection":[{"href":"https:\/\/roveyayinevi.com.tr\/index.php\/wp-json\/wp\/v2\/product"}],"about":[{"href":"https:\/\/roveyayinevi.com.tr\/index.php\/wp-json\/wp\/v2\/types\/product"}],"wp:attachment":[{"href":"https:\/\/roveyayinevi.com.tr\/index.php\/wp-json\/wp\/v2\/media?parent=700309"}],"wp:term":[{"taxonomy":"product_brand","embeddable":true,"href":"https:\/\/roveyayinevi.com.tr\/index.php\/wp-json\/wp\/v2\/product_brand?post=700309"},{"taxonomy":"product_cat","embeddable":true,"href":"https:\/\/roveyayinevi.com.tr\/index.php\/wp-json\/wp\/v2\/product_cat?post=700309"},{"taxonomy":"product_tag","embeddable":true,"href":"https:\/\/roveyayinevi.com.tr\/index.php\/wp-json\/wp\/v2\/product_tag?post=700309"}],"curies":[{"name":"wp","href":"https:\/\/api.w.org\/{rel}","templated":true}]}}