{"id":700307,"date":"2025-08-27T14:57:59","date_gmt":"2025-08-27T11:57:59","guid":{"rendered":"https:\/\/roveyayinevi.com.tr\/index.php\/urun\/latin-amerika-ve-baska-bir-kalkinma\/"},"modified":"2026-04-16T02:09:36","modified_gmt":"2026-04-15T23:09:36","slug":"latin-amerika-ve-baska-bir-kalkinma","status":"publish","type":"product","link":"https:\/\/roveyayinevi.com.tr\/index.php\/urun\/latin-amerika-ve-baska-bir-kalkinma\/","title":{"rendered":"Latin Amerika ve Ba\u015fka Bir Kalk\u0131nma"},"content":{"rendered":"<p>Bu kitapta var\u0131lan sonuca g\u00f6re, yerel d\u00fczeyde \u00e7e\u015fitli imkanlar sa\u011flamakla birlikte; \u2018ba\u015fka bir\u2019 ba\u015fl\u0131\u011f\u0131 alt\u0131nda sunulan kalk\u0131nma bi\u00e7imleri, tuzaklarla doludur ve kat\u0131 s\u0131n\u0131rlamaler sergiler; \u00f6zellikle de, yeni paradigman\u0131n dikkat \u00e7ekmeye \u00e7al\u0131\u015ft\u0131\u011f\u0131 problemlerden \u00f6nemli \u00f6l\u00e7\u00fcde sorumlu makro-ekonomi politikalar\u0131na ba\u011fl\u0131 olmay\u0131 s\u00fcrd\u00fcren anak\u0131m kalk\u0131nma kurumlar\u0131 taraf\u0131ndan yay\u0131ld\u0131klar\u0131 zaman. Sonu\u00e7 olarak, D\u00fcnya Bankas\u0131 ve bankan\u0131n yoksullu\u011fu azaltma ilkesini payla\u015fan di\u011fer kurumlar ile h\u00fck\u00fcmetler taraf\u0131ndan y\u00fcr\u00fct\u00fclen \u2018yoksullu\u011fa kar\u015f\u0131 sava\u015f\u2019 daha ba\u015ftan h\u00fck\u00fcml\u00fcd\u00fcr. \u2018Ba\u015fka bir kalk\u0131nma\u2019, D\u00fcnya Bankas\u0131\u2019n\u0131n, h\u00fck\u00fcmete ve kalk\u0131nma siyasas\u0131na yol g\u00f6stermek \u00fczere kurdu\u011fu ekonomik modelin s\u0131n\u0131rlar\u0131ndan (ve ona olan siyasal ba\u011fl\u0131l\u0131\u011f\u0131ndan) kurtulmal\u0131d\u0131r. Dahas\u0131, as\u0131l gereken; bug\u00fcn d\u00fcnya \u00fczerindeki ekonomilerin ve toplumlar\u0131n b\u00fcy\u00fck bir b\u00f6l\u00fcm\u00fcn\u00fc a\u011f\u0131na d\u00fc\u015f\u00fcren d\u00fcnya kapitalist sisteminin ekonomik ve siyasal yap\u0131lar\u0131nda daha s\u00fcrekli bir toplumsal de\u011fi\u015fim yaratmaktad\u0131r. Ba\u015fka bir d\u00fcnya m\u00fcmk\u00fcnd\u00fcr, fakat bug\u00fcnk\u00fc bi\u00e7imleriyle \u2018yeni paradigma\u2019 bunu yaratamaz. Bu paradigma, hem teoride hem de pratikte kusurludur. <\/p>\n","protected":false},"excerpt":{"rendered":"<p>Bu kitapta var\u0131lan sonuca g\u00f6re, yerel d\u00fczeyde \u00e7e\u015fitli imkanlar sa\u011flamakla birlikte; \u2018ba\u015fka bir\u2019 ba\u015fl\u0131\u011f\u0131 alt\u0131nda sunulan kalk\u0131nma bi\u00e7imleri, tuzaklarla doludur ve kat\u0131 s\u0131n\u0131rlamaler sergiler; \u00f6zellikle de,<span class=\"excerpt-hellip\"> [\u2026]<\/span><\/p>\n","protected":false},"featured_media":0,"template":"","meta":{"_monsterinsights_skip_tracking":false,"_monsterinsights_sitenote_active":false,"_monsterinsights_sitenote_note":"","_monsterinsights_sitenote_category":0},"product_brand":[],"product_cat":[13596,12337],"product_tag":[],"class_list":{"0":"post-700307","1":"product","2":"type-product","3":"status-publish","5":"product_cat-avrupa-birligi","6":"product_cat-politika-siyaset","7":"pa_tur-kitap","8":"pa_yayinevi-kalkedon-yayincilik","9":"pa_yazar-henry-veltmeyer","11":"first","12":"instock","13":"sale","14":"shipping-taxable","15":"purchasable","16":"product-type-simple"},"_links":{"self":[{"href":"https:\/\/roveyayinevi.com.tr\/index.php\/wp-json\/wp\/v2\/product\/700307","targetHints":{"allow":["GET"]}}],"collection":[{"href":"https:\/\/roveyayinevi.com.tr\/index.php\/wp-json\/wp\/v2\/product"}],"about":[{"href":"https:\/\/roveyayinevi.com.tr\/index.php\/wp-json\/wp\/v2\/types\/product"}],"wp:attachment":[{"href":"https:\/\/roveyayinevi.com.tr\/index.php\/wp-json\/wp\/v2\/media?parent=700307"}],"wp:term":[{"taxonomy":"product_brand","embeddable":true,"href":"https:\/\/roveyayinevi.com.tr\/index.php\/wp-json\/wp\/v2\/product_brand?post=700307"},{"taxonomy":"product_cat","embeddable":true,"href":"https:\/\/roveyayinevi.com.tr\/index.php\/wp-json\/wp\/v2\/product_cat?post=700307"},{"taxonomy":"product_tag","embeddable":true,"href":"https:\/\/roveyayinevi.com.tr\/index.php\/wp-json\/wp\/v2\/product_tag?post=700307"}],"curies":[{"name":"wp","href":"https:\/\/api.w.org\/{rel}","templated":true}]}}