{"id":700306,"date":"2025-08-27T14:57:59","date_gmt":"2025-08-27T11:57:59","guid":{"rendered":"https:\/\/roveyayinevi.com.tr\/index.php\/urun\/bitli-vini\/"},"modified":"2026-04-03T02:14:04","modified_gmt":"2026-04-02T23:14:04","slug":"bitli-vini","status":"publish","type":"product","link":"https:\/\/roveyayinevi.com.tr\/index.php\/urun\/bitli-vini\/","title":{"rendered":"Bitli Vini"},"content":{"rendered":"<p>Sakar Cad\u0131 Vini her \u015feyi farkl\u0131 yapar! Kumdan bir kalede ya\u015far,  zamanda geri gider,  d\u00fc\u011f\u00fcn planlar, hain bitleri bir bir ay\u0131klar\u2026<\/p>\n","protected":false},"excerpt":{"rendered":"<p>Sakar Cad\u0131 Vini her \u015feyi farkl\u0131 yapar! Kumdan bir kalede ya\u015far, zamanda geri gider, d\u00fc\u011f\u00fcn planlar, hain bitleri bir bir ay\u0131klar\u2026<\/p>\n","protected":false},"featured_media":0,"template":"","meta":{"_monsterinsights_skip_tracking":false,"_monsterinsights_sitenote_active":false,"_monsterinsights_sitenote_note":"","_monsterinsights_sitenote_category":0},"product_brand":[],"product_cat":[12274,12284],"product_tag":[],"class_list":{"0":"post-700306","1":"product","2":"type-product","3":"status-publish","5":"product_cat-cocuk-ve-genclik-kitaplari","6":"product_cat-hikayeler","7":"pa_cilt-ciltsiz","8":"pa_tur-kitap","9":"pa_yayinevi-is-bankasi-kultur-yayinlari","10":"pa_yazar-laura-owen","12":"first","13":"instock","14":"sale","15":"shipping-taxable","16":"purchasable","17":"product-type-simple"},"_links":{"self":[{"href":"https:\/\/roveyayinevi.com.tr\/index.php\/wp-json\/wp\/v2\/product\/700306","targetHints":{"allow":["GET"]}}],"collection":[{"href":"https:\/\/roveyayinevi.com.tr\/index.php\/wp-json\/wp\/v2\/product"}],"about":[{"href":"https:\/\/roveyayinevi.com.tr\/index.php\/wp-json\/wp\/v2\/types\/product"}],"wp:attachment":[{"href":"https:\/\/roveyayinevi.com.tr\/index.php\/wp-json\/wp\/v2\/media?parent=700306"}],"wp:term":[{"taxonomy":"product_brand","embeddable":true,"href":"https:\/\/roveyayinevi.com.tr\/index.php\/wp-json\/wp\/v2\/product_brand?post=700306"},{"taxonomy":"product_cat","embeddable":true,"href":"https:\/\/roveyayinevi.com.tr\/index.php\/wp-json\/wp\/v2\/product_cat?post=700306"},{"taxonomy":"product_tag","embeddable":true,"href":"https:\/\/roveyayinevi.com.tr\/index.php\/wp-json\/wp\/v2\/product_tag?post=700306"}],"curies":[{"name":"wp","href":"https:\/\/api.w.org\/{rel}","templated":true}]}}