{"id":700301,"date":"2025-08-27T14:57:57","date_gmt":"2025-08-27T11:57:57","guid":{"rendered":"https:\/\/roveyayinevi.com.tr\/index.php\/urun\/toyota-tarzi-yalin-liderlik\/"},"modified":"2026-04-16T02:09:36","modified_gmt":"2026-04-15T23:09:36","slug":"toyota-tarzi-yalin-liderlik","status":"publish","type":"product","link":"https:\/\/roveyayinevi.com.tr\/index.php\/urun\/toyota-tarzi-yalin-liderlik\/","title":{"rendered":"Toyota Tarz\u0131 Yal\u0131n Liderlik"},"content":{"rendered":"<p>Toyota Tarz\u0131 ba\u015far\u0131n\u0131n son halkas\u0131: Yal\u0131n LiderlikGer\u00e7ek bir lider olmaya ve di\u011ferlerini geli\u015ftirmek i\u00e7in sistematik bir yakla\u015f\u0131m ortaya koymaya nas\u0131l ba\u015flayabilirsiniz? Bir\u00e7ok y\u00f6nden zaten ba\u015flad\u0131n\u0131z. Asl\u0131nda bu kitab\u0131 okuman\u0131z, nerede oldu\u011funuz ve nerede olmak istedi\u011finiz aras\u0131ndaki fark\u0131 tan\u0131mlamaya yetiyor.Yal\u0131n \u00fcretim, t\u00fcm zamanlar\u0131n en ba\u015far\u0131l\u0131 kimi i\u015flerine imza atmaya devam ediyor. Fakat yal\u0131n s\u00fcre\u00e7ler a\u00e7\u0131s\u0131ndan d\u00fcnya birincisi olmak, problemlerin meydana gelmesini engellemiyor ve onlar\u0131 \u00e7\u00f6zmeye yard\u0131m etmiyor; \u00e7\u00fcnk\u00fc ya\u015fanan sorunlar ger\u00e7ekte yal\u0131n s\u00fcre\u00e7 problemleri de\u011fil, liderlik problemleri. Bu kitapta 60 y\u0131ldan daha uzun bir s\u00fcredir yal\u0131n liderler yeti\u015ftiren Toyota&#8217;n\u0131n kriz \u00e7\u00f6zme y\u00f6ntemleri ve liderlik uygulamalar\u0131 mercek alt\u0131na al\u0131n\u0131yor. D\u00fcnyan\u0131n t\u00fcm fabrikalar\u0131na, Ar-Ge ve sat\u0131\u015f operasyonlar\u0131na, \u0130K b\u00f6l\u00fcmlerine adapte edebilece\u011finiz bu liderlik modeli, yal\u0131n yolculukta olanlar i\u00e7in bir hazine de\u011ferinde.Bir \u015firkete \u00f6mr\u00fc boyunca ve istekli bir lidere kariyeri boyunca rehberlik edebilecek Yal\u0131n Liderlik, m\u00fckemmellik vizyonunun derin bir \u015fekilde anla\u015f\u0131lmas\u0131 i\u00e7in \u015fimdiye dek bir araya getirilmi\u015f en etkili liderlik analizlerini i\u00e7eriyor.<\/p>\n","protected":false},"excerpt":{"rendered":"<p>Toyota Tarz\u0131 ba\u015far\u0131n\u0131n son halkas\u0131: Yal\u0131n LiderlikGer\u00e7ek bir lider olmaya ve di\u011ferlerini geli\u015ftirmek i\u00e7in sistematik bir yakla\u015f\u0131m ortaya koymaya nas\u0131l ba\u015flayabilirsiniz? Bir\u00e7ok y\u00f6nden zaten ba\u015flad\u0131n\u0131z. Asl\u0131nda<span class=\"excerpt-hellip\"> [\u2026]<\/span><\/p>\n","protected":false},"featured_media":0,"template":"","meta":{"_monsterinsights_skip_tracking":false,"_monsterinsights_sitenote_active":false,"_monsterinsights_sitenote_note":"","_monsterinsights_sitenote_category":0},"product_brand":[],"product_cat":[13043,14754],"product_tag":[],"class_list":{"0":"post-700301","1":"product","2":"type-product","3":"status-publish","5":"product_cat-ekonomi","6":"product_cat-halkla-iliskiler-insan-kaynaklari","7":"pa_cilt-ciltsiz","8":"pa_tur-kitap","9":"pa_yayinevi-optimist-yayin-dagitim","10":"pa_yazar-jeffrey-k-liker","12":"first","13":"instock","14":"sale","15":"shipping-taxable","16":"purchasable","17":"product-type-simple"},"_links":{"self":[{"href":"https:\/\/roveyayinevi.com.tr\/index.php\/wp-json\/wp\/v2\/product\/700301","targetHints":{"allow":["GET"]}}],"collection":[{"href":"https:\/\/roveyayinevi.com.tr\/index.php\/wp-json\/wp\/v2\/product"}],"about":[{"href":"https:\/\/roveyayinevi.com.tr\/index.php\/wp-json\/wp\/v2\/types\/product"}],"wp:attachment":[{"href":"https:\/\/roveyayinevi.com.tr\/index.php\/wp-json\/wp\/v2\/media?parent=700301"}],"wp:term":[{"taxonomy":"product_brand","embeddable":true,"href":"https:\/\/roveyayinevi.com.tr\/index.php\/wp-json\/wp\/v2\/product_brand?post=700301"},{"taxonomy":"product_cat","embeddable":true,"href":"https:\/\/roveyayinevi.com.tr\/index.php\/wp-json\/wp\/v2\/product_cat?post=700301"},{"taxonomy":"product_tag","embeddable":true,"href":"https:\/\/roveyayinevi.com.tr\/index.php\/wp-json\/wp\/v2\/product_tag?post=700301"}],"curies":[{"name":"wp","href":"https:\/\/api.w.org\/{rel}","templated":true}]}}