{"id":700300,"date":"2025-08-27T14:57:57","date_gmt":"2025-08-27T11:57:57","guid":{"rendered":"https:\/\/roveyayinevi.com.tr\/index.php\/urun\/mutluluk-sozcukleri-kira-kira\/"},"modified":"2026-04-16T02:09:36","modified_gmt":"2026-04-15T23:09:36","slug":"mutluluk-sozcukleri-kira-kira","status":"publish","type":"product","link":"https:\/\/roveyayinevi.com.tr\/index.php\/urun\/mutluluk-sozcukleri-kira-kira\/","title":{"rendered":"Mutluluk S\u00f6zc\u00fckleri &#8220;Kira &#8211; Kira&#8221;"},"content":{"rendered":"<p>Japon as\u0131ll\u0131 Takashima ailesi, 1950\u2019li y\u0131llarda ekonomik ko\u015fullar nedeniyle lowa\u2019dan Georgia\u2019ya ta\u015f\u0131n\u0131r. Anne, baba ve \u00fc\u00e7 \u00e7ocuktan olu\u015fan aile, yeni ta\u015f\u0131nd\u0131klar\u0131 bu yabanc\u0131 \u00e7evreye uyum g\u00f6stermekte zorlan\u0131rlar, \u00f6zellikle de iki k\u0131z karde\u015f&#8230; Lynn ve Katie, a\u011f\u0131r \u00e7al\u0131\u015fma ko\u015fullar\u0131 y\u00fcz\u00fcnden evden uzak kalan anne babalar\u0131n\u0131n yoklu\u011funda kendilerine \u00f6zg\u00fc bir d\u00fcnya yarat\u0131rlar. Bu d\u00fcnyada \u00f6n yarg\u0131lar, zorluklar, umutsuzluklar ya da sevgisizlik yoktur. Her \u015fey Lynn\u2019in deyimiyle Kira-Kira \u015feklinde tan\u0131mlan\u0131r, yani p\u0131r\u0131lt\u0131&#8230; Ablas\u0131na hayranl\u0131k duyan Katie\u2019nin dilinden okudu\u011fumuz t\u00fcm bu ya\u015fama tutunma sava\u015f\u0131, Lynn\u2019in amans\u0131z bir hastal\u0131\u011fa yakalanmas\u0131 ve \u00f6l\u00fcm\u00fcyle son bulur. Ne var ki Katie, ablas\u0131n\u0131n neden kendisine Kira-Kira kelimesini \u00f6\u011fretti\u011finin bilincine bir s\u00fcre sonra var\u0131r. Lynn ona, t\u00fcm olumsuzluklara kar\u015f\u0131n d\u00fcnyay\u0131 p\u0131r\u0131lt\u0131l\u0131 bir yer olarak g\u00f6rmesini ve umudunu asla yitirmemesini \u00f6\u011fretmi\u015ftir. Cynthia Kadohata\u2019n\u0131n b\u00fcy\u00fcleyici ilk roman\u0131 olan Mutluluk S\u00f6zc\u00fckleri sevgi ve umut dolu \u0131\u015f\u0131lt\u0131s\u0131yla 10 ya\u015f ve \u00fcst\u00fc t\u00fcm \u00e7ocuklara hitap ediyor.<\/p>\n","protected":false},"excerpt":{"rendered":"<p>Japon as\u0131ll\u0131 Takashima ailesi, 1950\u2019li y\u0131llarda ekonomik ko\u015fullar nedeniyle lowa\u2019dan Georgia\u2019ya ta\u015f\u0131n\u0131r. Anne, baba ve \u00fc\u00e7 \u00e7ocuktan olu\u015fan aile, yeni ta\u015f\u0131nd\u0131klar\u0131 bu yabanc\u0131 \u00e7evreye uyum g\u00f6stermekte<span class=\"excerpt-hellip\"> [\u2026]<\/span><\/p>\n","protected":false},"featured_media":0,"template":"","meta":{"_monsterinsights_skip_tracking":false,"_monsterinsights_sitenote_active":false,"_monsterinsights_sitenote_note":"","_monsterinsights_sitenote_category":0},"product_brand":[],"product_cat":[12275,12274],"product_tag":[],"class_list":{"0":"post-700300","1":"product","2":"type-product","3":"status-publish","5":"product_cat-6-12-yas-kitaplari","6":"product_cat-cocuk-ve-genclik-kitaplari","7":"pa_cilt-ciltsiz","8":"pa_tur-kitap","9":"pa_yayinevi-altin-kitaplar-ozel-urun","10":"pa_yazar-cynthia-kadohata","12":"first","13":"instock","14":"sale","15":"shipping-taxable","16":"purchasable","17":"product-type-simple"},"_links":{"self":[{"href":"https:\/\/roveyayinevi.com.tr\/index.php\/wp-json\/wp\/v2\/product\/700300","targetHints":{"allow":["GET"]}}],"collection":[{"href":"https:\/\/roveyayinevi.com.tr\/index.php\/wp-json\/wp\/v2\/product"}],"about":[{"href":"https:\/\/roveyayinevi.com.tr\/index.php\/wp-json\/wp\/v2\/types\/product"}],"wp:attachment":[{"href":"https:\/\/roveyayinevi.com.tr\/index.php\/wp-json\/wp\/v2\/media?parent=700300"}],"wp:term":[{"taxonomy":"product_brand","embeddable":true,"href":"https:\/\/roveyayinevi.com.tr\/index.php\/wp-json\/wp\/v2\/product_brand?post=700300"},{"taxonomy":"product_cat","embeddable":true,"href":"https:\/\/roveyayinevi.com.tr\/index.php\/wp-json\/wp\/v2\/product_cat?post=700300"},{"taxonomy":"product_tag","embeddable":true,"href":"https:\/\/roveyayinevi.com.tr\/index.php\/wp-json\/wp\/v2\/product_tag?post=700300"}],"curies":[{"name":"wp","href":"https:\/\/api.w.org\/{rel}","templated":true}]}}