{"id":700299,"date":"2025-08-27T14:57:57","date_gmt":"2025-08-27T11:57:57","guid":{"rendered":"https:\/\/roveyayinevi.com.tr\/index.php\/urun\/sairler-renkli-sort-giyerse-esnaf-kinar\/"},"modified":"2026-04-16T02:09:36","modified_gmt":"2026-04-15T23:09:36","slug":"sairler-renkli-sort-giyerse-esnaf-kinar","status":"publish","type":"product","link":"https:\/\/roveyayinevi.com.tr\/index.php\/urun\/sairler-renkli-sort-giyerse-esnaf-kinar\/","title":{"rendered":"\u015eairler Renkli \u015eort Giyerse Esnaf K\u0131nar"},"content":{"rendered":"<p>Umut G\u00f6ksal&#8217;\u0131n \u015fiirleri beni savurup duruyor ve \u015fa\u015f\u0131r\u0131p kal\u0131yorum al\u0131\u015f\u0131lmad\u0131k imgeleri okuduk\u00e7a. Ne g\u00f6zya\u015f\u0131 damlas\u0131na s\u0131\u011f\u0131yor ne de g\u00fcnbat\u0131m\u0131nda yan\u0131p kavruluyor \u015fiirleri. \u00dcst\u00fcne gazete \u00f6rt\u00fclen &#8220;\u00f6l\u00fcler okumay\u0131 en iyi&#8221; bilirmi\u015f dizesi nas\u0131l s\u00f6ylenir? \u0130\u015fte hayatta s\u00fcz\u00fclen, &#8220;ruj fotokopisi&#8221;nden da\u011f\u0131lan can al\u0131c\u0131 bir dize daha: &#8220;\u015fiirin evidir sa\u00e7larla \u00f6r\u00fcl\u00fc bir k\u0131z kula\u011f\u0131.&#8221; Hep elimin alt\u0131nda bulunduraca\u011f\u0131m bir kitap kazand\u0131rd\u0131 bana Umut G\u00f6ksal, te\u015fekk\u00fcrler.  -G\u00fcltekin Emre- <\/p>\n","protected":false},"excerpt":{"rendered":"<p>Umut G\u00f6ksal&#8217;\u0131n \u015fiirleri beni savurup duruyor ve \u015fa\u015f\u0131r\u0131p kal\u0131yorum al\u0131\u015f\u0131lmad\u0131k imgeleri okuduk\u00e7a. Ne g\u00f6zya\u015f\u0131 damlas\u0131na s\u0131\u011f\u0131yor ne de g\u00fcnbat\u0131m\u0131nda yan\u0131p kavruluyor \u015fiirleri. \u00dcst\u00fcne gazete \u00f6rt\u00fclen &#8220;\u00f6l\u00fcler<span class=\"excerpt-hellip\"> [\u2026]<\/span><\/p>\n","protected":false},"featured_media":0,"template":"","meta":{"_monsterinsights_skip_tracking":false,"_monsterinsights_sitenote_active":false,"_monsterinsights_sitenote_note":"","_monsterinsights_sitenote_category":0},"product_brand":[],"product_cat":[12291,12509],"product_tag":[],"class_list":{"0":"post-700299","1":"product","2":"type-product","3":"status-publish","5":"product_cat-edebiyat","6":"product_cat-siir","7":"pa_cilt-ciltsiz","8":"pa_tur-kitap","9":"pa_yayinevi-bencekitap","10":"pa_yazar-umut-goksal","12":"first","13":"instock","14":"sale","15":"shipping-taxable","16":"purchasable","17":"product-type-simple"},"_links":{"self":[{"href":"https:\/\/roveyayinevi.com.tr\/index.php\/wp-json\/wp\/v2\/product\/700299","targetHints":{"allow":["GET"]}}],"collection":[{"href":"https:\/\/roveyayinevi.com.tr\/index.php\/wp-json\/wp\/v2\/product"}],"about":[{"href":"https:\/\/roveyayinevi.com.tr\/index.php\/wp-json\/wp\/v2\/types\/product"}],"wp:attachment":[{"href":"https:\/\/roveyayinevi.com.tr\/index.php\/wp-json\/wp\/v2\/media?parent=700299"}],"wp:term":[{"taxonomy":"product_brand","embeddable":true,"href":"https:\/\/roveyayinevi.com.tr\/index.php\/wp-json\/wp\/v2\/product_brand?post=700299"},{"taxonomy":"product_cat","embeddable":true,"href":"https:\/\/roveyayinevi.com.tr\/index.php\/wp-json\/wp\/v2\/product_cat?post=700299"},{"taxonomy":"product_tag","embeddable":true,"href":"https:\/\/roveyayinevi.com.tr\/index.php\/wp-json\/wp\/v2\/product_tag?post=700299"}],"curies":[{"name":"wp","href":"https:\/\/api.w.org\/{rel}","templated":true}]}}