{"id":700295,"date":"2025-08-27T14:57:56","date_gmt":"2025-08-27T11:57:56","guid":{"rendered":"https:\/\/roveyayinevi.com.tr\/index.php\/urun\/istisna\/"},"modified":"2026-04-16T02:09:36","modified_gmt":"2026-04-15T23:09:36","slug":"istisna","status":"publish","type":"product","link":"https:\/\/roveyayinevi.com.tr\/index.php\/urun\/istisna\/","title":{"rendered":"\u0130stisna"},"content":{"rendered":"<p>Ve art\u0131k \u00f6lmesi gerek. Fakat o \u00f6lm\u00fcyor. Kanlar akmaya devam ediyor. Sonu gelmiyor. Ve Malene tekrardan ve tekrardan b\u0131\u00e7aklan\u0131yor. Ve Anne-Lise\u2019nin hayal kurgusu bir k\u0131s\u0131r d\u00f6ng\u00fcye d\u00f6n\u00fc\u015f\u00fcyor; sald\u0131rgan\u0131n Malene\u2019yi sazlar\u0131n aras\u0131ndan \u00e7ekip \u00e7\u0131kard\u0131\u011f\u0131n\u0131 hayal ediyor, ve onu sonra yine geriye \u00e7al\u0131lar\u0131n aras\u0131na s\u00fcr\u00fckl\u00fcyor. Ve Malene her seferinde yeni ba\u015ftan pi\u015fmanl\u0131k duyuyor. Yeni ba\u015ftan yalvar\u0131yor, d\u00f6v\u00fcn\u00fcyor. Ve Malene yapt\u0131klar\u0131na nedamet getirirken, Anne-Lise onun y\u00fcz\u00fcnde yepyeni bir ifade belirdi\u011fini hayal ediyor&#8230; Christian Jungersen Danimarka \u00e7oksatar listesinde tam on sekiz ay ilk s\u0131rada kalan, yirmiden fazla dile \u00e7evrilen ve \u00e7ok say\u0131da \u00f6d\u00fcle de\u011fer g\u00f6r\u00fclen \u0130stisna roman\u0131nda, insan\u0131 su\u00e7a s\u00fcr\u00fckleyen karanl\u0131k i\u00e7sel d\u00fcrt\u00fclerle onlar\u0131 su y\u00fcz\u00fcne \u00e7\u0131karan d\u0131\u015fsal dinamikleri harmanl\u0131yor.Kopenhag\u2019da bir soyk\u0131r\u0131m ara\u015ft\u0131rmalar\u0131 merkezinde \u00e7al\u0131\u015fan d\u00f6rt kad\u0131n\u0131n hayat\u0131, i\u00e7lerinden ikisinin \u00f6l\u00fcm tehdidi almas\u0131yla tamamen de\u011fi\u015fir. Kad\u0131nlar \u00f6nce, soyk\u0131r\u0131m merkezi yay\u0131nlar\u0131 i\u00e7in kaleme ald\u0131klar\u0131 yaz\u0131larda konu ettikleri Mirko Zigic adl\u0131 bir S\u0131rp sava\u015f su\u00e7lusu taraf\u0131ndan izlendiklerinden \u015f\u00fcphelenir. Ancak olaylar geli\u015ftik\u00e7e, kad\u0131nlar\u0131n aras\u0131nda \u00f6nceden de y\u00fcksek olan gerilim, bu \u00f6l\u00fcm kal\u0131m ortam\u0131nda giderek t\u0131rmanacak, her biri di\u011ferinden \u015f\u00fcphelenmeye ba\u015flayacakt\u0131r. Art\u0131k i\u015fyeri bir sava\u015f alan\u0131na d\u00f6nm\u00fc\u015f, bu kaotik ortamda her bir kad\u0131n birer zanl\u0131ya d\u00f6n\u00fc\u015fm\u00fc\u015ft\u00fcr. Bireysellikle bencilli\u011fin birbirine kar\u0131\u015ft\u0131\u011f\u0131 g\u00fcndelik hayat\u0131n ac\u0131mas\u0131z bir ele\u015ftirisi, m\u00fckemmel bir psikolojik gerilim roman\u0131 olan \u0130stisna\u2019da Jungersen insan ili\u015fkilerindeki gerilimden kaynaklanan so\u011fuk atmosferi ola\u011fan\u00fcst\u00fc anlat\u0131yor ve ya\u015fat\u0131yor okura.<\/p>\n","protected":false},"excerpt":{"rendered":"<p>Ve art\u0131k \u00f6lmesi gerek. Fakat o \u00f6lm\u00fcyor. Kanlar akmaya devam ediyor. Sonu gelmiyor. Ve Malene tekrardan ve tekrardan b\u0131\u00e7aklan\u0131yor. Ve Anne-Lise\u2019nin hayal kurgusu bir k\u0131s\u0131r d\u00f6ng\u00fcye<span class=\"excerpt-hellip\"> [\u2026]<\/span><\/p>\n","protected":false},"featured_media":0,"template":"","meta":{"_monsterinsights_skip_tracking":false,"_monsterinsights_sitenote_active":false,"_monsterinsights_sitenote_note":"","_monsterinsights_sitenote_category":0},"product_brand":[],"product_cat":[12357],"product_tag":[],"class_list":{"0":"post-700295","1":"product","2":"type-product","3":"status-publish","5":"product_cat-psikoloji","6":"pa_cilt-ciltsiz","7":"pa_tur-kitap","8":"pa_yayinevi-ayrinti-yayinlari","9":"pa_yazar-christian-jungersen","11":"first","12":"instock","13":"sale","14":"shipping-taxable","15":"purchasable","16":"product-type-simple"},"_links":{"self":[{"href":"https:\/\/roveyayinevi.com.tr\/index.php\/wp-json\/wp\/v2\/product\/700295","targetHints":{"allow":["GET"]}}],"collection":[{"href":"https:\/\/roveyayinevi.com.tr\/index.php\/wp-json\/wp\/v2\/product"}],"about":[{"href":"https:\/\/roveyayinevi.com.tr\/index.php\/wp-json\/wp\/v2\/types\/product"}],"wp:attachment":[{"href":"https:\/\/roveyayinevi.com.tr\/index.php\/wp-json\/wp\/v2\/media?parent=700295"}],"wp:term":[{"taxonomy":"product_brand","embeddable":true,"href":"https:\/\/roveyayinevi.com.tr\/index.php\/wp-json\/wp\/v2\/product_brand?post=700295"},{"taxonomy":"product_cat","embeddable":true,"href":"https:\/\/roveyayinevi.com.tr\/index.php\/wp-json\/wp\/v2\/product_cat?post=700295"},{"taxonomy":"product_tag","embeddable":true,"href":"https:\/\/roveyayinevi.com.tr\/index.php\/wp-json\/wp\/v2\/product_tag?post=700295"}],"curies":[{"name":"wp","href":"https:\/\/api.w.org\/{rel}","templated":true}]}}