{"id":700281,"date":"2025-08-27T14:57:52","date_gmt":"2025-08-27T11:57:52","guid":{"rendered":"https:\/\/roveyayinevi.com.tr\/index.php\/urun\/farkli-boyutlariyla-turkiyede-kalkinma\/"},"modified":"2026-04-16T02:09:35","modified_gmt":"2026-04-15T23:09:35","slug":"farkli-boyutlariyla-turkiyede-kalkinma","status":"publish","type":"product","link":"https:\/\/roveyayinevi.com.tr\/index.php\/urun\/farkli-boyutlariyla-turkiyede-kalkinma\/","title":{"rendered":"Farkl\u0131 Boyutlar\u0131yla T\u00fcrkiye&#8217;de Kalk\u0131nma"},"content":{"rendered":"<p>\u0130ktisat politikalar\u0131n\u0131n temel hedefi, \u00fclkelerin refah d\u00fczeyini art\u0131rmak, yani \u00fclkeleri daha \u00fcst d\u00fczeydeki bir kalk\u0131nma seviyesine ula\u015ft\u0131rmakt\u0131r. Konuyu bu ba\u011flamda de\u011ferlendirdi\u011fimizde, meselenin sadece ekonomik b\u00fcy\u00fcme ile s\u0131n\u0131rland\u0131r\u0131lamayacak kadar \u00f6nemli oldu\u011funu; ayr\u0131ca, e\u011fitim, sa\u011fl\u0131k, gelir da\u011f\u0131l\u0131m\u0131, bireysel mutluluk vb. bir\u00e7ok kavram\u0131 da i\u00e7ine alan olduk\u00e7a kapsaml\u0131 analizler yap\u0131lmas\u0131 gereklili\u011fini g\u00f6rmekteyiz.Bu y\u00fczden, sadece ekonomik b\u00fcy\u00fcme kavram\u0131n\u0131n \u00f6n plana \u00e7\u0131kar\u0131l\u0131p, kalk\u0131nma kavram\u0131n\u0131n geride b\u0131rak\u0131l\u0131yor olmas\u0131, ekonomiler hakk\u0131nda yanl\u0131\u015f kan\u0131lar\u0131n olu\u015fmas\u0131na neden olabilmektedir. Kitap, bu ayr\u0131m\u0131 t\u00fcm incelikleriyle yap\u0131yor olman\u0131n yan\u0131nda, kalk\u0131nmay\u0131 etkileyen fakt\u00f6rler \u00fczerinde de yo\u011funla\u015fmak suretiyle, okuyucular\u0131na uzun vadeli perspektif olu\u015fturma konusunda da yard\u0131mc\u0131 olacak nitelikler ta\u015f\u0131maktad\u0131r.Kitap, \u00f6ncelikle kalk\u0131nma kavram\u0131n\u0131n teorik altyap\u0131lar\u0131n\u0131 sunmakta, daha sonra ise T\u00fcrkiye ve d\u00fcnyada kalk\u0131nman\u0131n farkl\u0131 boyutlar\u0131n\u0131 irdelemektedir. Kitab\u0131n her b\u00f6l\u00fcm\u00fc, alan\u0131nda uzman akademisyenlerce yaz\u0131lm\u0131\u015f olup, farkl\u0131 ekonomik olgular\u0131n kalk\u0131nma \u00fczerindeki etkilerinin teker teker analiz edilmesi ama\u00e7lanm\u0131\u015ft\u0131r. Ayr\u0131ca kitap, T\u00fcrkiye ekonomisinin di\u011fer ekonomilerle k\u0131yaslanmas\u0131 da yap\u0131lmak suretiyle \u00fclkemizin d\u00fcnyadaki durumu hakk\u0131nda \u00e7\u0131karsamalar yapmam\u0131za da imkan sa\u011flayacak niteliktedir.Kitap, bu alandaki \u00f6nemli bo\u015flu\u011fu doldurmaya namzet olup, hem lisans hem de lisans\u00fcst\u00fc derslerde okutulacak d\u00fczeyde analizler i\u00e7ermektedir. <\/p>\n","protected":false},"excerpt":{"rendered":"<p>\u0130ktisat politikalar\u0131n\u0131n temel hedefi, \u00fclkelerin refah d\u00fczeyini art\u0131rmak, yani \u00fclkeleri daha \u00fcst d\u00fczeydeki bir kalk\u0131nma seviyesine ula\u015ft\u0131rmakt\u0131r. Konuyu bu ba\u011flamda de\u011ferlendirdi\u011fimizde, meselenin sadece ekonomik b\u00fcy\u00fcme ile<span class=\"excerpt-hellip\"> [\u2026]<\/span><\/p>\n","protected":false},"featured_media":0,"template":"","meta":{"_monsterinsights_skip_tracking":false,"_monsterinsights_sitenote_active":false,"_monsterinsights_sitenote_note":"","_monsterinsights_sitenote_category":0},"product_brand":[],"product_cat":[12573,12566],"product_tag":[],"class_list":{"0":"post-700281","1":"product","2":"type-product","3":"status-publish","5":"product_cat-akademik-kitaplar","6":"product_cat-egitim","7":"pa_cilt-ciltsiz","8":"pa_tur-kitap","9":"pa_yayinevi-efil-yayinevi","10":"pa_yazar-selahattin-bekmez","12":"first","13":"instock","14":"sale","15":"shipping-taxable","16":"purchasable","17":"product-type-simple"},"_links":{"self":[{"href":"https:\/\/roveyayinevi.com.tr\/index.php\/wp-json\/wp\/v2\/product\/700281","targetHints":{"allow":["GET"]}}],"collection":[{"href":"https:\/\/roveyayinevi.com.tr\/index.php\/wp-json\/wp\/v2\/product"}],"about":[{"href":"https:\/\/roveyayinevi.com.tr\/index.php\/wp-json\/wp\/v2\/types\/product"}],"wp:attachment":[{"href":"https:\/\/roveyayinevi.com.tr\/index.php\/wp-json\/wp\/v2\/media?parent=700281"}],"wp:term":[{"taxonomy":"product_brand","embeddable":true,"href":"https:\/\/roveyayinevi.com.tr\/index.php\/wp-json\/wp\/v2\/product_brand?post=700281"},{"taxonomy":"product_cat","embeddable":true,"href":"https:\/\/roveyayinevi.com.tr\/index.php\/wp-json\/wp\/v2\/product_cat?post=700281"},{"taxonomy":"product_tag","embeddable":true,"href":"https:\/\/roveyayinevi.com.tr\/index.php\/wp-json\/wp\/v2\/product_tag?post=700281"}],"curies":[{"name":"wp","href":"https:\/\/api.w.org\/{rel}","templated":true}]}}