{"id":700274,"date":"2025-08-27T14:57:50","date_gmt":"2025-08-27T11:57:50","guid":{"rendered":"https:\/\/roveyayinevi.com.tr\/index.php\/urun\/otistik-cocuklar-icin-davranissal-egitim-programi-1\/"},"modified":"2026-04-16T02:09:35","modified_gmt":"2026-04-15T23:09:35","slug":"otistik-cocuklar-icin-davranissal-egitim-programi-1","status":"publish","type":"product","link":"https:\/\/roveyayinevi.com.tr\/index.php\/urun\/otistik-cocuklar-icin-davranissal-egitim-programi-1\/","title":{"rendered":"Otistik \u00c7ocuklar \u0130\u00e7in Davran\u0131\u015fsal E\u011fitim Program\u0131 1"},"content":{"rendered":"<p>Otizm, t\u00fcm d\u00fcnyada oldu\u011fu gibi \u00fclkemizde de h\u0131zla yayg\u0131nla\u015fmakta olan bir geli\u015fimsel yetersizlik kategorisidir. Otizmin t\u0131bbi tedavisi olmamakla birlikte, baz\u0131 e\u011fitim y\u00f6ntemleri otizm tan\u0131l\u0131 \u00e7ocuklar\u0131n \u00f6nemli bir b\u00f6l\u00fcm\u00fcnde \u00e7ok b\u00fcy\u00fck ilerlemeler sa\u011flamaktad\u0131r. Bunlar aras\u0131nda en g\u00fc\u00e7l\u00fc bilimsel dayana\u011fa sahip olan y\u00f6ntem, Lovaas taraf\u0131ndan ABD&#8217;de geli\u015ftirilmi\u015f olan erken ve yo\u011fun davran\u0131\u015fsal e\u011fitim y\u00f6ntemidir. O\u00c7\u0130DEP (Otistik \u00c7ocuklar \u0130\u00e7in Davran\u0131\u015fsal E\u011fitim Program\u0131), Lovaas y\u00f6ntemine dayal\u0131 olarak Anadolu \u00dcniversitesi Engelliler Ara\u015ft\u0131rma Enstit\u00fcs\u00fc&#8217;nde ba\u015flat\u0131lm\u0131\u015f olan bir programd\u0131r. O\u00c7\u0130DEP, otizmdeki ba\u015fl\u0131ca yetersizlik alanlar\u0131na y\u00f6nelik bir dizi davran\u0131\u015fsal m\u00fcfredat alan\u0131ndan ve bu m\u00fcfredat alanlar\u0131nda yer alan becerileri \u00f6\u011fretmek \u00fczere kullan\u0131lan davran\u0131\u015fsal \u00f6\u011fretim tekniklerinden olu\u015fmaktad\u0131r. O\u00c7\u0130DEP&#8217;in temel hedef kitlesi, orta ya da ileri derecede otistik \u00f6zellikler g\u00f6steren okul\u00f6ncesi d\u00f6nem \u00e7ocuklar\u0131d\u0131r. Bu \u00e7ocuklarda O\u00c7\u0130DEP&#8217;in haftada en az 20 saat s\u00fcreyle ve bire-bir a\u011f\u0131rl\u0131kl\u0131 olarak uygulanmas\u0131 gerekmektedir. \u00d6te yandan, daha b\u00fcy\u00fck ya\u015flardaki otizmli \u00e7ocuklarda ve daha hafif d\u00fczeyde otistik \u00f6zellikler g\u00f6steren \u00e7ocuklarda da O\u00c7\u0130DEP&#8217;te yer alan belirli m\u00fcfredat alanlar\u0131 ve \u00f6\u011fretim teknikleri etkili \u015fekilde kullan\u0131labilmektedir. O\u00c7\u0130DEP&#8217;in olabildi\u011fince geni\u015f bir uygulamac\u0131 kitlesi taraf\u0131ndan y\u00fcr\u00fct\u00fclmesini sa\u011flamak amac\u0131yla uygulama rehberi format\u0131nda haz\u0131rlanm\u0131\u015f olan O\u00c7\u0130DEP seti \u00fc\u00e7 ciltten olu\u015fmaktad\u0131r: O\u00c7\u0130DEP I: Setin birinci cildinde, O\u00c7\u0130DEP&#8217;in \u00f6zelliklerinin anlat\u0131ld\u0131\u011f\u0131 bir giri\u015f b\u00f6l\u00fcm\u00fcn\u00fcn ard\u0131ndan otizmli \u00e7ocuklara taklit, e\u015fleme-s\u0131n\u0131flama, al\u0131c\u0131 dil ve oyun becerilerinin \u00f6\u011fretimine ili\u015fkin d\u00f6rt b\u00f6l\u00fcm yer almaktad\u0131r. \ufffcTan\u0131t\u0131m Metni<\/p>\n","protected":false},"excerpt":{"rendered":"<p>Otizm, t\u00fcm d\u00fcnyada oldu\u011fu gibi \u00fclkemizde de h\u0131zla yayg\u0131nla\u015fmakta olan bir geli\u015fimsel yetersizlik kategorisidir. Otizmin t\u0131bbi tedavisi olmamakla birlikte, baz\u0131 e\u011fitim y\u00f6ntemleri otizm tan\u0131l\u0131 \u00e7ocuklar\u0131n \u00f6nemli<span class=\"excerpt-hellip\"> [\u2026]<\/span><\/p>\n","protected":false},"featured_media":0,"template":"","meta":{"_monsterinsights_skip_tracking":false,"_monsterinsights_sitenote_active":false,"_monsterinsights_sitenote_note":"","_monsterinsights_sitenote_category":0},"product_brand":[],"product_cat":[24520,13365],"product_tag":[],"class_list":{"0":"post-700274","1":"product","2":"type-product","3":"status-publish","5":"product_cat-aile-sagligi","6":"product_cat-saglik","7":"pa_cilt-ciltsiz","8":"pa_tur-kitap","9":"pa_yayinevi-ani-yayincilik","10":"pa_yazar-gonul-kircaali-iftar","12":"first","13":"instock","14":"sale","15":"shipping-taxable","16":"purchasable","17":"product-type-simple"},"_links":{"self":[{"href":"https:\/\/roveyayinevi.com.tr\/index.php\/wp-json\/wp\/v2\/product\/700274","targetHints":{"allow":["GET"]}}],"collection":[{"href":"https:\/\/roveyayinevi.com.tr\/index.php\/wp-json\/wp\/v2\/product"}],"about":[{"href":"https:\/\/roveyayinevi.com.tr\/index.php\/wp-json\/wp\/v2\/types\/product"}],"wp:attachment":[{"href":"https:\/\/roveyayinevi.com.tr\/index.php\/wp-json\/wp\/v2\/media?parent=700274"}],"wp:term":[{"taxonomy":"product_brand","embeddable":true,"href":"https:\/\/roveyayinevi.com.tr\/index.php\/wp-json\/wp\/v2\/product_brand?post=700274"},{"taxonomy":"product_cat","embeddable":true,"href":"https:\/\/roveyayinevi.com.tr\/index.php\/wp-json\/wp\/v2\/product_cat?post=700274"},{"taxonomy":"product_tag","embeddable":true,"href":"https:\/\/roveyayinevi.com.tr\/index.php\/wp-json\/wp\/v2\/product_tag?post=700274"}],"curies":[{"name":"wp","href":"https:\/\/api.w.org\/{rel}","templated":true}]}}