{"id":700272,"date":"2025-08-27T14:57:49","date_gmt":"2025-08-27T11:57:49","guid":{"rendered":"https:\/\/roveyayinevi.com.tr\/index.php\/urun\/yapistir-ve-boya-ilk-yapistirmalarim-ciftlik\/"},"modified":"2026-04-16T02:09:35","modified_gmt":"2026-04-15T23:09:35","slug":"yapistir-ve-boya-ilk-yapistirmalarim-ciftlik","status":"publish","type":"product","link":"https:\/\/roveyayinevi.com.tr\/index.php\/urun\/yapistir-ve-boya-ilk-yapistirmalarim-ciftlik\/","title":{"rendered":"Yap\u0131\u015ft\u0131r ve Boya \u0130lk Yap\u0131\u015ft\u0131rmalar\u0131m &#8211; \u00c7iftlik"},"content":{"rendered":"<p>Peynir nerede yap\u0131l\u0131r ve trakt\u00f6r\u00fcn ka\u00e7 tekerle\u011fi var biliyor musun? Bu yap\u0131\u015ft\u0131rma ve boyama kitab\u0131n\u0131 hemen a\u00e7 ve ne oldu\u011funu \u00f6\u011fren. Bu kitap i\u00e7inde, \u00e7e\u015fitli nesneleri ve hayvanlar\u0131 ke\u015ffedeceksin. Onian boya, do\u011fru yerlere yap\u0131\u015fkanlan yap\u0131\u015ft\u0131r ve isimlerini ke\u015ffet. Daha fazlas\u0131, say\u0131lan ve renkleri \u00f6\u011fren. 3 ya\u015f \u00fcst\u00fc \u00e7ocuklar i\u00e7in ideal. \ufffcTan\u0131t\u0131m Metni<\/p>\n","protected":false},"excerpt":{"rendered":"<p>Peynir nerede yap\u0131l\u0131r ve trakt\u00f6r\u00fcn ka\u00e7 tekerle\u011fi var biliyor musun? Bu yap\u0131\u015ft\u0131rma ve boyama kitab\u0131n\u0131 hemen a\u00e7 ve ne oldu\u011funu \u00f6\u011fren. Bu kitap i\u00e7inde, \u00e7e\u015fitli nesneleri<span class=\"excerpt-hellip\"> [\u2026]<\/span><\/p>\n","protected":false},"featured_media":0,"template":"","meta":{"_monsterinsights_skip_tracking":false,"_monsterinsights_sitenote_active":false,"_monsterinsights_sitenote_note":"","_monsterinsights_sitenote_category":0},"product_brand":[],"product_cat":[12644,12274],"product_tag":[],"class_list":{"0":"post-700272","1":"product","2":"type-product","3":"status-publish","5":"product_cat-boyama-kitaplari","6":"product_cat-cocuk-ve-genclik-kitaplari","7":"pa_tur-kitap","8":"pa_yayinevi-parilti-yayinlari","9":"pa_yazar-kolektif","11":"first","12":"instock","13":"sale","14":"shipping-taxable","15":"purchasable","16":"product-type-simple"},"_links":{"self":[{"href":"https:\/\/roveyayinevi.com.tr\/index.php\/wp-json\/wp\/v2\/product\/700272","targetHints":{"allow":["GET"]}}],"collection":[{"href":"https:\/\/roveyayinevi.com.tr\/index.php\/wp-json\/wp\/v2\/product"}],"about":[{"href":"https:\/\/roveyayinevi.com.tr\/index.php\/wp-json\/wp\/v2\/types\/product"}],"wp:attachment":[{"href":"https:\/\/roveyayinevi.com.tr\/index.php\/wp-json\/wp\/v2\/media?parent=700272"}],"wp:term":[{"taxonomy":"product_brand","embeddable":true,"href":"https:\/\/roveyayinevi.com.tr\/index.php\/wp-json\/wp\/v2\/product_brand?post=700272"},{"taxonomy":"product_cat","embeddable":true,"href":"https:\/\/roveyayinevi.com.tr\/index.php\/wp-json\/wp\/v2\/product_cat?post=700272"},{"taxonomy":"product_tag","embeddable":true,"href":"https:\/\/roveyayinevi.com.tr\/index.php\/wp-json\/wp\/v2\/product_tag?post=700272"}],"curies":[{"name":"wp","href":"https:\/\/api.w.org\/{rel}","templated":true}]}}