{"id":700270,"date":"2025-08-27T14:57:49","date_gmt":"2025-08-27T11:57:49","guid":{"rendered":"https:\/\/roveyayinevi.com.tr\/index.php\/urun\/gelecegi-hatirlamak\/"},"modified":"2026-04-05T02:11:13","modified_gmt":"2026-04-04T23:11:13","slug":"gelecegi-hatirlamak","status":"publish","type":"product","link":"https:\/\/roveyayinevi.com.tr\/index.php\/urun\/gelecegi-hatirlamak\/","title":{"rendered":"Gelece\u011fi Hat\u0131rlamak"},"content":{"rendered":"<p>Bir \u015firketin \u00e7al\u0131\u015fanlar\u0131na e\u011fitim vermek i\u00e7in Bursa\u2019ya gitmi\u015fti. Hayatlar\u0131n\u0131 d\u00f6n\u00fc\u015ft\u00fcrmeye haz\u0131r kat\u0131l\u0131mc\u0131lar\u0131n enerjisiyle \u0131\u015f\u0131ldad\u0131\u011f\u0131n\u0131 hissetti\u011fi d\u00f6rt g\u00fcnl\u00fck e\u011fitimin sonunda Uluda\u011f\u2019da yeni yeni tomurcuklanan bahar\u0131n tad\u0131n\u0131 \u00e7\u0131karmaya karar verdi. Do\u011fan\u0131n koynunda birka\u00e7 g\u00fcn ge\u00e7irecekti&#8230; \ufffcTan\u0131t\u0131m Metni<\/p>\n","protected":false},"excerpt":{"rendered":"<p>Bir \u015firketin \u00e7al\u0131\u015fanlar\u0131na e\u011fitim vermek i\u00e7in Bursa\u2019ya gitmi\u015fti. Hayatlar\u0131n\u0131 d\u00f6n\u00fc\u015ft\u00fcrmeye haz\u0131r kat\u0131l\u0131mc\u0131lar\u0131n enerjisiyle \u0131\u015f\u0131ldad\u0131\u011f\u0131n\u0131 hissetti\u011fi d\u00f6rt g\u00fcnl\u00fck e\u011fitimin sonunda Uluda\u011f\u2019da yeni yeni tomurcuklanan bahar\u0131n tad\u0131n\u0131 \u00e7\u0131karmaya<span class=\"excerpt-hellip\"> [\u2026]<\/span><\/p>\n","protected":false},"featured_media":0,"template":"","meta":{"_monsterinsights_skip_tracking":false,"_monsterinsights_sitenote_active":false,"_monsterinsights_sitenote_note":"","_monsterinsights_sitenote_category":0},"product_brand":[],"product_cat":[12364,12376],"product_tag":[],"class_list":{"0":"post-700270","1":"product","2":"type-product","3":"status-publish","5":"product_cat-genel-konular","6":"product_cat-kisisel-gelisim","7":"pa_tur-kitap","8":"pa_yayinevi-kuraldisi-yayinevi","9":"pa_yazar-nil-gun","11":"first","12":"instock","13":"sale","14":"shipping-taxable","15":"purchasable","16":"product-type-simple"},"_links":{"self":[{"href":"https:\/\/roveyayinevi.com.tr\/index.php\/wp-json\/wp\/v2\/product\/700270","targetHints":{"allow":["GET"]}}],"collection":[{"href":"https:\/\/roveyayinevi.com.tr\/index.php\/wp-json\/wp\/v2\/product"}],"about":[{"href":"https:\/\/roveyayinevi.com.tr\/index.php\/wp-json\/wp\/v2\/types\/product"}],"wp:attachment":[{"href":"https:\/\/roveyayinevi.com.tr\/index.php\/wp-json\/wp\/v2\/media?parent=700270"}],"wp:term":[{"taxonomy":"product_brand","embeddable":true,"href":"https:\/\/roveyayinevi.com.tr\/index.php\/wp-json\/wp\/v2\/product_brand?post=700270"},{"taxonomy":"product_cat","embeddable":true,"href":"https:\/\/roveyayinevi.com.tr\/index.php\/wp-json\/wp\/v2\/product_cat?post=700270"},{"taxonomy":"product_tag","embeddable":true,"href":"https:\/\/roveyayinevi.com.tr\/index.php\/wp-json\/wp\/v2\/product_tag?post=700270"}],"curies":[{"name":"wp","href":"https:\/\/api.w.org\/{rel}","templated":true}]}}