{"id":700264,"date":"2025-08-27T14:57:47","date_gmt":"2025-08-27T11:57:47","guid":{"rendered":"https:\/\/roveyayinevi.com.tr\/index.php\/urun\/kan-kardes\/"},"modified":"2026-04-16T02:09:35","modified_gmt":"2026-04-15T23:09:35","slug":"kan-kardes","status":"publish","type":"product","link":"https:\/\/roveyayinevi.com.tr\/index.php\/urun\/kan-kardes\/","title":{"rendered":"Kan Karde\u015f"},"content":{"rendered":"<p>Ben Se\u00e7ilmi\u015f Ki\u015fiyim. Ben Kan Karde\u015f\u2019im. Ebediyen. \u00d6ld\u00fcr\u00fcyorum ve yeniden do\u011fuyorum&#8230;Paris\u2019te, bir mason locas\u0131nda yap\u0131lan inisiye kabul t\u00f6reni kana bulan\u0131r. Mason komiser Antoine Marcas kendi locas\u0131nda cinayetler i\u015fleyen adam\u0131n pe\u015fine d\u00fc\u015fer ve onunla kar\u015f\u0131la\u015f\u0131r: \u0130ntikam\u0131n dokuzuncu derecesindeki Kan Karde\u015f\u2019le\u2026Kan Karde\u015f, \u00d6zg\u00fcrl\u00fck Heykeli\u2019nin alt\u0131ndaki ma\u011faralardan Eyfel Kulesi\u2019nin demirlerine kadar her yere yay\u0131lm\u0131\u015f bir s\u0131rr\u0131n pe\u015findedir. Saf alt\u0131n\u0131n, simya alt\u0131n\u0131n\u0131n s\u0131rr\u0131d\u0131r bu\u2026 Bu s\u0131r y\u00fczy\u0131llard\u0131r d\u00f6rt Frans\u0131z aile taraf\u0131ndan korunmaktad\u0131r ve her aile s\u0131rr\u0131n sadece bir b\u00f6l\u00fcm\u00fcne vak\u0131ft\u0131r. Kan Karde\u015f de bu d\u00f6rt ailenin kimli\u011fine\u2026 Antoine Marcas, Paris\u2019ten New York\u2019a uzanan bu kovalamacan\u0131n i\u00e7inde bir yandan Kan Karde\u015f\u2019in izini s\u00fcrerken bir yandan da masonluk tarihine ve simya alt\u0131n\u0131na dair gizli kalm\u0131\u015f pek \u00e7ok gizemi ayd\u0131nlatacak ve \u00fcnl\u00fc simyac\u0131 \u00fcstat Nicolas Flamel\u2019in de ayak izlerini takip edecektir\u2026\u201cSars\u0131c\u0131 bir ezoterik macera.\u201d- Ouest France\u201c\u00c7ok etkileyici, titizlikle ara\u015ft\u0131r\u0131lm\u0131\u015f ve iki yazar taraf\u0131ndan harika \u015fekilde kaleme al\u0131nm\u0131\u015f bir hikaye.\u201d- Le Parisien\u201cAk\u0131ll\u0131ca kurgulanm\u0131\u015f ve heyecan verici bir anlat\u0131ma sahip.\u201d- Gala \u201cKomiser Marcas\u2019\u0131n masonluk tarihine yapt\u0131\u011f\u0131 yolculu\u011fu \u00e7ok katmanl\u0131 bir \u00f6yk\u00fcyle anlatan ba\u015far\u0131l\u0131 bir polisiye macera.\u201d- jlturbet.net \u201cS\u00fcrpriz sonuyla okuyucusunu \u015fa\u015f\u0131rtan ve masonlu\u011fa dair her zamanki gibi g\u00fcvenilir bilgiler i\u00e7eren s\u00fcr\u00fckleyici bir polisiye.\u201d- hiram.be \ufffc<\/p>\n","protected":false},"excerpt":{"rendered":"<p>Ben Se\u00e7ilmi\u015f Ki\u015fiyim. Ben Kan Karde\u015f\u2019im. Ebediyen. \u00d6ld\u00fcr\u00fcyorum ve yeniden do\u011fuyorum&#8230;Paris\u2019te, bir mason locas\u0131nda yap\u0131lan inisiye kabul t\u00f6reni kana bulan\u0131r. Mason komiser Antoine Marcas kendi locas\u0131nda<span class=\"excerpt-hellip\"> [\u2026]<\/span><\/p>\n","protected":false},"featured_media":0,"template":"","meta":{"_monsterinsights_skip_tracking":false,"_monsterinsights_sitenote_active":false,"_monsterinsights_sitenote_note":"","_monsterinsights_sitenote_category":0},"product_brand":[],"product_cat":[12291,12711],"product_tag":[],"class_list":{"0":"post-700264","1":"product","2":"type-product","3":"status-publish","5":"product_cat-edebiyat","6":"product_cat-roman-oyku","7":"pa_cilt-ciltsiz","8":"pa_tur-kitap","9":"pa_yayinevi-pegasus-yayinlari","10":"pa_yazar-jacques-ravenne","12":"first","13":"instock","14":"sale","15":"shipping-taxable","16":"purchasable","17":"product-type-simple"},"_links":{"self":[{"href":"https:\/\/roveyayinevi.com.tr\/index.php\/wp-json\/wp\/v2\/product\/700264","targetHints":{"allow":["GET"]}}],"collection":[{"href":"https:\/\/roveyayinevi.com.tr\/index.php\/wp-json\/wp\/v2\/product"}],"about":[{"href":"https:\/\/roveyayinevi.com.tr\/index.php\/wp-json\/wp\/v2\/types\/product"}],"wp:attachment":[{"href":"https:\/\/roveyayinevi.com.tr\/index.php\/wp-json\/wp\/v2\/media?parent=700264"}],"wp:term":[{"taxonomy":"product_brand","embeddable":true,"href":"https:\/\/roveyayinevi.com.tr\/index.php\/wp-json\/wp\/v2\/product_brand?post=700264"},{"taxonomy":"product_cat","embeddable":true,"href":"https:\/\/roveyayinevi.com.tr\/index.php\/wp-json\/wp\/v2\/product_cat?post=700264"},{"taxonomy":"product_tag","embeddable":true,"href":"https:\/\/roveyayinevi.com.tr\/index.php\/wp-json\/wp\/v2\/product_tag?post=700264"}],"curies":[{"name":"wp","href":"https:\/\/api.w.org\/{rel}","templated":true}]}}