{"id":700262,"date":"2025-08-27T14:57:46","date_gmt":"2025-08-27T11:57:46","guid":{"rendered":"https:\/\/roveyayinevi.com.tr\/index.php\/urun\/iktisat-kuraminin-gecmisine-bakis\/"},"modified":"2026-04-16T02:09:35","modified_gmt":"2026-04-15T23:09:35","slug":"iktisat-kuraminin-gecmisine-bakis","status":"publish","type":"product","link":"https:\/\/roveyayinevi.com.tr\/index.php\/urun\/iktisat-kuraminin-gecmisine-bakis\/","title":{"rendered":"\u0130ktisat Kuram\u0131n\u0131n Ge\u00e7mi\u015fine Bak\u0131\u015f"},"content":{"rendered":"<p>Bu kitap, Adam Smith\u2019ten John Maynard Keynes\u2019e \u2013asl\u0131nda David Hume\u2019dan Milton Friedman\u2019a\u2013 uzanan bir iktisadi d\u00fc\u015f\u00fcnce tarihi kitab\u0131; ancak bu kitapta tarih belirli bir farkl\u0131l\u0131kla anlat\u0131l\u0131yor. Birincisi iktisadi \u00f6\u011fretilerin de\u011fil iktisat kuram\u0131n\u0131n tarihi anlat\u0131l\u0131yor, yani kitap boyunca konu d\u0131\u015f\u0131, e\u011flenceli tarihsel g\u00f6ndermeler ya da renkli biyografik at\u0131flarla suland\u0131rmadan kuramsal analize odaklan\u0131l\u0131yor. \u0130kincisi kitap, \u00f6\u011frencileri ilk elden b\u00fcy\u00fck iktisat\u00e7\u0131lar\u0131n yazd\u0131klar\u0131na a\u015fina k\u0131lmak amac\u0131yla, ana iktisadi metinlerden dokuz tanesine \u2013Smith, Ricardo, Mill, Marx, Marshall, Wicksteed, Wicksell, Walras ve Keynes\u2013 y\u00f6nelik ayr\u0131nt\u0131l\u0131 Okuma K\u0131lavuzlar\u0131 i\u00e7eriyor. <\/p>\n","protected":false},"excerpt":{"rendered":"<p>Bu kitap, Adam Smith\u2019ten John Maynard Keynes\u2019e \u2013asl\u0131nda David Hume\u2019dan Milton Friedman\u2019a\u2013 uzanan bir iktisadi d\u00fc\u015f\u00fcnce tarihi kitab\u0131; ancak bu kitapta tarih belirli bir farkl\u0131l\u0131kla anlat\u0131l\u0131yor.<span class=\"excerpt-hellip\"> [\u2026]<\/span><\/p>\n","protected":false},"featured_media":0,"template":"","meta":{"_monsterinsights_skip_tracking":false,"_monsterinsights_sitenote_active":false,"_monsterinsights_sitenote_note":"","_monsterinsights_sitenote_category":0},"product_brand":[],"product_cat":[12573,12566],"product_tag":[],"class_list":{"0":"post-700262","1":"product","2":"type-product","3":"status-publish","5":"product_cat-akademik-kitaplar","6":"product_cat-egitim","7":"pa_tur-kitap","8":"pa_yayinevi-efil-yayinevi","9":"pa_yazar-mark-blaug","11":"first","12":"instock","13":"sale","14":"shipping-taxable","15":"purchasable","16":"product-type-simple"},"_links":{"self":[{"href":"https:\/\/roveyayinevi.com.tr\/index.php\/wp-json\/wp\/v2\/product\/700262","targetHints":{"allow":["GET"]}}],"collection":[{"href":"https:\/\/roveyayinevi.com.tr\/index.php\/wp-json\/wp\/v2\/product"}],"about":[{"href":"https:\/\/roveyayinevi.com.tr\/index.php\/wp-json\/wp\/v2\/types\/product"}],"wp:attachment":[{"href":"https:\/\/roveyayinevi.com.tr\/index.php\/wp-json\/wp\/v2\/media?parent=700262"}],"wp:term":[{"taxonomy":"product_brand","embeddable":true,"href":"https:\/\/roveyayinevi.com.tr\/index.php\/wp-json\/wp\/v2\/product_brand?post=700262"},{"taxonomy":"product_cat","embeddable":true,"href":"https:\/\/roveyayinevi.com.tr\/index.php\/wp-json\/wp\/v2\/product_cat?post=700262"},{"taxonomy":"product_tag","embeddable":true,"href":"https:\/\/roveyayinevi.com.tr\/index.php\/wp-json\/wp\/v2\/product_tag?post=700262"}],"curies":[{"name":"wp","href":"https:\/\/api.w.org\/{rel}","templated":true}]}}