{"id":700260,"date":"2025-08-27T14:57:46","date_gmt":"2025-08-27T11:57:46","guid":{"rendered":"https:\/\/roveyayinevi.com.tr\/index.php\/urun\/dortgoz\/"},"modified":"2026-04-16T02:09:35","modified_gmt":"2026-04-15T23:09:35","slug":"dortgoz","status":"publish","type":"product","link":"https:\/\/roveyayinevi.com.tr\/index.php\/urun\/dortgoz\/","title":{"rendered":"D\u00f6rtg\u00f6z"},"content":{"rendered":"<p>Ye\u015fil, mavi, pembe noktal\u0131 kelebekler, duvarlar\u0131 s\u00fcsleyen suluboya resimler, ta\u015fl\u0131 s\u00fcs\u00fcyle \u0131\u015f\u0131ldayan deniz mavisi mayo, bembeyaz bayraml\u0131k elbise, uzaktan kumandal\u0131 araba, birbirinden \u015firin civcivler, mavi kapakl\u0131 \u015fiir kitab\u0131, daha neler neler&#8230; Ya\u015fad\u0131\u011f\u0131m\u0131z d\u00fcnyaya dair binbir ayr\u0131nt\u0131 yine Sevim Ak\u2019\u0131n h\u00fcnerli kaleminden d\u00f6k\u00fclm\u00fc\u015f s\u00f6zc\u00fcklerde, birbirinden g\u00fczel \u00f6yk\u00fclerde; okumaya doyamayacaks\u0131n\u0131z&#8230; <\/p>\n","protected":false},"excerpt":{"rendered":"<p>Ye\u015fil, mavi, pembe noktal\u0131 kelebekler, duvarlar\u0131 s\u00fcsleyen suluboya resimler, ta\u015fl\u0131 s\u00fcs\u00fcyle \u0131\u015f\u0131ldayan deniz mavisi mayo, bembeyaz bayraml\u0131k elbise, uzaktan kumandal\u0131 araba, birbirinden \u015firin civcivler, mavi kapakl\u0131<span class=\"excerpt-hellip\"> [\u2026]<\/span><\/p>\n","protected":false},"featured_media":0,"template":"","meta":{"_monsterinsights_skip_tracking":false,"_monsterinsights_sitenote_active":false,"_monsterinsights_sitenote_note":"","_monsterinsights_sitenote_category":0},"product_brand":[],"product_cat":[12274,12284],"product_tag":[],"class_list":{"0":"post-700260","1":"product","2":"type-product","3":"status-publish","5":"product_cat-cocuk-ve-genclik-kitaplari","6":"product_cat-hikayeler","7":"pa_cilt-ciltsiz","8":"pa_tur-kitap","9":"pa_yayinevi-can-cocuk-yayinlari","10":"pa_yazar-sevim-ak","12":"first","13":"instock","14":"sale","15":"shipping-taxable","16":"purchasable","17":"product-type-simple"},"_links":{"self":[{"href":"https:\/\/roveyayinevi.com.tr\/index.php\/wp-json\/wp\/v2\/product\/700260","targetHints":{"allow":["GET"]}}],"collection":[{"href":"https:\/\/roveyayinevi.com.tr\/index.php\/wp-json\/wp\/v2\/product"}],"about":[{"href":"https:\/\/roveyayinevi.com.tr\/index.php\/wp-json\/wp\/v2\/types\/product"}],"wp:attachment":[{"href":"https:\/\/roveyayinevi.com.tr\/index.php\/wp-json\/wp\/v2\/media?parent=700260"}],"wp:term":[{"taxonomy":"product_brand","embeddable":true,"href":"https:\/\/roveyayinevi.com.tr\/index.php\/wp-json\/wp\/v2\/product_brand?post=700260"},{"taxonomy":"product_cat","embeddable":true,"href":"https:\/\/roveyayinevi.com.tr\/index.php\/wp-json\/wp\/v2\/product_cat?post=700260"},{"taxonomy":"product_tag","embeddable":true,"href":"https:\/\/roveyayinevi.com.tr\/index.php\/wp-json\/wp\/v2\/product_tag?post=700260"}],"curies":[{"name":"wp","href":"https:\/\/api.w.org\/{rel}","templated":true}]}}