{"id":700259,"date":"2025-08-27T14:57:45","date_gmt":"2025-08-27T11:57:45","guid":{"rendered":"https:\/\/roveyayinevi.com.tr\/index.php\/urun\/60-yillik-ittifakta-son-gun\/"},"modified":"2026-04-16T02:09:35","modified_gmt":"2026-04-15T23:09:35","slug":"60-yillik-ittifakta-son-gun","status":"publish","type":"product","link":"https:\/\/roveyayinevi.com.tr\/index.php\/urun\/60-yillik-ittifakta-son-gun\/","title":{"rendered":"60 Y\u0131ll\u0131k \u0130ttifakta Son G\u00fcn"},"content":{"rendered":"<p>\u201c\u0130ncirlik&#8217;i K\u00fcrt topraklar\u0131ndaki bir hava \u00fcss\u00fcyle de\u011fi\u015ftirmenin zaman\u0131 geldi.\u201dWall Street Journal\u201cTurkey bugs out of anti-ISIS coalition. Why not a base in Kurdistan?\u201dHer roman zaman\u0131n ruhunu ta\u015f\u0131r, yaz\u0131ld\u0131\u011f\u0131 d\u00f6nemi yans\u0131t\u0131r. G\u00fcvenlik politikalar\u0131 uzman\u0131 olarak tan\u0131d\u0131\u011f\u0131m\u0131z Mete Yarar&#8217;\u0131n bu &#8220;ilgin\u00e7&#8221; roman\u0131, siyasal g\u00fcndemin ba\u015f d\u00f6nd\u00fcr\u00fcc\u00fc bir h\u0131zla de\u011fi\u015fti\u011fi, \u00fclke gelece\u011fi \u00fczerine yaz\u0131lan senaryolar\u0131n her ge\u00e7en g\u00fcn daha fazla olas\u0131l\u0131\u011fa a\u00e7\u0131k hale geldi\u011fi karma\u015f\u0131k ve karanl\u0131k d\u00f6nemi, hem okurun ba\u015f\u0131n\u0131 d\u00f6nd\u00fcren kurgusu hem de \u00e7ok \u00e7arp\u0131c\u0131 konusuyla m\u00fckemmelen yans\u0131t\u0131yor. 30 saatlik bir dilimi anlatan Hawler &#8211; 60 Y\u0131ll\u0131k \u0130ttifakta Son G\u00fcn, soluk solu\u011fa okunacak bir roman.ABD, \u0130ncirlik Hava \u00dcss\u00fc&#8217;n\u00fc bo\u015falt\u0131p Erbil&#8217;e (Hawler) ta\u015f\u0131maya ba\u015flar. T\u00fcrkiye&#8217;de hi\u00e7bir yetkilinin b\u00f6ylesine hayati bir karardan haberi yoktur. Bask\u0131n niteli\u011findeki bu faaliyet, 60 y\u0131ll\u0131k NATO ittifak\u0131m\u0131z\u0131n sonu olarak da yorumlanabilir! T\u00fcrkiye&#8217;nin g\u00fcvenlik ve d\u0131\u015f politikas\u0131n\u0131 y\u00f6neten \u00fc\u00e7 ki\u015fi, ani operasyonun haberini al\u0131nca \u015foka u\u011frar. Ba\u015fbakan \u015funu sorar: &#8220;Sava\u015fa m\u0131 girdik?&#8221;Kurulan kriz masas\u0131ndaki herkes \u015fa\u015fk\u0131nl\u0131k i\u00e7indedir. Neler oldu\u011funu anlayamad\u0131klar\u0131 i\u00e7in acilen ne yapmalar\u0131 gerekti\u011fini de saptayamazlar. Roman\u0131n ba\u015f karakteri \u015eerif, tam da bu geli\u015fmeyi \u00f6ng\u00f6ren bir rapor vermi\u015f ama ciddiye al\u0131nmam\u0131\u015ft\u0131r.Yukar\u0131da roman i\u00e7in &#8220;ilgin\u00e7&#8221; dedim, \u00e7\u00fcnk\u00fc Mete Yarar ne kadar\u0131 ger\u00e7ek ne kadar\u0131 hayal \u00fcr\u00fcn\u00fc oldu\u011funu bilemeyece\u011fimiz bu roman\u0131 yazarken, Wall Street Journal&#8217;de tam da bu konuyu g\u00fcndeme getiren bir yaz\u0131 yay\u0131mland\u0131.Hawler &#8211; 60 Y\u0131ll\u0131k \u0130ttifakta Son G\u00fcn, kesinlikle \u00e7ok tart\u0131\u015f\u0131lacak bir roman. Hem kitab\u0131 okurken hem de kitab\u0131n anlatt\u0131\u011f\u0131 konular\u0131n geli\u015fimini izlerken her t\u00fcrl\u00fc s\u00fcrprize a\u00e7\u0131k olmak gerekir!<\/p>\n","protected":false},"excerpt":{"rendered":"<p>\u201c\u0130ncirlik&#8217;i K\u00fcrt topraklar\u0131ndaki bir hava \u00fcss\u00fcyle de\u011fi\u015ftirmenin zaman\u0131 geldi.\u201dWall Street Journal\u201cTurkey bugs out of anti-ISIS coalition. Why not a base in Kurdistan?\u201dHer roman zaman\u0131n ruhunu ta\u015f\u0131r,<span class=\"excerpt-hellip\"> [\u2026]<\/span><\/p>\n","protected":false},"featured_media":0,"template":"","meta":{"_monsterinsights_skip_tracking":false,"_monsterinsights_sitenote_active":false,"_monsterinsights_sitenote_note":"","_monsterinsights_sitenote_category":0},"product_brand":[],"product_cat":[12291,12332],"product_tag":[],"class_list":{"0":"post-700259","1":"product","2":"type-product","3":"status-publish","5":"product_cat-edebiyat","6":"product_cat-senaryo","7":"pa_cilt-ciltsiz","8":"pa_tur-kitap","9":"pa_yayinevi-destek-yayinlari","10":"pa_yazar-mete-yarar","12":"first","13":"instock","14":"sale","15":"shipping-taxable","16":"purchasable","17":"product-type-simple"},"_links":{"self":[{"href":"https:\/\/roveyayinevi.com.tr\/index.php\/wp-json\/wp\/v2\/product\/700259","targetHints":{"allow":["GET"]}}],"collection":[{"href":"https:\/\/roveyayinevi.com.tr\/index.php\/wp-json\/wp\/v2\/product"}],"about":[{"href":"https:\/\/roveyayinevi.com.tr\/index.php\/wp-json\/wp\/v2\/types\/product"}],"wp:attachment":[{"href":"https:\/\/roveyayinevi.com.tr\/index.php\/wp-json\/wp\/v2\/media?parent=700259"}],"wp:term":[{"taxonomy":"product_brand","embeddable":true,"href":"https:\/\/roveyayinevi.com.tr\/index.php\/wp-json\/wp\/v2\/product_brand?post=700259"},{"taxonomy":"product_cat","embeddable":true,"href":"https:\/\/roveyayinevi.com.tr\/index.php\/wp-json\/wp\/v2\/product_cat?post=700259"},{"taxonomy":"product_tag","embeddable":true,"href":"https:\/\/roveyayinevi.com.tr\/index.php\/wp-json\/wp\/v2\/product_tag?post=700259"}],"curies":[{"name":"wp","href":"https:\/\/api.w.org\/{rel}","templated":true}]}}