{"id":700257,"date":"2025-08-27T14:57:45","date_gmt":"2025-08-27T11:57:45","guid":{"rendered":"https:\/\/roveyayinevi.com.tr\/index.php\/urun\/hashasiler\/"},"modified":"2026-04-16T02:09:35","modified_gmt":"2026-04-15T23:09:35","slug":"hashasiler","status":"publish","type":"product","link":"https:\/\/roveyayinevi.com.tr\/index.php\/urun\/hashasiler\/","title":{"rendered":"Ha\u015fha\u015filer"},"content":{"rendered":"<p>Ac\u0131 nedir bilmiyorlar\u2026Merhamet nedir bilmiyorlar\u2026D\u00fcnyan\u0131n en se\u00e7kin y\u00f6neticilerive i\u015f adamlar\u0131ndan olu\u015fuyorlar\u2026G\u00fcce sahip olmak i\u00e7in en gaddary\u00f6ntemleri kullan\u0131yorlar\u2026Onlar modern Ha\u015fha\u015filer.Frans\u0131z mason y\u00f6neticiler bu gizli tarikat\u0131n varl\u0131\u011f\u0131ndan haberdar olduklar\u0131nda, i\u00e7eriye s\u0131zmak komiser Marcas\u2019a d\u00fc\u015fer. \u0130stemeden kabul etti\u011fi bu g\u00f6rev onu on \u00fc\u00e7\u00fcnc\u00fc y\u00fczy\u0131l mason ve H\u0131ristiyanl\u0131k tarihinde tehlikeli bir yolculu\u011fa \u00e7\u0131karacakt\u0131r. Tap\u0131nak \u015e\u00f6valyeleri d\u00fcnyan\u0131n sand\u0131\u011f\u0131 gibi Frans\u0131z Kral\u0131 taraf\u0131ndan yok edilmemi\u015ftir, tarikat\u0131n Ha\u015fha\u015filerin s\u0131rr\u0131na vak\u0131f \u00dcstat\u2019\u0131 sayesinde varl\u0131\u011f\u0131n\u0131 bug\u00fcne kadar s\u00fcrd\u00fcrm\u00fc\u015ft\u00fcr. Marcas, bu locaya girer ancak kabul t\u00f6reni, insan\u0131n ac\u0131 ve merhamet merkezini etkisiz k\u0131lan vah\u015fi bir rit\u00fceldir. Bu rit\u00fcelle birlikte locan\u0131n s\u0131rr\u0131n\u0131 ortaya \u00e7\u0131karan komiser, tarikat\u0131n Brezilya\u2019daki gizli merkezinden ka\u00e7maya \u00e7al\u0131\u015f\u0131rken locan\u0131n tarih\u00ee komplolar\u0131n\u0131 da ortaya \u00e7\u0131karaca\u011f\u0131 bir maceran\u0131n i\u00e7ine s\u00fcr\u00fcklenecektir.\u201cTarih ve g\u00fcn\u00fcm\u00fcz aras\u0131nda \u00f6r\u00fclm\u00fc\u015f, ustaca olu\u015fturulmu\u015f ve birbirine paralel ilerleyen karakterler ve entrikalarla dolu Ha\u015fha\u015filer, t\u00fcr\u00fcn iki ustas\u0131ndan yeni yazarlara ders niteli\u011finde bir eser.\u201d- Marine de Tilly \u201cHa\u015fha\u015filer belki de Komiser Marcas\u2019\u0131n bug\u00fcne kadar yaz\u0131lm\u0131\u015f en iyi maceras\u0131.\u201d- Jean-Laurent Turbet \u201cAksiyonun hi\u00e7 dinmedi\u011fi, James Bond maceralar\u0131n\u0131 and\u0131ran bir roman.\u201d- Sophie Peugnez\u201cFrans\u0131z yazar ikilisi okuyucuyu bir bo\u015flu\u011fa at\u0131p onlara d\u00fcnyan\u0131n karanl\u0131k y\u00fcz\u00fcn\u00fc g\u00f6steriyor.\u201d- Buchreport\u201cSerinin d\u00f6rd\u00fcnc\u00fc kitab\u0131, tarihin karanl\u0131k k\u00f6\u015felerine do\u011fru \u00e7\u0131k\u0131lan heyecanl\u0131 bir yolculuk.\u201d- Alphelandre<\/p>\n","protected":false},"excerpt":{"rendered":"<p>Ac\u0131 nedir bilmiyorlar\u2026Merhamet nedir bilmiyorlar\u2026D\u00fcnyan\u0131n en se\u00e7kin y\u00f6neticilerive i\u015f adamlar\u0131ndan olu\u015fuyorlar\u2026G\u00fcce sahip olmak i\u00e7in en gaddary\u00f6ntemleri kullan\u0131yorlar\u2026Onlar modern Ha\u015fha\u015filer.Frans\u0131z mason y\u00f6neticiler bu gizli tarikat\u0131n varl\u0131\u011f\u0131ndan haberdar<span class=\"excerpt-hellip\"> [\u2026]<\/span><\/p>\n","protected":false},"featured_media":0,"template":"","meta":{"_monsterinsights_skip_tracking":false,"_monsterinsights_sitenote_active":false,"_monsterinsights_sitenote_note":"","_monsterinsights_sitenote_category":0},"product_brand":[],"product_cat":[12291,12711],"product_tag":[],"class_list":{"0":"post-700257","1":"product","2":"type-product","3":"status-publish","5":"product_cat-edebiyat","6":"product_cat-roman-oyku","7":"pa_cilt-ciltsiz","8":"pa_tur-kitap","9":"pa_yayinevi-pegasus-yayinlari","10":"pa_yazar-jacques-ravenne","12":"first","13":"instock","14":"sale","15":"shipping-taxable","16":"purchasable","17":"product-type-simple"},"_links":{"self":[{"href":"https:\/\/roveyayinevi.com.tr\/index.php\/wp-json\/wp\/v2\/product\/700257","targetHints":{"allow":["GET"]}}],"collection":[{"href":"https:\/\/roveyayinevi.com.tr\/index.php\/wp-json\/wp\/v2\/product"}],"about":[{"href":"https:\/\/roveyayinevi.com.tr\/index.php\/wp-json\/wp\/v2\/types\/product"}],"wp:attachment":[{"href":"https:\/\/roveyayinevi.com.tr\/index.php\/wp-json\/wp\/v2\/media?parent=700257"}],"wp:term":[{"taxonomy":"product_brand","embeddable":true,"href":"https:\/\/roveyayinevi.com.tr\/index.php\/wp-json\/wp\/v2\/product_brand?post=700257"},{"taxonomy":"product_cat","embeddable":true,"href":"https:\/\/roveyayinevi.com.tr\/index.php\/wp-json\/wp\/v2\/product_cat?post=700257"},{"taxonomy":"product_tag","embeddable":true,"href":"https:\/\/roveyayinevi.com.tr\/index.php\/wp-json\/wp\/v2\/product_tag?post=700257"}],"curies":[{"name":"wp","href":"https:\/\/api.w.org\/{rel}","templated":true}]}}