{"id":700255,"date":"2025-08-27T14:57:44","date_gmt":"2025-08-27T11:57:44","guid":{"rendered":"https:\/\/roveyayinevi.com.tr\/index.php\/urun\/don-kisot-6\/"},"modified":"2026-04-16T02:09:35","modified_gmt":"2026-04-15T23:09:35","slug":"don-kisot-6","status":"publish","type":"product","link":"https:\/\/roveyayinevi.com.tr\/index.php\/urun\/don-kisot-6\/","title":{"rendered":"Don Ki\u015fot"},"content":{"rendered":"<p>\u0130spanyol yazar Cervantes&#8217;in yazd\u0131\u011f\u0131 \u00fcnl\u00fc Don Ki\u015fot roman\u0131, yaz\u0131l\u0131\u015f\u0131n\u0131n 400&#8217;\u00fcnc\u00fc y\u0131ld\u00f6n\u00fcm\u00fcnde, b\u00fct\u00fcn d\u00fcnyada kutland\u0131. Bu b\u00fcy\u00fck kutlamaya Can \u00c7ocuk olarak biz de katk\u0131da bulunmak istedik. \u00dcnl\u00fc Alman g\u00fclmece yazar\u0131 Erich Kastner&#8217;in \u00e7ocuklar i\u00e7in yal\u0131nla\u015ft\u0131r\u0131p yeniden yazd\u0131\u011f\u0131 Don Ki\u015fot kitab\u0131n\u0131 yay\u0131na haz\u0131rlad\u0131k. Don Ki\u015fot, atadan, dededen kalma pasl\u0131 z\u0131rh\u0131n\u0131 ku\u015fan\u0131r, m\u0131zra\u011f\u0131n\u0131, k\u0131l\u0131c\u0131n\u0131 al\u0131r, s\u0131ska at\u0131 Rosinante ile, bir \u015f\u00f6valye gibi yollara d\u00fc\u015fer. Amac\u0131 birtak\u0131m krallar\u0131 devirmek, sevdi\u011fi soylu han\u0131mefendi Dulsinea&#8217;n\u0131n g\u00f6nl\u00fcn\u00fc \u00e7ekmektir. Kendisi gibi saf bir adam olan \u015fi\u015fko San\u00e7o Panza&#8217;y\u0131 da yan\u0131na alarak sald\u0131r\u0131lar\u0131na ba\u015flar. \u0130lk sald\u0131r\u0131s\u0131n\u0131 yel de\u011firmenlerine kar\u015f\u0131 yapar. Sonra bir \u015farapevinde \u015farap tulumlar\u0131n\u0131 k\u0131l\u0131c\u0131yla delik de\u015fik eder. Yol keser, d\u00fcellolar yapar. Erich Kastner, bu korkusuz, y\u00fcrekli, alabildi\u011fine saf \u015f\u00f6valye bozuntusunun ser\u00fcvenlerini aktar\u0131rken, kaybolan \u015f\u00f6valyeler d\u00f6neminin de\u011ferlerine sar\u0131l\u0131p \u00f6ylece kalm\u0131\u015f s\u0131ra d\u0131\u015f\u0131 bir adam\u0131 da, Cervantes gibi, \u00f6l\u00fcms\u00fczle\u015ftiriyor. \ufffc<\/p>\n","protected":false},"excerpt":{"rendered":"<p>\u0130spanyol yazar Cervantes&#8217;in yazd\u0131\u011f\u0131 \u00fcnl\u00fc Don Ki\u015fot roman\u0131, yaz\u0131l\u0131\u015f\u0131n\u0131n 400&#8217;\u00fcnc\u00fc y\u0131ld\u00f6n\u00fcm\u00fcnde, b\u00fct\u00fcn d\u00fcnyada kutland\u0131. Bu b\u00fcy\u00fck kutlamaya Can \u00c7ocuk olarak biz de katk\u0131da bulunmak istedik. \u00dcnl\u00fc<span class=\"excerpt-hellip\"> [\u2026]<\/span><\/p>\n","protected":false},"featured_media":0,"template":"","meta":{"_monsterinsights_skip_tracking":false,"_monsterinsights_sitenote_active":false,"_monsterinsights_sitenote_note":"","_monsterinsights_sitenote_category":0},"product_brand":[],"product_cat":[12274,12284],"product_tag":[],"class_list":{"0":"post-700255","1":"product","2":"type-product","3":"status-publish","5":"product_cat-cocuk-ve-genclik-kitaplari","6":"product_cat-hikayeler","7":"pa_cilt-ciltsiz","8":"pa_tur-kitap","9":"pa_yayinevi-can-cocuk-yayinlari","10":"pa_yazar-erich-kastner","12":"first","13":"instock","14":"sale","15":"shipping-taxable","16":"purchasable","17":"product-type-simple"},"_links":{"self":[{"href":"https:\/\/roveyayinevi.com.tr\/index.php\/wp-json\/wp\/v2\/product\/700255","targetHints":{"allow":["GET"]}}],"collection":[{"href":"https:\/\/roveyayinevi.com.tr\/index.php\/wp-json\/wp\/v2\/product"}],"about":[{"href":"https:\/\/roveyayinevi.com.tr\/index.php\/wp-json\/wp\/v2\/types\/product"}],"wp:attachment":[{"href":"https:\/\/roveyayinevi.com.tr\/index.php\/wp-json\/wp\/v2\/media?parent=700255"}],"wp:term":[{"taxonomy":"product_brand","embeddable":true,"href":"https:\/\/roveyayinevi.com.tr\/index.php\/wp-json\/wp\/v2\/product_brand?post=700255"},{"taxonomy":"product_cat","embeddable":true,"href":"https:\/\/roveyayinevi.com.tr\/index.php\/wp-json\/wp\/v2\/product_cat?post=700255"},{"taxonomy":"product_tag","embeddable":true,"href":"https:\/\/roveyayinevi.com.tr\/index.php\/wp-json\/wp\/v2\/product_tag?post=700255"}],"curies":[{"name":"wp","href":"https:\/\/api.w.org\/{rel}","templated":true}]}}