{"id":700253,"date":"2025-08-27T14:57:44","date_gmt":"2025-08-27T11:57:44","guid":{"rendered":"https:\/\/roveyayinevi.com.tr\/index.php\/urun\/domates-sacli-kiz\/"},"modified":"2026-04-16T02:09:35","modified_gmt":"2026-04-15T23:09:35","slug":"domates-sacli-kiz","status":"publish","type":"product","link":"https:\/\/roveyayinevi.com.tr\/index.php\/urun\/domates-sacli-kiz\/","title":{"rendered":"Domates Sa\u00e7l\u0131 K\u0131z"},"content":{"rendered":"<p>\u00c7\u00fcr\u00fck Yumurta Kenti\u2019nin en gevezeleri kimlermi\u015f, biliyor musunuz? Nereden bileceksiniz hadi ben s\u00f6yleyeyim: G\u00fcnlerini kent meydanlar\u0131ndaki sak\u0131z a\u011fc\u0131nda \u00e7an \u00e7an konu\u015farak ge\u00e7iren iki kargaym\u0131\u015f. Birinin ad\u0131 Tiktak, \u00f6tekininki T\u0131k\u0131t\u0131k\u2019m\u0131\u015f.Kent halk\u0131 bu iki kargan\u0131n sinir bozucu konu\u015fmalar\u0131ndan usanm\u0131\u015f, \u00e7areyi, meydandan kilometrelerce uza\u011fa ta\u015f\u0131nmakta bulmu\u015f. Meydandaki d\u00fckkan sahipleri ise kolay kolay faka basaca\u011fa benzemiyorlarm\u0131\u015f. G\u00fcnlerden bir g\u00fcn kasabaya bir turist toplulu\u011fu gelmi\u015f. Ya\u015fl\u0131 bir turist bu kargalar\u0131 izlemeye karar vermi\u015f. Tiktak\u2019\u0131n pe\u015fine d\u00fc\u015fm\u00fc\u015f. Tiktak kimselere g\u00f6r\u00fcnmeden, evlere, ofislere giriyor, oradan bir belge, bir mektup, bir g\u00fcnl\u00fck sayfas\u0131, bir reklam bro\u015f\u00fcr\u00fc, bir magazin dergisi al\u0131p ka\u00e7\u0131r\u0131yormu\u015f. Ka\u00e7\u0131rd\u0131klar\u0131n\u0131 sak\u0131z a\u011fc\u0131n\u0131n kavu\u011funa s\u0131k\u0131\u015ft\u0131r\u0131yor, sonra iki karga bulu\u015fup bu yaz\u0131l\u0131 belgeleri okuyup konu\u015fuyorlarm\u0131\u015f. Sevim Ak, bu roman\u0131nda, i\u015fte bu belgelerden yola \u00e7\u0131karak Domates Sa\u00e7l\u0131 K\u0131z\u2019\u0131n \u00f6yk\u00fcs\u00fcn\u00fc, o her zamanki renkli anlat\u0131m\u0131yla \u00f6n\u00fcm\u00fcze seriyor.<\/p>\n","protected":false},"excerpt":{"rendered":"<p>\u00c7\u00fcr\u00fck Yumurta Kenti\u2019nin en gevezeleri kimlermi\u015f, biliyor musunuz? Nereden bileceksiniz hadi ben s\u00f6yleyeyim: G\u00fcnlerini kent meydanlar\u0131ndaki sak\u0131z a\u011fc\u0131nda \u00e7an \u00e7an konu\u015farak ge\u00e7iren iki kargaym\u0131\u015f. Birinin ad\u0131<span class=\"excerpt-hellip\"> [\u2026]<\/span><\/p>\n","protected":false},"featured_media":0,"template":"","meta":{"_monsterinsights_skip_tracking":false,"_monsterinsights_sitenote_active":false,"_monsterinsights_sitenote_note":"","_monsterinsights_sitenote_category":0},"product_brand":[],"product_cat":[12275,12274],"product_tag":[],"class_list":{"0":"post-700253","1":"product","2":"type-product","3":"status-publish","5":"product_cat-6-12-yas-kitaplari","6":"product_cat-cocuk-ve-genclik-kitaplari","7":"pa_cilt-ciltsiz","8":"pa_tur-kitap","9":"pa_yayinevi-can-cocuk-yayinlari","10":"pa_yazar-sevim-ak","12":"first","13":"instock","14":"sale","15":"shipping-taxable","16":"purchasable","17":"product-type-simple"},"_links":{"self":[{"href":"https:\/\/roveyayinevi.com.tr\/index.php\/wp-json\/wp\/v2\/product\/700253","targetHints":{"allow":["GET"]}}],"collection":[{"href":"https:\/\/roveyayinevi.com.tr\/index.php\/wp-json\/wp\/v2\/product"}],"about":[{"href":"https:\/\/roveyayinevi.com.tr\/index.php\/wp-json\/wp\/v2\/types\/product"}],"wp:attachment":[{"href":"https:\/\/roveyayinevi.com.tr\/index.php\/wp-json\/wp\/v2\/media?parent=700253"}],"wp:term":[{"taxonomy":"product_brand","embeddable":true,"href":"https:\/\/roveyayinevi.com.tr\/index.php\/wp-json\/wp\/v2\/product_brand?post=700253"},{"taxonomy":"product_cat","embeddable":true,"href":"https:\/\/roveyayinevi.com.tr\/index.php\/wp-json\/wp\/v2\/product_cat?post=700253"},{"taxonomy":"product_tag","embeddable":true,"href":"https:\/\/roveyayinevi.com.tr\/index.php\/wp-json\/wp\/v2\/product_tag?post=700253"}],"curies":[{"name":"wp","href":"https:\/\/api.w.org\/{rel}","templated":true}]}}