{"id":700250,"date":"2025-08-27T14:57:43","date_gmt":"2025-08-27T11:57:43","guid":{"rendered":"https:\/\/roveyayinevi.com.tr\/index.php\/urun\/bir-neyzen-iki-derya\/"},"modified":"2026-04-16T02:09:35","modified_gmt":"2026-04-15T23:09:35","slug":"bir-neyzen-iki-derya","status":"publish","type":"product","link":"https:\/\/roveyayinevi.com.tr\/index.php\/urun\/bir-neyzen-iki-derya\/","title":{"rendered":"Bir Neyzen \u0130ki Derya"},"content":{"rendered":"<p>Modern ya\u015fam\u0131n yaratt\u0131\u011f\u0131 maddi ve manevi y\u0131k\u0131mdan kendine bir kurtulu\u015f yolu arayan insanlara, tasavvuf, \u00e7ekici ve ayd\u0131nl\u0131k bir kap\u0131 olarak g\u00f6z\u00fckmektedir. Kendilerine bir dergah, bir m\u00fcr\u015fid arayanlar sadece \u0130slam aleminde de\u011fil, t\u00fcm d\u00fcnyada artmakta, bir yere kap\u0131lananlar\u0131n \u00e7o\u011fu da asl\u0131nda bilmeden k\u0131yafetlere, merasimlere, yalan yanl\u0131\u015f bir-iki s\u00f6ze aldanmakta, ba\u015fta Hz. Mevlana olmak \u00fczere maalesef evliyan\u0131n halini, s\u00f6zlerini, tasavvufun manas\u0131n\u0131, maksad\u0131n\u0131 ara\u015ft\u0131rmadan bu yola koyulmaktalar. <\/p>\n","protected":false},"excerpt":{"rendered":"<p>Modern ya\u015fam\u0131n yaratt\u0131\u011f\u0131 maddi ve manevi y\u0131k\u0131mdan kendine bir kurtulu\u015f yolu arayan insanlara, tasavvuf, \u00e7ekici ve ayd\u0131nl\u0131k bir kap\u0131 olarak g\u00f6z\u00fckmektedir. Kendilerine bir dergah, bir m\u00fcr\u015fid<span class=\"excerpt-hellip\"> [\u2026]<\/span><\/p>\n","protected":false},"featured_media":0,"template":"","meta":{"_monsterinsights_skip_tracking":false,"_monsterinsights_sitenote_active":false,"_monsterinsights_sitenote_note":"","_monsterinsights_sitenote_category":0},"product_brand":[],"product_cat":[12718,12719,12720],"product_tag":[],"class_list":{"0":"post-700250","1":"product","2":"type-product","3":"status-publish","5":"product_cat-din","6":"product_cat-islam","7":"product_cat-tasavvuf-mezhepler-tarikatlar","8":"pa_tur-kitap","9":"pa_yayinevi-sufi-kitap","10":"pa_yazar-kudsi-erguner","12":"first","13":"instock","14":"sale","15":"shipping-taxable","16":"purchasable","17":"product-type-simple"},"_links":{"self":[{"href":"https:\/\/roveyayinevi.com.tr\/index.php\/wp-json\/wp\/v2\/product\/700250","targetHints":{"allow":["GET"]}}],"collection":[{"href":"https:\/\/roveyayinevi.com.tr\/index.php\/wp-json\/wp\/v2\/product"}],"about":[{"href":"https:\/\/roveyayinevi.com.tr\/index.php\/wp-json\/wp\/v2\/types\/product"}],"wp:attachment":[{"href":"https:\/\/roveyayinevi.com.tr\/index.php\/wp-json\/wp\/v2\/media?parent=700250"}],"wp:term":[{"taxonomy":"product_brand","embeddable":true,"href":"https:\/\/roveyayinevi.com.tr\/index.php\/wp-json\/wp\/v2\/product_brand?post=700250"},{"taxonomy":"product_cat","embeddable":true,"href":"https:\/\/roveyayinevi.com.tr\/index.php\/wp-json\/wp\/v2\/product_cat?post=700250"},{"taxonomy":"product_tag","embeddable":true,"href":"https:\/\/roveyayinevi.com.tr\/index.php\/wp-json\/wp\/v2\/product_tag?post=700250"}],"curies":[{"name":"wp","href":"https:\/\/api.w.org\/{rel}","templated":true}]}}