{"id":700247,"date":"2025-08-27T14:57:42","date_gmt":"2025-08-27T11:57:42","guid":{"rendered":"https:\/\/roveyayinevi.com.tr\/index.php\/urun\/bumba-ile-bibu\/"},"modified":"2026-04-08T02:12:25","modified_gmt":"2026-04-07T23:12:25","slug":"bumba-ile-bibu","status":"publish","type":"product","link":"https:\/\/roveyayinevi.com.tr\/index.php\/urun\/bumba-ile-bibu\/","title":{"rendered":"Bumba ile Bibu"},"content":{"rendered":"<p>Sahnedeki iki dost Bumba ile Bibu\u2019nun yollar\u0131 bir dans yar\u0131\u015fmas\u0131nda kesi\u015fir. Birlikte \u00e7ok uyumlu bir ikili olurlar. Ama i\u015fler her zaman d\u00fc\u015f\u00fcnd\u00fckleri gibi gitmez.<\/p>\n","protected":false},"excerpt":{"rendered":"<p>Sahnedeki iki dost Bumba ile Bibu\u2019nun yollar\u0131 bir dans yar\u0131\u015fmas\u0131nda kesi\u015fir. Birlikte \u00e7ok uyumlu bir ikili olurlar. Ama i\u015fler her zaman d\u00fc\u015f\u00fcnd\u00fckleri gibi gitmez.<\/p>\n","protected":false},"featured_media":0,"template":"","meta":{"_monsterinsights_skip_tracking":false,"_monsterinsights_sitenote_active":false,"_monsterinsights_sitenote_note":"","_monsterinsights_sitenote_category":0},"product_brand":[],"product_cat":[12275,12274],"product_tag":[],"class_list":{"0":"post-700247","1":"product","2":"type-product","3":"status-publish","5":"product_cat-6-12-yas-kitaplari","6":"product_cat-cocuk-ve-genclik-kitaplari","7":"pa_cilt-ciltsiz","8":"pa_tur-kitap","9":"pa_yayinevi-can-cocuk-yayinlari","10":"pa_yazar-cem-akas","12":"first","13":"instock","14":"sale","15":"shipping-taxable","16":"purchasable","17":"product-type-simple"},"_links":{"self":[{"href":"https:\/\/roveyayinevi.com.tr\/index.php\/wp-json\/wp\/v2\/product\/700247","targetHints":{"allow":["GET"]}}],"collection":[{"href":"https:\/\/roveyayinevi.com.tr\/index.php\/wp-json\/wp\/v2\/product"}],"about":[{"href":"https:\/\/roveyayinevi.com.tr\/index.php\/wp-json\/wp\/v2\/types\/product"}],"wp:attachment":[{"href":"https:\/\/roveyayinevi.com.tr\/index.php\/wp-json\/wp\/v2\/media?parent=700247"}],"wp:term":[{"taxonomy":"product_brand","embeddable":true,"href":"https:\/\/roveyayinevi.com.tr\/index.php\/wp-json\/wp\/v2\/product_brand?post=700247"},{"taxonomy":"product_cat","embeddable":true,"href":"https:\/\/roveyayinevi.com.tr\/index.php\/wp-json\/wp\/v2\/product_cat?post=700247"},{"taxonomy":"product_tag","embeddable":true,"href":"https:\/\/roveyayinevi.com.tr\/index.php\/wp-json\/wp\/v2\/product_tag?post=700247"}],"curies":[{"name":"wp","href":"https:\/\/api.w.org\/{rel}","templated":true}]}}