{"id":700243,"date":"2025-08-27T14:57:41","date_gmt":"2025-08-27T11:57:41","guid":{"rendered":"https:\/\/roveyayinevi.com.tr\/index.php\/urun\/gencligin-o-yakici-mevsimi\/"},"modified":"2026-04-16T02:09:34","modified_gmt":"2026-04-15T23:09:34","slug":"gencligin-o-yakici-mevsimi","status":"publish","type":"product","link":"https:\/\/roveyayinevi.com.tr\/index.php\/urun\/gencligin-o-yakici-mevsimi\/","title":{"rendered":"Gen\u00e7li\u011fin O Yak\u0131c\u0131 Mevsimi"},"content":{"rendered":"<p>Ay\u015fe Aysu\u2019nun durulu\u011fa ula\u015fmas\u0131 pek uzun s\u00fcrd\u00fc. Turhan\u2019\u0131n cenazesinde Fethi\u2019yi ikinci e\u015fiyle g\u00f6rmek \u00e7arpm\u0131\u015ft\u0131 onu. Yuvarlak \u00e7izgili, ak\u00e7a pak\u00e7a kad\u0131nlar dizisinde bir boncuk olmay\u0131 Ay\u015fe Aysu h\u00e2l\u00e2 onuruna yediremedi\u011fini sars\u0131larak fark etti o g\u00fcn. Ger\u00e7ekle y\u00fczle\u015fmek, Havva\u2019 n\u0131n say\u0131s\u0131z suretlerinden yaln\u0131zca biri oldu\u011funu sindirmek bunca zordu demek! \u201cBirey\u201d s\u00f6ylencesi&#8230; ne i\u00e7inde b\u00fcy\u00fcd\u00fc\u011f\u00fc halk\u0131n gelene\u011finde vard\u0131 ne d\u00fcnya i\u00e7in d\u00fc\u015fledi\u011fi \u00e7\u00f6z\u00fcmde&#8230; \u00d6yleyse&#8230; <\/p>\n","protected":false},"excerpt":{"rendered":"<p>Ay\u015fe Aysu\u2019nun durulu\u011fa ula\u015fmas\u0131 pek uzun s\u00fcrd\u00fc. Turhan\u2019\u0131n cenazesinde Fethi\u2019yi ikinci e\u015fiyle g\u00f6rmek \u00e7arpm\u0131\u015ft\u0131 onu. Yuvarlak \u00e7izgili, ak\u00e7a pak\u00e7a kad\u0131nlar dizisinde bir boncuk olmay\u0131 Ay\u015fe Aysu<span class=\"excerpt-hellip\"> [\u2026]<\/span><\/p>\n","protected":false},"featured_media":0,"template":"","meta":{"_monsterinsights_skip_tracking":false,"_monsterinsights_sitenote_active":false,"_monsterinsights_sitenote_note":"","_monsterinsights_sitenote_category":0},"product_brand":[],"product_cat":[12291,12711],"product_tag":[],"class_list":{"0":"post-700243","1":"product","2":"type-product","3":"status-publish","5":"product_cat-edebiyat","6":"product_cat-roman-oyku","7":"pa_cilt-ciltsiz","8":"pa_tur-kitap","9":"pa_yayinevi-can-yayinlari","10":"pa_yazar-erendiz-atasu","12":"first","13":"instock","14":"sale","15":"shipping-taxable","16":"purchasable","17":"product-type-simple"},"_links":{"self":[{"href":"https:\/\/roveyayinevi.com.tr\/index.php\/wp-json\/wp\/v2\/product\/700243","targetHints":{"allow":["GET"]}}],"collection":[{"href":"https:\/\/roveyayinevi.com.tr\/index.php\/wp-json\/wp\/v2\/product"}],"about":[{"href":"https:\/\/roveyayinevi.com.tr\/index.php\/wp-json\/wp\/v2\/types\/product"}],"wp:attachment":[{"href":"https:\/\/roveyayinevi.com.tr\/index.php\/wp-json\/wp\/v2\/media?parent=700243"}],"wp:term":[{"taxonomy":"product_brand","embeddable":true,"href":"https:\/\/roveyayinevi.com.tr\/index.php\/wp-json\/wp\/v2\/product_brand?post=700243"},{"taxonomy":"product_cat","embeddable":true,"href":"https:\/\/roveyayinevi.com.tr\/index.php\/wp-json\/wp\/v2\/product_cat?post=700243"},{"taxonomy":"product_tag","embeddable":true,"href":"https:\/\/roveyayinevi.com.tr\/index.php\/wp-json\/wp\/v2\/product_tag?post=700243"}],"curies":[{"name":"wp","href":"https:\/\/api.w.org\/{rel}","templated":true}]}}