{"id":700242,"date":"2025-08-27T14:57:40","date_gmt":"2025-08-27T11:57:40","guid":{"rendered":"https:\/\/roveyayinevi.com.tr\/index.php\/urun\/tantra-spirituellik-ve-cinsellik\/"},"modified":"2026-04-16T02:09:34","modified_gmt":"2026-04-15T23:09:34","slug":"tantra-spirituellik-ve-cinsellik","status":"publish","type":"product","link":"https:\/\/roveyayinevi.com.tr\/index.php\/urun\/tantra-spirituellik-ve-cinsellik\/","title":{"rendered":"Tantra, Spirit\u00fcellik ve Cinsellik"},"content":{"rendered":"<p>\u201cTanr\u0131, men\u015fe ve \u00f6z itibariyle bir \u2018ak\u0131l nesnesi\u2019 de\u011fildir, onu bu hale, daha sonraki ku\u015faklar\u0131n ak\u0131ls\u0131zl\u0131\u011f\u0131 ya da akl\u0131 getirmi\u015ftir. O, spek\u00fclasyonun, felsefenin nesnesi ya da \u00fcr\u00fcn\u00fc de de\u011fildir, \u00e7\u00fcnk\u00fc ortada hen\u00fcz filozoflar yokken tanr\u0131lar vard\u0131 ve evrenin nedenleri, ate\u015ften ya da sudan ya da hatta hi\u00e7likten meydana geli\u015fi konusunda sa\u00e7malamak kimsenin akl\u0131na gelmedi\u011fi zaman da onlar vard\u0131. Tanr\u0131, asl\u0131nda bir talebin, dile\u011fin nesnesidir; o, talep edildi\u011fi, i\u00e7ten arzu edildi\u011fi, istendi\u011fi i\u00e7in, tasarlanm\u0131\u015f, d\u00fc\u015f\u00fcn\u00fclm\u00fc\u015f, inan\u0131lm\u0131\u015f bir varl\u0131kt\u0131r. G\u00f6z\u00fcn \u00f6z\u00fcne denk d\u00fc\u015fen bir varl\u0131k olarak, \u0131\u015f\u0131\u011f\u0131n sadece g\u00f6z i\u00e7in gerekli bir nesne olmas\u0131 gibi, tanr\u0131 da sadece genel olarak bir talebin nesnesidir, \u00e7\u00fcnk\u00fc tanr\u0131lar\u0131n do\u011fas\u0131 insani dileklerin do\u011fas\u0131na denk d\u00fc\u015fer.\u201d Ludwig Feuerbach Daha \u00f6nce H\u0131ristiyanl\u0131\u011f\u0131n \u00d6z\u00fc ve Gelece\u011fin Felsefesi adl\u0131 kitaplar\u0131n\u0131 yay\u0131mlad\u0131\u011f\u0131m\u0131z L. Feuerbach\u2019a g\u00f6re teolojinin hakiki anlam\u0131 antropolojidir ve din, insan ruhunun r\u00fcyas\u0131d\u0131r. Ama biz r\u00fcyada da olsak hi\u00e7likte ya da g\u00f6ky\u00fcz\u00fcnde de\u011fil, yery\u00fcz\u00fcnde yani ger\u00e7eklik diyar\u0131nda bulunuruz. H\u0131ristiyanl\u0131\u011f\u0131n \u00d6z\u00fc\u2019nde bu d\u00fc\u015f\u00fcncenin temellerini atan Feuerbach, Tanr\u0131lar\u0131n Do\u011fu\u015fu\u2019nda ise klasik, \u0130brani ve H\u0131ristiyan antik\u00e7a\u011f metinlerine yo\u011fun referanslar yaparak bu d\u00fc\u015f\u00fcncesini \u00e7\u00f6z\u00fcmleme yoluna gidiyor. <\/p>\n","protected":false},"excerpt":{"rendered":"<p>\u201cTanr\u0131, men\u015fe ve \u00f6z itibariyle bir \u2018ak\u0131l nesnesi\u2019 de\u011fildir, onu bu hale, daha sonraki ku\u015faklar\u0131n ak\u0131ls\u0131zl\u0131\u011f\u0131 ya da akl\u0131 getirmi\u015ftir. O, spek\u00fclasyonun, felsefenin nesnesi ya da<span class=\"excerpt-hellip\"> [\u2026]<\/span><\/p>\n","protected":false},"featured_media":0,"template":"","meta":{"_monsterinsights_skip_tracking":false,"_monsterinsights_sitenote_active":false,"_monsterinsights_sitenote_note":"","_monsterinsights_sitenote_category":0},"product_brand":[],"product_cat":[12388,15309],"product_tag":[],"class_list":{"0":"post-700242","1":"product","2":"type-product","3":"status-publish","5":"product_cat-felsefe","6":"product_cat-felsefi-akimlar","7":"pa_cilt-ciltsiz","8":"pa_tur-kitap","9":"pa_yayinevi-omega","10":"pa_yazar-osho-bhagwan-shree-rajneesh","12":"first","13":"instock","14":"sale","15":"shipping-taxable","16":"purchasable","17":"product-type-simple"},"_links":{"self":[{"href":"https:\/\/roveyayinevi.com.tr\/index.php\/wp-json\/wp\/v2\/product\/700242","targetHints":{"allow":["GET"]}}],"collection":[{"href":"https:\/\/roveyayinevi.com.tr\/index.php\/wp-json\/wp\/v2\/product"}],"about":[{"href":"https:\/\/roveyayinevi.com.tr\/index.php\/wp-json\/wp\/v2\/types\/product"}],"wp:attachment":[{"href":"https:\/\/roveyayinevi.com.tr\/index.php\/wp-json\/wp\/v2\/media?parent=700242"}],"wp:term":[{"taxonomy":"product_brand","embeddable":true,"href":"https:\/\/roveyayinevi.com.tr\/index.php\/wp-json\/wp\/v2\/product_brand?post=700242"},{"taxonomy":"product_cat","embeddable":true,"href":"https:\/\/roveyayinevi.com.tr\/index.php\/wp-json\/wp\/v2\/product_cat?post=700242"},{"taxonomy":"product_tag","embeddable":true,"href":"https:\/\/roveyayinevi.com.tr\/index.php\/wp-json\/wp\/v2\/product_tag?post=700242"}],"curies":[{"name":"wp","href":"https:\/\/api.w.org\/{rel}","templated":true}]}}