{"id":700241,"date":"2025-08-27T14:57:40","date_gmt":"2025-08-27T11:57:40","guid":{"rendered":"https:\/\/roveyayinevi.com.tr\/index.php\/urun\/ilkogretimde-beden-egitimi-ve-uygulamalari\/"},"modified":"2026-04-16T02:09:34","modified_gmt":"2026-04-15T23:09:34","slug":"ilkogretimde-beden-egitimi-ve-uygulamalari","status":"publish","type":"product","link":"https:\/\/roveyayinevi.com.tr\/index.php\/urun\/ilkogretimde-beden-egitimi-ve-uygulamalari\/","title":{"rendered":"\u0130lk\u00f6\u011fretimde Beden E\u011fitimi ve Uygulamalar\u0131"},"content":{"rendered":"<p>\u00d6\u011fretmen yeti\u015ftiren kurumlarda Beden E\u011fitimi, Resim ve Yaz\u0131 \u00d6\u011fretimive \u0130\u015f E\u011fitimi derslerinin \u00f6nemli bir yeri vard\u0131r. \u00d6\u011frencilerin sa\u011fl\u0131kl\u0131 bir beden (v\u00fccut) i\u00e7in bilgilendirecek, hareketlerin nas\u0131l yap\u0131laca\u011f\u0131n\u0131 g\u00f6sterecek bir \u00f6\u011fretmen i\u00e7in beden e\u011fitimi dersi \u00f6\u011fretmenlik meslek bilgileri dersleri denli \u00f6nemlidir. Bu kitap Beden E\u011fitimi \u00d6\u011fretmen Adaylar\u0131, S\u0131n\u0131f \u00d6\u011fretmen Adaylar\u0131 ve \u00d6\u011fretmenleri i\u00e7in haz\u0131rlanm\u0131\u015f kulaktan dolma bilgiler yerine bilimsel bilgileri \u00f6ne \u00e7\u0131karm\u0131\u015f bir kaynak kitapt\u0131r. <\/p>\n","protected":false},"excerpt":{"rendered":"<p>\u00d6\u011fretmen yeti\u015ftiren kurumlarda Beden E\u011fitimi, Resim ve Yaz\u0131 \u00d6\u011fretimive \u0130\u015f E\u011fitimi derslerinin \u00f6nemli bir yeri vard\u0131r. \u00d6\u011frencilerin sa\u011fl\u0131kl\u0131 bir beden (v\u00fccut) i\u00e7in bilgilendirecek, hareketlerin nas\u0131l yap\u0131laca\u011f\u0131n\u0131<span class=\"excerpt-hellip\"> [\u2026]<\/span><\/p>\n","protected":false},"featured_media":0,"template":"","meta":{"_monsterinsights_skip_tracking":false,"_monsterinsights_sitenote_active":false,"_monsterinsights_sitenote_note":"","_monsterinsights_sitenote_category":0},"product_brand":[],"product_cat":[12312,12304],"product_tag":[],"class_list":{"0":"post-700241","1":"product","2":"type-product","3":"status-publish","5":"product_cat-diger","6":"product_cat-tarih","7":"pa_cilt-ciltsiz","8":"pa_tur-kitap","9":"pa_yayinevi-ani-yayincilik","10":"pa_yazar-ana-maria-gunsel","12":"first","13":"instock","14":"sale","15":"shipping-taxable","16":"purchasable","17":"product-type-simple"},"_links":{"self":[{"href":"https:\/\/roveyayinevi.com.tr\/index.php\/wp-json\/wp\/v2\/product\/700241","targetHints":{"allow":["GET"]}}],"collection":[{"href":"https:\/\/roveyayinevi.com.tr\/index.php\/wp-json\/wp\/v2\/product"}],"about":[{"href":"https:\/\/roveyayinevi.com.tr\/index.php\/wp-json\/wp\/v2\/types\/product"}],"wp:attachment":[{"href":"https:\/\/roveyayinevi.com.tr\/index.php\/wp-json\/wp\/v2\/media?parent=700241"}],"wp:term":[{"taxonomy":"product_brand","embeddable":true,"href":"https:\/\/roveyayinevi.com.tr\/index.php\/wp-json\/wp\/v2\/product_brand?post=700241"},{"taxonomy":"product_cat","embeddable":true,"href":"https:\/\/roveyayinevi.com.tr\/index.php\/wp-json\/wp\/v2\/product_cat?post=700241"},{"taxonomy":"product_tag","embeddable":true,"href":"https:\/\/roveyayinevi.com.tr\/index.php\/wp-json\/wp\/v2\/product_tag?post=700241"}],"curies":[{"name":"wp","href":"https:\/\/api.w.org\/{rel}","templated":true}]}}