{"id":700239,"date":"2025-08-27T14:57:39","date_gmt":"2025-08-27T11:57:39","guid":{"rendered":"https:\/\/roveyayinevi.com.tr\/index.php\/urun\/beyaz-yalan\/"},"modified":"2026-04-16T02:09:34","modified_gmt":"2026-04-15T23:09:34","slug":"beyaz-yalan","status":"publish","type":"product","link":"https:\/\/roveyayinevi.com.tr\/index.php\/urun\/beyaz-yalan\/","title":{"rendered":"Beyaz Yalan"},"content":{"rendered":"<p>Benim ad\u0131m Michael Salter ve \u00f6l\u00fcy\u00fcm; bildi\u011fim bir \u015fey varsa o da \u00f6l\u00fc oldu\u011fum. Bunun haricinde&#8230; Bunun haricinde kalanlarla ilgili yaln\u0131zca tahmin y\u00fcr\u00fctebilirim. Michael&#8217;\u0131n \u00f6ld\u00fc\u011f\u00fc g\u00fcn biri masum bir yalan s\u00f6yledi. A\u011f\u0131zdan a\u011f\u0131za dola\u015f\u0131rken b\u00fcy\u00fcd\u00fc o yalan ve sonunda ger\u00e7e\u011fin yerini ald\u0131. B\u00fcy\u00fck Salter ailesi ger\u00e7ekle y\u00fczle\u015fmek yerine onu yeniden yazd\u0131, inanmay\u0131 se\u00e7tikleri \u015feyin zamanla onlar\u0131 nas\u0131l d\u00f6n\u00fc\u015ft\u00fcrece\u011fini bilmeden. Y\u0131llar sonra, bu kez istemsizce hat\u0131rlanm\u0131\u015f &#8220;masum bir ger\u00e7ek&#8221; ak\u0131\u015f\u0131 tersine \u00e7eviriyor. A\u011f\u0131zdan a\u011f\u0131za dola\u015f\u0131rken b\u00fcy\u00fcyor o ger\u00e7ek ve geriye devasa bir su\u00e7luluk duygusu kal\u0131yor, t\u00fcm ailenin y\u00fczle\u015fmesi gereken. 2010 Orwell Kitap \u00d6d\u00fcl\u00fc sahibi Andrea Gillies, s\u0131rad\u0131\u015f\u0131 bir kurgu, derinlikli karakterler ve zarafet i\u00e7eren s\u00fcr\u00fckleyici roman\u0131yla bize ihti\u015faml\u0131 bir ailenin usul usul \u00e7\u00fcr\u00fcyen kalbini a\u00e7\u0131yor. &#8220;Gillies dokundu\u011fu her \u015feye b\u00fcy\u00fc kat\u0131yor.&#8221; Sunday Times &#8220;Kesinlikle sars\u0131c\u0131&#8230;Saflara b\u00fcy\u00fck bir yazar kat\u0131l\u0131yor.&#8221; Daily Express &#8220;Fazlas\u0131yla tesirli.&#8221; Guardian \ufffcTan\u0131t\u0131m Metni<\/p>\n","protected":false},"excerpt":{"rendered":"<p>Benim ad\u0131m Michael Salter ve \u00f6l\u00fcy\u00fcm; bildi\u011fim bir \u015fey varsa o da \u00f6l\u00fc oldu\u011fum. Bunun haricinde&#8230; Bunun haricinde kalanlarla ilgili yaln\u0131zca tahmin y\u00fcr\u00fctebilirim. Michael&#8217;\u0131n \u00f6ld\u00fc\u011f\u00fc g\u00fcn<span class=\"excerpt-hellip\"> [\u2026]<\/span><\/p>\n","protected":false},"featured_media":0,"template":"","meta":{"_monsterinsights_skip_tracking":false,"_monsterinsights_sitenote_active":false,"_monsterinsights_sitenote_note":"","_monsterinsights_sitenote_category":0},"product_brand":[],"product_cat":[12718,18102,12719],"product_tag":[],"class_list":{"0":"post-700239","1":"product","2":"type-product","3":"status-publish","5":"product_cat-din","6":"product_cat-edebiyat-roman","7":"product_cat-islam","8":"pa_cilt-ciltsiz","9":"pa_tur-kitap","10":"pa_yayinevi-domingo-yayinevi","11":"pa_yazar-andrea-gillies","13":"first","14":"instock","15":"sale","16":"shipping-taxable","17":"purchasable","18":"product-type-simple"},"_links":{"self":[{"href":"https:\/\/roveyayinevi.com.tr\/index.php\/wp-json\/wp\/v2\/product\/700239","targetHints":{"allow":["GET"]}}],"collection":[{"href":"https:\/\/roveyayinevi.com.tr\/index.php\/wp-json\/wp\/v2\/product"}],"about":[{"href":"https:\/\/roveyayinevi.com.tr\/index.php\/wp-json\/wp\/v2\/types\/product"}],"wp:attachment":[{"href":"https:\/\/roveyayinevi.com.tr\/index.php\/wp-json\/wp\/v2\/media?parent=700239"}],"wp:term":[{"taxonomy":"product_brand","embeddable":true,"href":"https:\/\/roveyayinevi.com.tr\/index.php\/wp-json\/wp\/v2\/product_brand?post=700239"},{"taxonomy":"product_cat","embeddable":true,"href":"https:\/\/roveyayinevi.com.tr\/index.php\/wp-json\/wp\/v2\/product_cat?post=700239"},{"taxonomy":"product_tag","embeddable":true,"href":"https:\/\/roveyayinevi.com.tr\/index.php\/wp-json\/wp\/v2\/product_tag?post=700239"}],"curies":[{"name":"wp","href":"https:\/\/api.w.org\/{rel}","templated":true}]}}