{"id":700236,"date":"2025-08-27T14:56:39","date_gmt":"2025-08-27T11:56:39","guid":{"rendered":"https:\/\/roveyayinevi.com.tr\/index.php\/urun\/ogretim-ilke-ve-yontemleri-4\/"},"modified":"2026-04-16T02:09:34","modified_gmt":"2026-04-15T23:09:34","slug":"ogretim-ilke-ve-yontemleri-4","status":"publish","type":"product","link":"https:\/\/roveyayinevi.com.tr\/index.php\/urun\/ogretim-ilke-ve-yontemleri-4\/","title":{"rendered":"\u00d6\u011fretim \u0130lke ve Y\u00f6ntemleri"},"content":{"rendered":"<p>\u00d6ncelikle e\u011fitim fak\u00fclteleri lisans programlar\u0131nda okuyan \u00f6\u011fretmen adaylar\u0131n\u0131n bu ihtiyac\u0131n\u0131 kar\u015f\u0131lamaya, sonra da meslekte \u00f6zveri ile \u00e7al\u0131\u015fan t\u00fcm \u00f6\u011fretmenlerimize \u00f6nemli bir kaynak olmaya y\u00f6nelik olan bu kitap, Y\u00d6K\u2019\u00fcn e\u011fitim fak\u00fclteleri i\u00e7in belirledi\u011fi ders ve i\u00e7erik tan\u0131m\u0131na uygun olarak haz\u0131rlanm\u0131\u015ft\u0131r. \ufffcTan\u0131t\u0131m Metni<\/p>\n","protected":false},"excerpt":{"rendered":"<p>\u00d6ncelikle e\u011fitim fak\u00fclteleri lisans programlar\u0131nda okuyan \u00f6\u011fretmen adaylar\u0131n\u0131n bu ihtiyac\u0131n\u0131 kar\u015f\u0131lamaya, sonra da meslekte \u00f6zveri ile \u00e7al\u0131\u015fan t\u00fcm \u00f6\u011fretmenlerimize \u00f6nemli bir kaynak olmaya y\u00f6nelik olan bu<span class=\"excerpt-hellip\"> [\u2026]<\/span><\/p>\n","protected":false},"featured_media":0,"template":"","meta":{"_monsterinsights_skip_tracking":false,"_monsterinsights_sitenote_active":false,"_monsterinsights_sitenote_note":"","_monsterinsights_sitenote_category":0},"product_brand":[],"product_cat":[12573,12566],"product_tag":[],"class_list":{"0":"post-700236","1":"product","2":"type-product","3":"status-publish","5":"product_cat-akademik-kitaplar","6":"product_cat-egitim","7":"pa_cilt-ciltsiz","8":"pa_tur-kitap","9":"pa_yayinevi-ani-yayincilik","10":"pa_yazar-veysel-sonmez","12":"first","13":"instock","14":"sale","15":"shipping-taxable","16":"purchasable","17":"product-type-simple"},"_links":{"self":[{"href":"https:\/\/roveyayinevi.com.tr\/index.php\/wp-json\/wp\/v2\/product\/700236","targetHints":{"allow":["GET"]}}],"collection":[{"href":"https:\/\/roveyayinevi.com.tr\/index.php\/wp-json\/wp\/v2\/product"}],"about":[{"href":"https:\/\/roveyayinevi.com.tr\/index.php\/wp-json\/wp\/v2\/types\/product"}],"wp:attachment":[{"href":"https:\/\/roveyayinevi.com.tr\/index.php\/wp-json\/wp\/v2\/media?parent=700236"}],"wp:term":[{"taxonomy":"product_brand","embeddable":true,"href":"https:\/\/roveyayinevi.com.tr\/index.php\/wp-json\/wp\/v2\/product_brand?post=700236"},{"taxonomy":"product_cat","embeddable":true,"href":"https:\/\/roveyayinevi.com.tr\/index.php\/wp-json\/wp\/v2\/product_cat?post=700236"},{"taxonomy":"product_tag","embeddable":true,"href":"https:\/\/roveyayinevi.com.tr\/index.php\/wp-json\/wp\/v2\/product_tag?post=700236"}],"curies":[{"name":"wp","href":"https:\/\/api.w.org\/{rel}","templated":true}]}}