{"id":700233,"date":"2025-08-27T14:56:38","date_gmt":"2025-08-27T11:56:38","guid":{"rendered":"https:\/\/roveyayinevi.com.tr\/index.php\/urun\/psikolojik-danisma-ve-rehberlik-2\/"},"modified":"2026-04-02T02:12:47","modified_gmt":"2026-04-01T23:12:47","slug":"psikolojik-danisma-ve-rehberlik-2","status":"publish","type":"product","link":"https:\/\/roveyayinevi.com.tr\/index.php\/urun\/psikolojik-danisma-ve-rehberlik-2\/","title":{"rendered":"Psikolojik Dan\u0131\u015fma ve Rehberlik"},"content":{"rendered":"<p>\u00d6\u011fretmenlik meslek bilgisi dersleri aras\u0131nda yer alan rehberlik dersi i\u00e7in haz\u0131rlanan kitap, \u00f6\u011fretmen adaylar\u0131na rehberlik yeterlilik kazand\u0131rmas\u0131n\u0131n yan\u0131nda, e\u011fitim kurumlar\u0131nda \u00e7al\u0131\u015fan \u00f6\u011fretmen ve \u00f6\u011frencilere de \u00f6nemli katk\u0131 sa\u011flayacak bir kaynak.Elinizdeki bu kitap e\u011fitim fak\u00fclterinde okutulan rehberlik dersi i\u00e7in dersin i\u00e7eri\u011fi de dikkate al\u0131narak ders kitab\u0131 olarak haz\u0131rlanm\u0131\u015ft\u0131r. Bu kitab\u0131n yazarlar\u0131 okullardaki psikolojik dan\u0131\u015fma ve rehberlik uygulamalar\u0131nda okul y\u00f6neticilerinin ve \u00f6\u011fretmenlerin aktif kat\u0131l\u0131m\u0131 ve deste\u011fi olmadan beklenen ba\u015far\u0131y\u0131 elde etmenin g\u00fc\u00e7 olaca\u011f\u0131na inanmaktad\u0131rlar. Ba\u015fka bir ifadeyle bir psikolojik yard\u0131m hizmeti olan, \u00e7ocuklar\u0131m\u0131z\u0131n ruh sa\u011fl\u0131\u011f\u0131n\u0131 korumay\u0131 geli\u015ftirmeyi ama\u00e7layan psikolojik dan\u0131\u015fma ve rehberlik hizmetlerinin, \u00f6\u011fretmenlerin kat\u0131l\u0131m ve katk\u0131s\u0131 olmadan kendisinden beklenen i\u015flevleri yerine getirmesi g\u00fc\u00e7t\u00fcr. Okul y\u00f6neticilerinin ve \u00f6\u011fretmenlerin psikolojik dan\u0131\u015fma ve rehberlik anlay\u0131\u015f\u0131na sahip olmalar\u0131 ile m\u00fcmk\u00fcnd\u00fcr. Bu anlay\u0131\u015f\u0131n y\u00f6netici ve \u00f6\u011fretmenlere hizmet \u00f6ncesi rehberlik anlay\u0131\u015f\u0131n\u0131 kazand\u0131rma, onlar\u0131 okul psikolojik dan\u0131\u015fma ve rehberlik \u00e7al\u0131\u015fmalar\u0131na aktif bir \u015fekilde kat\u0131lmalar\u0131 i\u00e7in y\u00fcreklendirme, rehberlik \u00e7al\u0131\u015fmalar\u0131nda kendilerinden beklenen i\u015flevlerin fark\u0131na varmalar\u0131n\u0131 sa\u011flama ve baz\u0131 uygulama becerilerini kazanmalar\u0131n\u0131 sa\u011flama, yard\u0131mc\u0131 olma iste\u011finin bir \u00fcr\u00fcn\u00fc olarak ortaya \u00e7\u0131km\u0131\u015ft\u0131r. Bu kitab\u0131n \u00f6\u011fretmen adaylar\u0131 ve \u00f6\u011fretmenlerimize yukar\u0131da belirti\u011fimiz nedenlerden dolay\u0131 bir kaynak olmas\u0131 ama\u00e7lanm\u0131\u015ft\u0131r. \ufffcTan\u0131t\u0131m Metni<\/p>\n","protected":false},"excerpt":{"rendered":"<p>\u00d6\u011fretmenlik meslek bilgisi dersleri aras\u0131nda yer alan rehberlik dersi i\u00e7in haz\u0131rlanan kitap, \u00f6\u011fretmen adaylar\u0131na rehberlik yeterlilik kazand\u0131rmas\u0131n\u0131n yan\u0131nda, e\u011fitim kurumlar\u0131nda \u00e7al\u0131\u015fan \u00f6\u011fretmen ve \u00f6\u011frencilere de \u00f6nemli<span class=\"excerpt-hellip\"> [\u2026]<\/span><\/p>\n","protected":false},"featured_media":0,"template":"","meta":{"_monsterinsights_skip_tracking":false,"_monsterinsights_sitenote_active":false,"_monsterinsights_sitenote_note":"","_monsterinsights_sitenote_category":0},"product_brand":[],"product_cat":[12358,12357],"product_tag":[],"class_list":{"0":"post-700233","1":"product","2":"type-product","3":"status-publish","5":"product_cat-genel-psikoloji","6":"product_cat-psikoloji","7":"pa_cilt-ciltsiz","8":"pa_tur-kitap","9":"pa_yayinevi-ani-yayincilik","10":"pa_yazar-mehmet-guven","12":"first","13":"instock","14":"sale","15":"shipping-taxable","16":"purchasable","17":"product-type-simple"},"_links":{"self":[{"href":"https:\/\/roveyayinevi.com.tr\/index.php\/wp-json\/wp\/v2\/product\/700233","targetHints":{"allow":["GET"]}}],"collection":[{"href":"https:\/\/roveyayinevi.com.tr\/index.php\/wp-json\/wp\/v2\/product"}],"about":[{"href":"https:\/\/roveyayinevi.com.tr\/index.php\/wp-json\/wp\/v2\/types\/product"}],"wp:attachment":[{"href":"https:\/\/roveyayinevi.com.tr\/index.php\/wp-json\/wp\/v2\/media?parent=700233"}],"wp:term":[{"taxonomy":"product_brand","embeddable":true,"href":"https:\/\/roveyayinevi.com.tr\/index.php\/wp-json\/wp\/v2\/product_brand?post=700233"},{"taxonomy":"product_cat","embeddable":true,"href":"https:\/\/roveyayinevi.com.tr\/index.php\/wp-json\/wp\/v2\/product_cat?post=700233"},{"taxonomy":"product_tag","embeddable":true,"href":"https:\/\/roveyayinevi.com.tr\/index.php\/wp-json\/wp\/v2\/product_tag?post=700233"}],"curies":[{"name":"wp","href":"https:\/\/api.w.org\/{rel}","templated":true}]}}