{"id":700232,"date":"2025-08-27T14:56:38","date_gmt":"2025-08-27T11:56:38","guid":{"rendered":"https:\/\/roveyayinevi.com.tr\/index.php\/urun\/leyla-ile-mecnun-5\/"},"modified":"2025-11-22T03:11:22","modified_gmt":"2025-11-22T00:11:22","slug":"leyla-ile-mecnun-5","status":"publish","type":"product","link":"https:\/\/roveyayinevi.com.tr\/index.php\/urun\/leyla-ile-mecnun-5\/","title":{"rendered":"Leyla ile Mecnun"},"content":{"rendered":"<p>\u201cOlgunla\u015fmay\u0131 ba\u015farabilmi\u015f insanlar bilir kia\u015fk ve g\u00fczellik ikiz karde\u015ftirler. A\u015fk d\u00fcnyan\u0131n b\u00fct\u00fcn ger\u00e7eklerini g\u00f6steren bir ayna, g\u00fczellikse onun cilas\u0131d\u0131r.Ne g\u00fczellik olmadan a\u015fk ortaya \u00e7\u0131kar ne de a\u015fk olmasag\u00fczellik kendini g\u00f6sterir. A\u015fka d\u00fc\u015fenleri sevgilileri olgunla\u015ft\u0131r\u0131r. A\u015fk olmazsa g\u00fczelli\u011fin al\u0131c\u0131s\u0131 \u00e7\u0131kmaz Leyl\u00e2 ile Mecnun da b\u00f6yle bir a\u015fk ve g\u00fczellik bulu\u015fmas\u0131yd\u0131.Mecnun, g\u00f6r\u00fcn\u00fc\u015f\u00fcyle ruhu din\u00e7le\u015ftiren bir kadehti, Leyl\u00e2 ise onun i\u00e7indeki \u015farap. Mecnun\u2019un olgunlu\u011fu Leyl\u00e2 ile geli\u015fti, a\u015fk\u0131 Leyl\u00e2 ile artt\u0131. Leyl\u00e2\u2019y\u0131 g\u00fczelle\u015ftiren de Mecnun\u2019un a\u015fk\u0131yd\u0131.G\u00fczelli\u011fe olan ilgisi a\u015fktand\u0131.\u201d Ge\u00e7mi\u015fin d\u00fc\u015fleri, k\u00fclt\u00fcr\u00fcm\u00fcz\u00fcn zenginli\u011fi halk hik\u00e2yeleri edebiyat\u0131m\u0131z\u0131n usta kalemleri taraf\u0131ndan \u00e7a\u011fda\u015f bir yorum ve dille yeniden anlat\u0131l\u0131yor. <\/p>\n","protected":false},"excerpt":{"rendered":"<p>\u201cOlgunla\u015fmay\u0131 ba\u015farabilmi\u015f insanlar bilir kia\u015fk ve g\u00fczellik ikiz karde\u015ftirler. A\u015fk d\u00fcnyan\u0131n b\u00fct\u00fcn ger\u00e7eklerini g\u00f6steren bir ayna, g\u00fczellikse onun cilas\u0131d\u0131r.Ne g\u00fczellik olmadan a\u015fk ortaya \u00e7\u0131kar ne de<span class=\"excerpt-hellip\"> [\u2026]<\/span><\/p>\n","protected":false},"featured_media":0,"template":"","meta":{"_monsterinsights_skip_tracking":false,"_monsterinsights_sitenote_active":false,"_monsterinsights_sitenote_note":"","_monsterinsights_sitenote_category":0},"product_brand":[],"product_cat":[12291,12711],"product_tag":[],"class_list":{"0":"post-700232","1":"product","2":"type-product","3":"status-publish","5":"product_cat-edebiyat","6":"product_cat-roman-oyku","7":"pa_tur-kitap","8":"pa_yayinevi-dogan-egmont-yayincilik","9":"pa_yazar-turgay-fisekci","11":"first","12":"instock","13":"sale","14":"shipping-taxable","15":"purchasable","16":"product-type-simple"},"_links":{"self":[{"href":"https:\/\/roveyayinevi.com.tr\/index.php\/wp-json\/wp\/v2\/product\/700232","targetHints":{"allow":["GET"]}}],"collection":[{"href":"https:\/\/roveyayinevi.com.tr\/index.php\/wp-json\/wp\/v2\/product"}],"about":[{"href":"https:\/\/roveyayinevi.com.tr\/index.php\/wp-json\/wp\/v2\/types\/product"}],"wp:attachment":[{"href":"https:\/\/roveyayinevi.com.tr\/index.php\/wp-json\/wp\/v2\/media?parent=700232"}],"wp:term":[{"taxonomy":"product_brand","embeddable":true,"href":"https:\/\/roveyayinevi.com.tr\/index.php\/wp-json\/wp\/v2\/product_brand?post=700232"},{"taxonomy":"product_cat","embeddable":true,"href":"https:\/\/roveyayinevi.com.tr\/index.php\/wp-json\/wp\/v2\/product_cat?post=700232"},{"taxonomy":"product_tag","embeddable":true,"href":"https:\/\/roveyayinevi.com.tr\/index.php\/wp-json\/wp\/v2\/product_tag?post=700232"}],"curies":[{"name":"wp","href":"https:\/\/api.w.org\/{rel}","templated":true}]}}